{"id":16967,"date":"2026-04-16T11:23:32","date_gmt":"2026-04-16T11:23:32","guid":{"rendered":"https:\/\/tcrk-dz.com\/eCatalog\/?post_type=product&#038;p=16967"},"modified":"2026-04-16T11:23:32","modified_gmt":"2026-04-16T11:23:32","slug":"camera-dahua-ip-bullet-6mpx-fix-2-8mm-wizsens-smart-dual-light","status":"publish","type":"product","link":"https:\/\/tcrk-dz.com\/eCatalog\/produit\/camera-dahua-ip-bullet-6mpx-fix-2-8mm-wizsens-smart-dual-light\/","title":{"rendered":"Camera Dahua IP Bullet 6Mpx Fix 2.8mm WizSens Smart Dual Light"},"content":{"rendered":"<ul>\n<li class=\"text\" data-gtm-vis-recent-on-screen10552706_181=\"7021\" data-gtm-vis-first-on-screen10552706_181=\"7021\" data-gtm-vis-total-visible-time10552706_181=\"100\" data-gtm-vis-has-fired10552706_181=\"1\" data-gtm-vis-first-on-screen10552706_192=\"7085\" data-gtm-vis-first-on-screen10552706_193=\"7093\" data-gtm-vis-first-on-screen10552706_194=\"7102\" data-gtm-vis-recent-on-screen10552706_195=\"7107\" data-gtm-vis-first-on-screen10552706_195=\"7107\" data-gtm-vis-total-visible-time10552706_195=\"100\" data-gtm-vis-has-fired10552706_195=\"1\" data-gtm-vis-first-on-screen10552706_196=\"7112\" data-gtm-vis-first-on-screen10552706_184=\"7117\" data-gtm-vis-first-on-screen10552706_217=\"7126\"><span dir=\"auto\">Cam\u00e9ra r\u00e9seau WizSense Bullet \u00e0 focale fixe et double \u00e9clairage intelligent de 6 MP<\/span><\/li>\n<li class=\"text\" data-gtm-vis-recent-on-screen10552706_181=\"7021\" data-gtm-vis-first-on-screen10552706_181=\"7021\" data-gtm-vis-total-visible-time10552706_181=\"100\" data-gtm-vis-has-fired10552706_181=\"1\" data-gtm-vis-first-on-screen10552706_192=\"7085\" data-gtm-vis-first-on-screen10552706_193=\"7093\" data-gtm-vis-first-on-screen10552706_194=\"7102\" data-gtm-vis-recent-on-screen10552706_195=\"7107\" data-gtm-vis-first-on-screen10552706_195=\"7107\" data-gtm-vis-total-visible-time10552706_195=\"100\" data-gtm-vis-has-fired10552706_195=\"1\" data-gtm-vis-first-on-screen10552706_196=\"7112\" data-gtm-vis-first-on-screen10552706_184=\"7117\" data-gtm-vis-first-on-screen10552706_217=\"7126\">Capteur d&rsquo;image CMOS 1\/2,7&Prime;, faible luminance et image haute d\u00e9finition.<\/li>\n<li class=\"text\" data-gtm-vis-recent-on-screen10552706_181=\"7021\" data-gtm-vis-first-on-screen10552706_181=\"7021\" data-gtm-vis-total-visible-time10552706_181=\"100\" data-gtm-vis-has-fired10552706_181=\"1\" data-gtm-vis-first-on-screen10552706_192=\"7085\" data-gtm-vis-first-on-screen10552706_193=\"7093\" data-gtm-vis-first-on-screen10552706_194=\"7102\" data-gtm-vis-recent-on-screen10552706_195=\"7107\" data-gtm-vis-first-on-screen10552706_195=\"7107\" data-gtm-vis-total-visible-time10552706_195=\"100\" data-gtm-vis-has-fired10552706_195=\"1\" data-gtm-vis-first-on-screen10552706_196=\"7112\" data-gtm-vis-first-on-screen10552706_184=\"7117\" data-gtm-vis-first-on-screen10552706_217=\"7126\">Sortie vid\u00e9o max. 6 MP (3288 \u00d7 1850) \u00e0 20 ips, et prise en charge de 2688 \u00d7 1520 \u00e0 25\/30 ips.<\/li>\n<li class=\"text\" data-gtm-vis-recent-on-screen10552706_181=\"7021\" data-gtm-vis-first-on-screen10552706_181=\"7021\" data-gtm-vis-total-visible-time10552706_181=\"100\" data-gtm-vis-has-fired10552706_181=\"1\" data-gtm-vis-first-on-screen10552706_192=\"7085\" data-gtm-vis-first-on-screen10552706_193=\"7093\" data-gtm-vis-first-on-screen10552706_194=\"7102\" data-gtm-vis-recent-on-screen10552706_195=\"7107\" data-gtm-vis-first-on-screen10552706_195=\"7107\" data-gtm-vis-total-visible-time10552706_195=\"100\" data-gtm-vis-has-fired10552706_195=\"1\" data-gtm-vis-first-on-screen10552706_196=\"7112\" data-gtm-vis-first-on-screen10552706_184=\"7117\" data-gtm-vis-first-on-screen10552706_217=\"7126\">Codec H.265, taux de compression \u00e9lev\u00e9, d\u00e9bit binaire ultra-faible.<\/li>\n<li class=\"text\" data-gtm-vis-recent-on-screen10552706_181=\"7021\" data-gtm-vis-first-on-screen10552706_181=\"7021\" data-gtm-vis-total-visible-time10552706_181=\"100\" data-gtm-vis-has-fired10552706_181=\"1\" data-gtm-vis-first-on-screen10552706_192=\"7085\" data-gtm-vis-first-on-screen10552706_193=\"7093\" data-gtm-vis-first-on-screen10552706_194=\"7102\" data-gtm-vis-recent-on-screen10552706_195=\"7107\" data-gtm-vis-first-on-screen10552706_195=\"7107\" data-gtm-vis-total-visible-time10552706_195=\"100\" data-gtm-vis-has-fired10552706_195=\"1\" data-gtm-vis-first-on-screen10552706_196=\"7112\" data-gtm-vis-first-on-screen10552706_184=\"7117\" data-gtm-vis-first-on-screen10552706_217=\"7126\">LED infrarouge et lumi\u00e8re chaude int\u00e9gr\u00e9es, port\u00e9e max. 30 m pour les deux.<\/li>\n<li class=\"text\" data-gtm-vis-recent-on-screen10552706_181=\"7021\" data-gtm-vis-first-on-screen10552706_181=\"7021\" data-gtm-vis-total-visible-time10552706_181=\"100\" data-gtm-vis-has-fired10552706_181=\"1\" data-gtm-vis-first-on-screen10552706_192=\"7085\" data-gtm-vis-first-on-screen10552706_193=\"7093\" data-gtm-vis-first-on-screen10552706_194=\"7102\" data-gtm-vis-recent-on-screen10552706_195=\"7107\" data-gtm-vis-first-on-screen10552706_195=\"7107\" data-gtm-vis-total-visible-time10552706_195=\"100\" data-gtm-vis-has-fired10552706_195=\"1\" data-gtm-vis-first-on-screen10552706_196=\"7112\" data-gtm-vis-first-on-screen10552706_184=\"7117\" data-gtm-vis-first-on-screen10552706_217=\"7126\">ROI, SMART H.264+\/H.265+, codage flexible, compatible avec diff\u00e9rents environnements de bande passante et de stockage.<\/li>\n<li class=\"text\" data-gtm-vis-recent-on-screen10552706_181=\"7021\" data-gtm-vis-first-on-screen10552706_181=\"7021\" data-gtm-vis-total-visible-time10552706_181=\"100\" data-gtm-vis-has-fired10552706_181=\"1\" data-gtm-vis-first-on-screen10552706_192=\"7085\" data-gtm-vis-first-on-screen10552706_193=\"7093\" data-gtm-vis-first-on-screen10552706_194=\"7102\" data-gtm-vis-recent-on-screen10552706_195=\"7107\" data-gtm-vis-first-on-screen10552706_195=\"7107\" data-gtm-vis-total-visible-time10552706_195=\"100\" data-gtm-vis-has-fired10552706_195=\"1\" data-gtm-vis-first-on-screen10552706_196=\"7112\" data-gtm-vis-first-on-screen10552706_184=\"7117\" data-gtm-vis-first-on-screen10552706_217=\"7126\">Mode rotation, WDR, r\u00e9duction du bruit 3D, HLC, BLC, tatouage num\u00e9rique, adapt\u00e9 \u00e0 diverses sc\u00e8nes de surveillance.<\/li>\n<li class=\"text\" data-gtm-vis-recent-on-screen10552706_181=\"7021\" data-gtm-vis-first-on-screen10552706_181=\"7021\" data-gtm-vis-total-visible-time10552706_181=\"100\" data-gtm-vis-has-fired10552706_181=\"1\" data-gtm-vis-first-on-screen10552706_192=\"7085\" data-gtm-vis-first-on-screen10552706_193=\"7093\" data-gtm-vis-first-on-screen10552706_194=\"7102\" data-gtm-vis-recent-on-screen10552706_195=\"7107\" data-gtm-vis-first-on-screen10552706_195=\"7107\" data-gtm-vis-total-visible-time10552706_195=\"100\" data-gtm-vis-has-fired10552706_195=\"1\" data-gtm-vis-first-on-screen10552706_196=\"7112\" data-gtm-vis-first-on-screen10552706_184=\"7117\" data-gtm-vis-first-on-screen10552706_217=\"7126\">Surveillance intelligente : intrusion, franchissement de ligne (ces deux fonctions permettent la classification et la d\u00e9tection pr\u00e9cise des v\u00e9hicules et des personnes).<\/li>\n<li class=\"text\" data-gtm-vis-recent-on-screen10552706_181=\"7021\" data-gtm-vis-first-on-screen10552706_181=\"7021\" data-gtm-vis-total-visible-time10552706_181=\"100\" data-gtm-vis-has-fired10552706_181=\"1\" data-gtm-vis-first-on-screen10552706_192=\"7085\" data-gtm-vis-first-on-screen10552706_193=\"7093\" data-gtm-vis-first-on-screen10552706_194=\"7102\" data-gtm-vis-recent-on-screen10552706_195=\"7107\" data-gtm-vis-first-on-screen10552706_195=\"7107\" data-gtm-vis-total-visible-time10552706_195=\"100\" data-gtm-vis-has-fired10552706_195=\"1\" data-gtm-vis-first-on-screen10552706_196=\"7112\" data-gtm-vis-first-on-screen10552706_184=\"7117\" data-gtm-vis-first-on-screen10552706_217=\"7126\">D\u00e9tection d&rsquo;anomalies : d\u00e9tection de mouvement, de sabotage vid\u00e9o, de bruit. Carte SD, carte SD pleine, erreur de carte SD, d\u00e9connexion r\u00e9seau, conflit d&rsquo;adresse IP, acc\u00e8s ill\u00e9gal et d\u00e9tection de tension.<\/li>\n<li class=\"text\" data-gtm-vis-recent-on-screen10552706_181=\"7021\" data-gtm-vis-first-on-screen10552706_181=\"7021\" data-gtm-vis-total-visible-time10552706_181=\"100\" data-gtm-vis-has-fired10552706_181=\"1\" data-gtm-vis-first-on-screen10552706_192=\"7085\" data-gtm-vis-first-on-screen10552706_193=\"7093\" data-gtm-vis-first-on-screen10552706_194=\"7102\" data-gtm-vis-recent-on-screen10552706_195=\"7107\" data-gtm-vis-first-on-screen10552706_195=\"7107\" data-gtm-vis-total-visible-time10552706_195=\"100\" data-gtm-vis-has-fired10552706_195=\"1\" data-gtm-vis-first-on-screen10552706_196=\"7112\" data-gtm-vis-first-on-screen10552706_184=\"7117\" data-gtm-vis-first-on-screen10552706_217=\"7126\">Prend en charge les cartes microSD jusqu&rsquo;\u00e0 256 Go ; microphone int\u00e9gr\u00e9.<\/li>\n<li class=\"text\" data-gtm-vis-recent-on-screen10552706_181=\"7021\" data-gtm-vis-first-on-screen10552706_181=\"7021\" data-gtm-vis-total-visible-time10552706_181=\"100\" data-gtm-vis-has-fired10552706_181=\"1\" data-gtm-vis-first-on-screen10552706_192=\"7085\" data-gtm-vis-first-on-screen10552706_193=\"7093\" data-gtm-vis-first-on-screen10552706_194=\"7102\" data-gtm-vis-recent-on-screen10552706_195=\"7107\" data-gtm-vis-first-on-screen10552706_195=\"7107\" data-gtm-vis-total-visible-time10552706_195=\"100\" data-gtm-vis-has-fired10552706_195=\"1\" data-gtm-vis-first-on-screen10552706_196=\"7112\" data-gtm-vis-first-on-screen10552706_184=\"7117\" data-gtm-vis-first-on-screen10552706_217=\"7126\">Alimentation 12 V CC\/PoE, installation facile.<\/li>\n<li class=\"text\" data-gtm-vis-recent-on-screen10552706_181=\"7021\" data-gtm-vis-first-on-screen10552706_181=\"7021\" data-gtm-vis-total-visible-time10552706_181=\"100\" data-gtm-vis-has-fired10552706_181=\"1\" data-gtm-vis-first-on-screen10552706_192=\"7085\" data-gtm-vis-first-on-screen10552706_193=\"7093\" data-gtm-vis-first-on-screen10552706_194=\"7102\" data-gtm-vis-recent-on-screen10552706_195=\"7107\" data-gtm-vis-first-on-screen10552706_195=\"7107\" data-gtm-vis-total-visible-time10552706_195=\"100\" data-gtm-vis-has-fired10552706_195=\"1\" data-gtm-vis-first-on-screen10552706_196=\"7112\" data-gtm-vis-first-on-screen10552706_184=\"7117\" data-gtm-vis-first-on-screen10552706_217=\"7126\">Protection IP67.<\/li>\n<li class=\"text\" data-gtm-vis-recent-on-screen10552706_181=\"7021\" data-gtm-vis-first-on-screen10552706_181=\"7021\" data-gtm-vis-total-visible-time10552706_181=\"100\" data-gtm-vis-has-fired10552706_181=\"1\" data-gtm-vis-first-on-screen10552706_192=\"7085\" data-gtm-vis-first-on-screen10552706_193=\"7093\" data-gtm-vis-first-on-screen10552706_194=\"7102\" data-gtm-vis-recent-on-screen10552706_195=\"7107\" data-gtm-vis-first-on-screen10552706_195=\"7107\" data-gtm-vis-total-visible-time10552706_195=\"100\" data-gtm-vis-has-fired10552706_195=\"1\" data-gtm-vis-first-on-screen10552706_196=\"7112\" data-gtm-vis-first-on-screen10552706_184=\"7117\" data-gtm-vis-first-on-screen10552706_217=\"7126\">SMD Plus.<\/li>\n<\/ul>\n","protected":false},"excerpt":{"rendered":"<p>Cam\u00e9ra r\u00e9seau WizSense Bullet \u00e0 focale fixe et double \u00e9clairage intelligent de 6 MP Capteur d&rsquo;image CMOS 1\/2,7&Prime;, faible luminance<\/p>\n","protected":false},"featured_media":16969,"comment_status":"open","ping_status":"closed","template":"","meta":{"inline_featured_image":false},"product_brand":[76],"product_cat":[208],"product_tag":[],"class_list":{"0":"post-16967","1":"product","2":"type-product","3":"status-publish","4":"has-post-thumbnail","6":"product_brand-dahua","7":"product_cat-camera","8":"pa_brand-dahua","9":"pa_model-bullet","10":"pa_series-wizsense","11":"pa_technology-ip","13":"first","14":"instock","15":"shipping-taxable","16":"product-type-simple"},"_links":{"self":[{"href":"https:\/\/tcrk-dz.com\/eCatalog\/wp-json\/wp\/v2\/product\/16967","targetHints":{"allow":["GET"]}}],"collection":[{"href":"https:\/\/tcrk-dz.com\/eCatalog\/wp-json\/wp\/v2\/product"}],"about":[{"href":"https:\/\/tcrk-dz.com\/eCatalog\/wp-json\/wp\/v2\/types\/product"}],"replies":[{"embeddable":true,"href":"https:\/\/tcrk-dz.com\/eCatalog\/wp-json\/wp\/v2\/comments?post=16967"}],"version-history":[{"count":2,"href":"https:\/\/tcrk-dz.com\/eCatalog\/wp-json\/wp\/v2\/product\/16967\/revisions"}],"predecessor-version":[{"id":16972,"href":"https:\/\/tcrk-dz.com\/eCatalog\/wp-json\/wp\/v2\/product\/16967\/revisions\/16972"}],"wp:featuredmedia":[{"embeddable":true,"href":"https:\/\/tcrk-dz.com\/eCatalog\/wp-json\/wp\/v2\/media\/16969"}],"wp:attachment":[{"href":"https:\/\/tcrk-dz.com\/eCatalog\/wp-json\/wp\/v2\/media?parent=16967"}],"wp:term":[{"taxonomy":"product_brand","embeddable":true,"href":"https:\/\/tcrk-dz.com\/eCatalog\/wp-json\/wp\/v2\/product_brand?post=16967"},{"taxonomy":"product_cat","embeddable":true,"href":"https:\/\/tcrk-dz.com\/eCatalog\/wp-json\/wp\/v2\/product_cat?post=16967"},{"taxonomy":"product_tag","embeddable":true,"href":"https:\/\/tcrk-dz.com\/eCatalog\/wp-json\/wp\/v2\/product_tag?post=16967"}],"curies":[{"name":"wp","href":"https:\/\/api.w.org\/{rel}","templated":true}]}}