{"id":16960,"date":"2026-04-16T11:10:38","date_gmt":"2026-04-16T11:10:38","guid":{"rendered":"https:\/\/tcrk-dz.com\/eCatalog\/?post_type=product&#038;p=16960"},"modified":"2026-04-16T11:10:38","modified_gmt":"2026-04-16T11:10:38","slug":"camera-dahua-ip-bullet-5mpx-objectif-motorise","status":"publish","type":"product","link":"https:\/\/tcrk-dz.com\/eCatalog\/produit\/camera-dahua-ip-bullet-5mpx-objectif-motorise\/","title":{"rendered":"Camera Dahua IP Bullet 5Mpx Objectif Motorise"},"content":{"rendered":"<ul>\n<li class=\"text\" data-gtm-vis-recent-on-screen10552706_181=\"835\" data-gtm-vis-first-on-screen10552706_181=\"835\" data-gtm-vis-total-visible-time10552706_181=\"100\" data-gtm-vis-has-fired10552706_181=\"1\" data-gtm-vis-first-on-screen10552706_184=\"954\" data-gtm-vis-first-on-screen10552706_192=\"1017\" data-gtm-vis-first-on-screen10552706_193=\"1047\" data-gtm-vis-first-on-screen10552706_194=\"1080\" data-gtm-vis-recent-on-screen10552706_195=\"1107\" data-gtm-vis-first-on-screen10552706_195=\"1107\" data-gtm-vis-total-visible-time10552706_195=\"100\" data-gtm-vis-has-fired10552706_195=\"1\" data-gtm-vis-first-on-screen10552706_196=\"1110\" data-gtm-vis-first-on-screen10552706_217=\"1143\" data-gtm-vis-recent-on-screen10552706_193=\"40711\" data-gtm-vis-total-visible-time10552706_193=\"100\" data-gtm-vis-has-fired10552706_193=\"1\" data-gtm-vis-recent-on-screen10552706_192=\"40717\" data-gtm-vis-total-visible-time10552706_192=\"100\" data-gtm-vis-has-fired10552706_192=\"1\" data-gtm-vis-recent-on-screen10552706_196=\"40719\" data-gtm-vis-total-visible-time10552706_196=\"100\" data-gtm-vis-has-fired10552706_196=\"1\" data-gtm-vis-recent-on-screen10552706_194=\"40721\" data-gtm-vis-total-visible-time10552706_194=\"100\" data-gtm-vis-has-fired10552706_194=\"1\" data-gtm-vis-recent-on-screen10552706_217=\"40725\" data-gtm-vis-total-visible-time10552706_217=\"100\" data-gtm-vis-has-fired10552706_217=\"1\" data-gtm-vis-recent-on-screen10552706_184=\"40727\" data-gtm-vis-total-visible-time10552706_184=\"100\" data-gtm-vis-has-fired10552706_184=\"1\"><span dir=\"auto\">Cam\u00e9ra r\u00e9seau WizSense Bullet \u00e0 focale variable infrarouge 5 MP<\/span><\/li>\n<li class=\"text\" data-gtm-vis-recent-on-screen10552706_181=\"835\" data-gtm-vis-first-on-screen10552706_181=\"835\" data-gtm-vis-total-visible-time10552706_181=\"100\" data-gtm-vis-has-fired10552706_181=\"1\" data-gtm-vis-first-on-screen10552706_184=\"954\" data-gtm-vis-first-on-screen10552706_192=\"1017\" data-gtm-vis-first-on-screen10552706_193=\"1047\" data-gtm-vis-first-on-screen10552706_194=\"1080\" data-gtm-vis-recent-on-screen10552706_195=\"1107\" data-gtm-vis-first-on-screen10552706_195=\"1107\" data-gtm-vis-total-visible-time10552706_195=\"100\" data-gtm-vis-has-fired10552706_195=\"1\" data-gtm-vis-first-on-screen10552706_196=\"1110\" data-gtm-vis-first-on-screen10552706_217=\"1143\" data-gtm-vis-recent-on-screen10552706_193=\"40711\" data-gtm-vis-total-visible-time10552706_193=\"100\" data-gtm-vis-has-fired10552706_193=\"1\" data-gtm-vis-recent-on-screen10552706_192=\"40717\" data-gtm-vis-total-visible-time10552706_192=\"100\" data-gtm-vis-has-fired10552706_192=\"1\" data-gtm-vis-recent-on-screen10552706_196=\"40719\" data-gtm-vis-total-visible-time10552706_196=\"100\" data-gtm-vis-has-fired10552706_196=\"1\" data-gtm-vis-recent-on-screen10552706_194=\"40721\" data-gtm-vis-total-visible-time10552706_194=\"100\" data-gtm-vis-has-fired10552706_194=\"1\" data-gtm-vis-recent-on-screen10552706_217=\"40725\" data-gtm-vis-total-visible-time10552706_217=\"100\" data-gtm-vis-has-fired10552706_217=\"1\" data-gtm-vis-recent-on-screen10552706_184=\"40727\" data-gtm-vis-total-visible-time10552706_184=\"100\" data-gtm-vis-has-fired10552706_184=\"1\">Les param\u00e8tres et les fiches techniques ci-dessous ne peuvent \u00eatre appliqu\u00e9s qu&rsquo;\u00e0 la s\u00e9rie 2541-S2.<\/li>\n<li class=\"text\" data-gtm-vis-recent-on-screen10552706_181=\"835\" data-gtm-vis-first-on-screen10552706_181=\"835\" data-gtm-vis-total-visible-time10552706_181=\"100\" data-gtm-vis-has-fired10552706_181=\"1\" data-gtm-vis-first-on-screen10552706_184=\"954\" data-gtm-vis-first-on-screen10552706_192=\"1017\" data-gtm-vis-first-on-screen10552706_193=\"1047\" data-gtm-vis-first-on-screen10552706_194=\"1080\" data-gtm-vis-recent-on-screen10552706_195=\"1107\" data-gtm-vis-first-on-screen10552706_195=\"1107\" data-gtm-vis-total-visible-time10552706_195=\"100\" data-gtm-vis-has-fired10552706_195=\"1\" data-gtm-vis-first-on-screen10552706_196=\"1110\" data-gtm-vis-first-on-screen10552706_217=\"1143\" data-gtm-vis-recent-on-screen10552706_193=\"40711\" data-gtm-vis-total-visible-time10552706_193=\"100\" data-gtm-vis-has-fired10552706_193=\"1\" data-gtm-vis-recent-on-screen10552706_192=\"40717\" data-gtm-vis-total-visible-time10552706_192=\"100\" data-gtm-vis-has-fired10552706_192=\"1\" data-gtm-vis-recent-on-screen10552706_196=\"40719\" data-gtm-vis-total-visible-time10552706_196=\"100\" data-gtm-vis-has-fired10552706_196=\"1\" data-gtm-vis-recent-on-screen10552706_194=\"40721\" data-gtm-vis-total-visible-time10552706_194=\"100\" data-gtm-vis-has-fired10552706_194=\"1\" data-gtm-vis-recent-on-screen10552706_217=\"40725\" data-gtm-vis-total-visible-time10552706_217=\"100\" data-gtm-vis-has-fired10552706_217=\"1\" data-gtm-vis-recent-on-screen10552706_184=\"40727\" data-gtm-vis-total-visible-time10552706_184=\"100\" data-gtm-vis-has-fired10552706_184=\"1\">Capteur d&rsquo;image CMOS 5 MP 1\/2,7&Prime;, faible luminance et image haute d\u00e9finition.<\/li>\n<li class=\"text\" data-gtm-vis-recent-on-screen10552706_181=\"835\" data-gtm-vis-first-on-screen10552706_181=\"835\" data-gtm-vis-total-visible-time10552706_181=\"100\" data-gtm-vis-has-fired10552706_181=\"1\" data-gtm-vis-first-on-screen10552706_184=\"954\" data-gtm-vis-first-on-screen10552706_192=\"1017\" data-gtm-vis-first-on-screen10552706_193=\"1047\" data-gtm-vis-first-on-screen10552706_194=\"1080\" data-gtm-vis-recent-on-screen10552706_195=\"1107\" data-gtm-vis-first-on-screen10552706_195=\"1107\" data-gtm-vis-total-visible-time10552706_195=\"100\" data-gtm-vis-has-fired10552706_195=\"1\" data-gtm-vis-first-on-screen10552706_196=\"1110\" data-gtm-vis-first-on-screen10552706_217=\"1143\" data-gtm-vis-recent-on-screen10552706_193=\"40711\" data-gtm-vis-total-visible-time10552706_193=\"100\" data-gtm-vis-has-fired10552706_193=\"1\" data-gtm-vis-recent-on-screen10552706_192=\"40717\" data-gtm-vis-total-visible-time10552706_192=\"100\" data-gtm-vis-has-fired10552706_192=\"1\" data-gtm-vis-recent-on-screen10552706_196=\"40719\" data-gtm-vis-total-visible-time10552706_196=\"100\" data-gtm-vis-has-fired10552706_196=\"1\" data-gtm-vis-recent-on-screen10552706_194=\"40721\" data-gtm-vis-total-visible-time10552706_194=\"100\" data-gtm-vis-has-fired10552706_194=\"1\" data-gtm-vis-recent-on-screen10552706_217=\"40725\" data-gtm-vis-total-visible-time10552706_217=\"100\" data-gtm-vis-has-fired10552706_217=\"1\" data-gtm-vis-recent-on-screen10552706_184=\"40727\" data-gtm-vis-total-visible-time10552706_184=\"100\" data-gtm-vis-has-fired10552706_184=\"1\">Sorties max. 5 MP (2960 \u00d7 1668) \u00e0 20 fps, et prend en charge 2688 \u00d7 1520 (2688 \u00d7 1520) \u00e0 25\/30 fps.<\/li>\n<li class=\"text\" data-gtm-vis-recent-on-screen10552706_181=\"835\" data-gtm-vis-first-on-screen10552706_181=\"835\" data-gtm-vis-total-visible-time10552706_181=\"100\" data-gtm-vis-has-fired10552706_181=\"1\" data-gtm-vis-first-on-screen10552706_184=\"954\" data-gtm-vis-first-on-screen10552706_192=\"1017\" data-gtm-vis-first-on-screen10552706_193=\"1047\" data-gtm-vis-first-on-screen10552706_194=\"1080\" data-gtm-vis-recent-on-screen10552706_195=\"1107\" data-gtm-vis-first-on-screen10552706_195=\"1107\" data-gtm-vis-total-visible-time10552706_195=\"100\" data-gtm-vis-has-fired10552706_195=\"1\" data-gtm-vis-first-on-screen10552706_196=\"1110\" data-gtm-vis-first-on-screen10552706_217=\"1143\" data-gtm-vis-recent-on-screen10552706_193=\"40711\" data-gtm-vis-total-visible-time10552706_193=\"100\" data-gtm-vis-has-fired10552706_193=\"1\" data-gtm-vis-recent-on-screen10552706_192=\"40717\" data-gtm-vis-total-visible-time10552706_192=\"100\" data-gtm-vis-has-fired10552706_192=\"1\" data-gtm-vis-recent-on-screen10552706_196=\"40719\" data-gtm-vis-total-visible-time10552706_196=\"100\" data-gtm-vis-has-fired10552706_196=\"1\" data-gtm-vis-recent-on-screen10552706_194=\"40721\" data-gtm-vis-total-visible-time10552706_194=\"100\" data-gtm-vis-has-fired10552706_194=\"1\" data-gtm-vis-recent-on-screen10552706_217=\"40725\" data-gtm-vis-total-visible-time10552706_217=\"100\" data-gtm-vis-has-fired10552706_217=\"1\" data-gtm-vis-recent-on-screen10552706_184=\"40727\" data-gtm-vis-total-visible-time10552706_184=\"100\" data-gtm-vis-has-fired10552706_184=\"1\">Codec H.265, taux de compression \u00e9lev\u00e9, d\u00e9bit binaire ultra-faible.<\/li>\n<li class=\"text\" data-gtm-vis-recent-on-screen10552706_181=\"835\" data-gtm-vis-first-on-screen10552706_181=\"835\" data-gtm-vis-total-visible-time10552706_181=\"100\" data-gtm-vis-has-fired10552706_181=\"1\" data-gtm-vis-first-on-screen10552706_184=\"954\" data-gtm-vis-first-on-screen10552706_192=\"1017\" data-gtm-vis-first-on-screen10552706_193=\"1047\" data-gtm-vis-first-on-screen10552706_194=\"1080\" data-gtm-vis-recent-on-screen10552706_195=\"1107\" data-gtm-vis-first-on-screen10552706_195=\"1107\" data-gtm-vis-total-visible-time10552706_195=\"100\" data-gtm-vis-has-fired10552706_195=\"1\" data-gtm-vis-first-on-screen10552706_196=\"1110\" data-gtm-vis-first-on-screen10552706_217=\"1143\" data-gtm-vis-recent-on-screen10552706_193=\"40711\" data-gtm-vis-total-visible-time10552706_193=\"100\" data-gtm-vis-has-fired10552706_193=\"1\" data-gtm-vis-recent-on-screen10552706_192=\"40717\" data-gtm-vis-total-visible-time10552706_192=\"100\" data-gtm-vis-has-fired10552706_192=\"1\" data-gtm-vis-recent-on-screen10552706_196=\"40719\" data-gtm-vis-total-visible-time10552706_196=\"100\" data-gtm-vis-has-fired10552706_196=\"1\" data-gtm-vis-recent-on-screen10552706_194=\"40721\" data-gtm-vis-total-visible-time10552706_194=\"100\" data-gtm-vis-has-fired10552706_194=\"1\" data-gtm-vis-recent-on-screen10552706_217=\"40725\" data-gtm-vis-total-visible-time10552706_217=\"100\" data-gtm-vis-has-fired10552706_217=\"1\" data-gtm-vis-recent-on-screen10552706_184=\"40727\" data-gtm-vis-total-visible-time10552706_184=\"100\" data-gtm-vis-has-fired10552706_184=\"1\">LED infrarouge int\u00e9gr\u00e9e, et la distance d&rsquo;\u00e9clairage maximale est de 60 m.<\/li>\n<li class=\"text\" data-gtm-vis-recent-on-screen10552706_181=\"835\" data-gtm-vis-first-on-screen10552706_181=\"835\" data-gtm-vis-total-visible-time10552706_181=\"100\" data-gtm-vis-has-fired10552706_181=\"1\" data-gtm-vis-first-on-screen10552706_184=\"954\" data-gtm-vis-first-on-screen10552706_192=\"1017\" data-gtm-vis-first-on-screen10552706_193=\"1047\" data-gtm-vis-first-on-screen10552706_194=\"1080\" data-gtm-vis-recent-on-screen10552706_195=\"1107\" data-gtm-vis-first-on-screen10552706_195=\"1107\" data-gtm-vis-total-visible-time10552706_195=\"100\" data-gtm-vis-has-fired10552706_195=\"1\" data-gtm-vis-first-on-screen10552706_196=\"1110\" data-gtm-vis-first-on-screen10552706_217=\"1143\" data-gtm-vis-recent-on-screen10552706_193=\"40711\" data-gtm-vis-total-visible-time10552706_193=\"100\" data-gtm-vis-has-fired10552706_193=\"1\" data-gtm-vis-recent-on-screen10552706_192=\"40717\" data-gtm-vis-total-visible-time10552706_192=\"100\" data-gtm-vis-has-fired10552706_192=\"1\" data-gtm-vis-recent-on-screen10552706_196=\"40719\" data-gtm-vis-total-visible-time10552706_196=\"100\" data-gtm-vis-has-fired10552706_196=\"1\" data-gtm-vis-recent-on-screen10552706_194=\"40721\" data-gtm-vis-total-visible-time10552706_194=\"100\" data-gtm-vis-has-fired10552706_194=\"1\" data-gtm-vis-recent-on-screen10552706_217=\"40725\" data-gtm-vis-total-visible-time10552706_217=\"100\" data-gtm-vis-has-fired10552706_217=\"1\" data-gtm-vis-recent-on-screen10552706_184=\"40727\" data-gtm-vis-total-visible-time10552706_184=\"100\" data-gtm-vis-has-fired10552706_184=\"1\">ROI, SMART H.264+\/H.265+, codage flexible, applicable \u00e0 divers environnements de bande passante et de stockage.<\/li>\n<li class=\"text\" data-gtm-vis-recent-on-screen10552706_181=\"835\" data-gtm-vis-first-on-screen10552706_181=\"835\" data-gtm-vis-total-visible-time10552706_181=\"100\" data-gtm-vis-has-fired10552706_181=\"1\" data-gtm-vis-first-on-screen10552706_184=\"954\" data-gtm-vis-first-on-screen10552706_192=\"1017\" data-gtm-vis-first-on-screen10552706_193=\"1047\" data-gtm-vis-first-on-screen10552706_194=\"1080\" data-gtm-vis-recent-on-screen10552706_195=\"1107\" data-gtm-vis-first-on-screen10552706_195=\"1107\" data-gtm-vis-total-visible-time10552706_195=\"100\" data-gtm-vis-has-fired10552706_195=\"1\" data-gtm-vis-first-on-screen10552706_196=\"1110\" data-gtm-vis-first-on-screen10552706_217=\"1143\" data-gtm-vis-recent-on-screen10552706_193=\"40711\" data-gtm-vis-total-visible-time10552706_193=\"100\" data-gtm-vis-has-fired10552706_193=\"1\" data-gtm-vis-recent-on-screen10552706_192=\"40717\" data-gtm-vis-total-visible-time10552706_192=\"100\" data-gtm-vis-has-fired10552706_192=\"1\" data-gtm-vis-recent-on-screen10552706_196=\"40719\" data-gtm-vis-total-visible-time10552706_196=\"100\" data-gtm-vis-has-fired10552706_196=\"1\" data-gtm-vis-recent-on-screen10552706_194=\"40721\" data-gtm-vis-total-visible-time10552706_194=\"100\" data-gtm-vis-has-fired10552706_194=\"1\" data-gtm-vis-recent-on-screen10552706_217=\"40725\" data-gtm-vis-total-visible-time10552706_217=\"100\" data-gtm-vis-has-fired10552706_217=\"1\" data-gtm-vis-recent-on-screen10552706_184=\"40727\" data-gtm-vis-total-visible-time10552706_184=\"100\" data-gtm-vis-has-fired10552706_184=\"1\">Mode rotation, WDR, 3D NR, HLC, BLC, tatouage num\u00e9rique, applicable \u00e0 diverses sc\u00e8nes de surveillance.<\/li>\n<li class=\"text\" data-gtm-vis-recent-on-screen10552706_181=\"835\" data-gtm-vis-first-on-screen10552706_181=\"835\" data-gtm-vis-total-visible-time10552706_181=\"100\" data-gtm-vis-has-fired10552706_181=\"1\" data-gtm-vis-first-on-screen10552706_184=\"954\" data-gtm-vis-first-on-screen10552706_192=\"1017\" data-gtm-vis-first-on-screen10552706_193=\"1047\" data-gtm-vis-first-on-screen10552706_194=\"1080\" data-gtm-vis-recent-on-screen10552706_195=\"1107\" data-gtm-vis-first-on-screen10552706_195=\"1107\" data-gtm-vis-total-visible-time10552706_195=\"100\" data-gtm-vis-has-fired10552706_195=\"1\" data-gtm-vis-first-on-screen10552706_196=\"1110\" data-gtm-vis-first-on-screen10552706_217=\"1143\" data-gtm-vis-recent-on-screen10552706_193=\"40711\" data-gtm-vis-total-visible-time10552706_193=\"100\" data-gtm-vis-has-fired10552706_193=\"1\" data-gtm-vis-recent-on-screen10552706_192=\"40717\" data-gtm-vis-total-visible-time10552706_192=\"100\" data-gtm-vis-has-fired10552706_192=\"1\" data-gtm-vis-recent-on-screen10552706_196=\"40719\" data-gtm-vis-total-visible-time10552706_196=\"100\" data-gtm-vis-has-fired10552706_196=\"1\" data-gtm-vis-recent-on-screen10552706_194=\"40721\" data-gtm-vis-total-visible-time10552706_194=\"100\" data-gtm-vis-has-fired10552706_194=\"1\" data-gtm-vis-recent-on-screen10552706_217=\"40725\" data-gtm-vis-total-visible-time10552706_217=\"100\" data-gtm-vis-has-fired10552706_217=\"1\" data-gtm-vis-recent-on-screen10552706_184=\"40727\" data-gtm-vis-total-visible-time10552706_184=\"100\" data-gtm-vis-has-fired10552706_184=\"1\">Surveillance intelligente : intrusion, d\u00e9clenchement (ces deux fonctions permettent la classification et la d\u00e9tection pr\u00e9cise des v\u00e9hicules et des personnes).<\/li>\n<li class=\"text\" data-gtm-vis-recent-on-screen10552706_181=\"835\" data-gtm-vis-first-on-screen10552706_181=\"835\" data-gtm-vis-total-visible-time10552706_181=\"100\" data-gtm-vis-has-fired10552706_181=\"1\" data-gtm-vis-first-on-screen10552706_184=\"954\" data-gtm-vis-first-on-screen10552706_192=\"1017\" data-gtm-vis-first-on-screen10552706_193=\"1047\" data-gtm-vis-first-on-screen10552706_194=\"1080\" data-gtm-vis-recent-on-screen10552706_195=\"1107\" data-gtm-vis-first-on-screen10552706_195=\"1107\" data-gtm-vis-total-visible-time10552706_195=\"100\" data-gtm-vis-has-fired10552706_195=\"1\" data-gtm-vis-first-on-screen10552706_196=\"1110\" data-gtm-vis-first-on-screen10552706_217=\"1143\" data-gtm-vis-recent-on-screen10552706_193=\"40711\" data-gtm-vis-total-visible-time10552706_193=\"100\" data-gtm-vis-has-fired10552706_193=\"1\" data-gtm-vis-recent-on-screen10552706_192=\"40717\" data-gtm-vis-total-visible-time10552706_192=\"100\" data-gtm-vis-has-fired10552706_192=\"1\" data-gtm-vis-recent-on-screen10552706_196=\"40719\" data-gtm-vis-total-visible-time10552706_196=\"100\" data-gtm-vis-has-fired10552706_196=\"1\" data-gtm-vis-recent-on-screen10552706_194=\"40721\" data-gtm-vis-total-visible-time10552706_194=\"100\" data-gtm-vis-has-fired10552706_194=\"1\" data-gtm-vis-recent-on-screen10552706_217=\"40725\" data-gtm-vis-total-visible-time10552706_217=\"100\" data-gtm-vis-has-fired10552706_217=\"1\" data-gtm-vis-recent-on-screen10552706_184=\"40727\" data-gtm-vis-total-visible-time10552706_184=\"100\" data-gtm-vis-has-fired10552706_184=\"1\">D\u00e9tection d&rsquo;anomalies : d\u00e9tection de mouvement, falsification vid\u00e9o, d\u00e9tection audio, absence de carte SD, carte SD pleine, erreur de carte SD, d\u00e9connexion r\u00e9seau, conflit d&rsquo;adresse IP, acc\u00e8s ill\u00e9gal et d\u00e9tection de tension.<\/li>\n<li class=\"text\" data-gtm-vis-recent-on-screen10552706_181=\"835\" data-gtm-vis-first-on-screen10552706_181=\"835\" data-gtm-vis-total-visible-time10552706_181=\"100\" data-gtm-vis-has-fired10552706_181=\"1\" data-gtm-vis-first-on-screen10552706_184=\"954\" data-gtm-vis-first-on-screen10552706_192=\"1017\" data-gtm-vis-first-on-screen10552706_193=\"1047\" data-gtm-vis-first-on-screen10552706_194=\"1080\" data-gtm-vis-recent-on-screen10552706_195=\"1107\" data-gtm-vis-first-on-screen10552706_195=\"1107\" data-gtm-vis-total-visible-time10552706_195=\"100\" data-gtm-vis-has-fired10552706_195=\"1\" data-gtm-vis-first-on-screen10552706_196=\"1110\" data-gtm-vis-first-on-screen10552706_217=\"1143\" data-gtm-vis-recent-on-screen10552706_193=\"40711\" data-gtm-vis-total-visible-time10552706_193=\"100\" data-gtm-vis-has-fired10552706_193=\"1\" data-gtm-vis-recent-on-screen10552706_192=\"40717\" data-gtm-vis-total-visible-time10552706_192=\"100\" data-gtm-vis-has-fired10552706_192=\"1\" data-gtm-vis-recent-on-screen10552706_196=\"40719\" data-gtm-vis-total-visible-time10552706_196=\"100\" data-gtm-vis-has-fired10552706_196=\"1\" data-gtm-vis-recent-on-screen10552706_194=\"40721\" data-gtm-vis-total-visible-time10552706_194=\"100\" data-gtm-vis-has-fired10552706_194=\"1\" data-gtm-vis-recent-on-screen10552706_217=\"40725\" data-gtm-vis-total-visible-time10552706_217=\"100\" data-gtm-vis-has-fired10552706_217=\"1\" data-gtm-vis-recent-on-screen10552706_184=\"40727\" data-gtm-vis-total-visible-time10552706_184=\"100\" data-gtm-vis-has-fired10552706_184=\"1\">Alarme : 1 entr\u00e9e, 1 sortie (uniquement compatible avec ZAS) ; audio : 1 entr\u00e9e, 1 sortie (uniquement compatible avec ZAS) ; prend en charge les cartes Micro SD jusqu\u2019\u00e0 256 Go ; microphone int\u00e9gr\u00e9.<\/li>\n<li class=\"text\" data-gtm-vis-recent-on-screen10552706_181=\"835\" data-gtm-vis-first-on-screen10552706_181=\"835\" data-gtm-vis-total-visible-time10552706_181=\"100\" data-gtm-vis-has-fired10552706_181=\"1\" data-gtm-vis-first-on-screen10552706_184=\"954\" data-gtm-vis-first-on-screen10552706_192=\"1017\" data-gtm-vis-first-on-screen10552706_193=\"1047\" data-gtm-vis-first-on-screen10552706_194=\"1080\" data-gtm-vis-recent-on-screen10552706_195=\"1107\" data-gtm-vis-first-on-screen10552706_195=\"1107\" data-gtm-vis-total-visible-time10552706_195=\"100\" data-gtm-vis-has-fired10552706_195=\"1\" data-gtm-vis-first-on-screen10552706_196=\"1110\" data-gtm-vis-first-on-screen10552706_217=\"1143\" data-gtm-vis-recent-on-screen10552706_193=\"40711\" data-gtm-vis-total-visible-time10552706_193=\"100\" data-gtm-vis-has-fired10552706_193=\"1\" data-gtm-vis-recent-on-screen10552706_192=\"40717\" data-gtm-vis-total-visible-time10552706_192=\"100\" data-gtm-vis-has-fired10552706_192=\"1\" data-gtm-vis-recent-on-screen10552706_196=\"40719\" data-gtm-vis-total-visible-time10552706_196=\"100\" data-gtm-vis-has-fired10552706_196=\"1\" data-gtm-vis-recent-on-screen10552706_194=\"40721\" data-gtm-vis-total-visible-time10552706_194=\"100\" data-gtm-vis-has-fired10552706_194=\"1\" data-gtm-vis-recent-on-screen10552706_217=\"40725\" data-gtm-vis-total-visible-time10552706_217=\"100\" data-gtm-vis-has-fired10552706_217=\"1\" data-gtm-vis-recent-on-screen10552706_184=\"40727\" data-gtm-vis-total-visible-time10552706_184=\"100\" data-gtm-vis-has-fired10552706_184=\"1\">Alimentation 12 V CC\/PoE, installation facile.<\/li>\n<li class=\"text\" data-gtm-vis-recent-on-screen10552706_181=\"835\" data-gtm-vis-first-on-screen10552706_181=\"835\" data-gtm-vis-total-visible-time10552706_181=\"100\" data-gtm-vis-has-fired10552706_181=\"1\" data-gtm-vis-first-on-screen10552706_184=\"954\" data-gtm-vis-first-on-screen10552706_192=\"1017\" data-gtm-vis-first-on-screen10552706_193=\"1047\" data-gtm-vis-first-on-screen10552706_194=\"1080\" data-gtm-vis-recent-on-screen10552706_195=\"1107\" data-gtm-vis-first-on-screen10552706_195=\"1107\" data-gtm-vis-total-visible-time10552706_195=\"100\" data-gtm-vis-has-fired10552706_195=\"1\" data-gtm-vis-first-on-screen10552706_196=\"1110\" data-gtm-vis-first-on-screen10552706_217=\"1143\" data-gtm-vis-recent-on-screen10552706_193=\"40711\" data-gtm-vis-total-visible-time10552706_193=\"100\" data-gtm-vis-has-fired10552706_193=\"1\" data-gtm-vis-recent-on-screen10552706_192=\"40717\" data-gtm-vis-total-visible-time10552706_192=\"100\" data-gtm-vis-has-fired10552706_192=\"1\" data-gtm-vis-recent-on-screen10552706_196=\"40719\" data-gtm-vis-total-visible-time10552706_196=\"100\" data-gtm-vis-has-fired10552706_196=\"1\" data-gtm-vis-recent-on-screen10552706_194=\"40721\" data-gtm-vis-total-visible-time10552706_194=\"100\" data-gtm-vis-has-fired10552706_194=\"1\" data-gtm-vis-recent-on-screen10552706_217=\"40725\" data-gtm-vis-total-visible-time10552706_217=\"100\" data-gtm-vis-has-fired10552706_217=\"1\" data-gtm-vis-recent-on-screen10552706_184=\"40727\" data-gtm-vis-total-visible-time10552706_184=\"100\" data-gtm-vis-has-fired10552706_184=\"1\">Protection IP67, IK10 (en option).<\/li>\n<li class=\"text\" data-gtm-vis-recent-on-screen10552706_181=\"835\" data-gtm-vis-first-on-screen10552706_181=\"835\" data-gtm-vis-total-visible-time10552706_181=\"100\" data-gtm-vis-has-fired10552706_181=\"1\" data-gtm-vis-first-on-screen10552706_184=\"954\" data-gtm-vis-first-on-screen10552706_192=\"1017\" data-gtm-vis-first-on-screen10552706_193=\"1047\" data-gtm-vis-first-on-screen10552706_194=\"1080\" data-gtm-vis-recent-on-screen10552706_195=\"1107\" data-gtm-vis-first-on-screen10552706_195=\"1107\" data-gtm-vis-total-visible-time10552706_195=\"100\" data-gtm-vis-has-fired10552706_195=\"1\" data-gtm-vis-first-on-screen10552706_196=\"1110\" data-gtm-vis-first-on-screen10552706_217=\"1143\" data-gtm-vis-recent-on-screen10552706_193=\"40711\" data-gtm-vis-total-visible-time10552706_193=\"100\" data-gtm-vis-has-fired10552706_193=\"1\" data-gtm-vis-recent-on-screen10552706_192=\"40717\" data-gtm-vis-total-visible-time10552706_192=\"100\" data-gtm-vis-has-fired10552706_192=\"1\" data-gtm-vis-recent-on-screen10552706_196=\"40719\" data-gtm-vis-total-visible-time10552706_196=\"100\" data-gtm-vis-has-fired10552706_196=\"1\" data-gtm-vis-recent-on-screen10552706_194=\"40721\" data-gtm-vis-total-visible-time10552706_194=\"100\" data-gtm-vis-has-fired10552706_194=\"1\" data-gtm-vis-recent-on-screen10552706_217=\"40725\" data-gtm-vis-total-visible-time10552706_217=\"100\" data-gtm-vis-has-fired10552706_217=\"1\" data-gtm-vis-recent-on-screen10552706_184=\"40727\" data-gtm-vis-total-visible-time10552706_184=\"100\" data-gtm-vis-has-fired10552706_184=\"1\">SMD Plus.<\/li>\n<\/ul>\n","protected":false},"excerpt":{"rendered":"<p>Cam\u00e9ra r\u00e9seau WizSense Bullet \u00e0 focale variable infrarouge 5 MP Les param\u00e8tres et les fiches techniques ci-dessous ne peuvent \u00eatre<\/p>\n","protected":false},"featured_media":16962,"comment_status":"open","ping_status":"closed","template":"","meta":{"inline_featured_image":false},"product_brand":[76],"product_cat":[208],"product_tag":[],"class_list":{"0":"post-16960","1":"product","2":"type-product","3":"status-publish","4":"has-post-thumbnail","6":"product_brand-dahua","7":"product_cat-camera","8":"pa_brand-dahua","9":"pa_model-bullet","10":"pa_series-wizsense","11":"pa_technology-ip","13":"first","14":"instock","15":"shipping-taxable","16":"product-type-simple"},"_links":{"self":[{"href":"https:\/\/tcrk-dz.com\/eCatalog\/wp-json\/wp\/v2\/product\/16960","targetHints":{"allow":["GET"]}}],"collection":[{"href":"https:\/\/tcrk-dz.com\/eCatalog\/wp-json\/wp\/v2\/product"}],"about":[{"href":"https:\/\/tcrk-dz.com\/eCatalog\/wp-json\/wp\/v2\/types\/product"}],"replies":[{"embeddable":true,"href":"https:\/\/tcrk-dz.com\/eCatalog\/wp-json\/wp\/v2\/comments?post=16960"}],"version-history":[{"count":2,"href":"https:\/\/tcrk-dz.com\/eCatalog\/wp-json\/wp\/v2\/product\/16960\/revisions"}],"predecessor-version":[{"id":16966,"href":"https:\/\/tcrk-dz.com\/eCatalog\/wp-json\/wp\/v2\/product\/16960\/revisions\/16966"}],"wp:featuredmedia":[{"embeddable":true,"href":"https:\/\/tcrk-dz.com\/eCatalog\/wp-json\/wp\/v2\/media\/16962"}],"wp:attachment":[{"href":"https:\/\/tcrk-dz.com\/eCatalog\/wp-json\/wp\/v2\/media?parent=16960"}],"wp:term":[{"taxonomy":"product_brand","embeddable":true,"href":"https:\/\/tcrk-dz.com\/eCatalog\/wp-json\/wp\/v2\/product_brand?post=16960"},{"taxonomy":"product_cat","embeddable":true,"href":"https:\/\/tcrk-dz.com\/eCatalog\/wp-json\/wp\/v2\/product_cat?post=16960"},{"taxonomy":"product_tag","embeddable":true,"href":"https:\/\/tcrk-dz.com\/eCatalog\/wp-json\/wp\/v2\/product_tag?post=16960"}],"curies":[{"name":"wp","href":"https:\/\/api.w.org\/{rel}","templated":true}]}}