{"id":16933,"date":"2026-02-04T10:19:51","date_gmt":"2026-02-04T10:19:51","guid":{"rendered":"https:\/\/tcrk-dz.com\/eCatalog\/?post_type=product&#038;p=16933"},"modified":"2026-02-04T10:19:51","modified_gmt":"2026-02-04T10:19:51","slug":"extender-hdmi-200m-kvm-ip","status":"publish","type":"product","link":"https:\/\/tcrk-dz.com\/eCatalog\/produit\/extender-hdmi-200m-kvm-ip\/","title":{"rendered":"Extender HDMI 200m KVM IP"},"content":{"rendered":"<p>Permet de transmettre un signal <strong data-start=\"143\" data-end=\"168\">HDMI haute d\u00e9finition<\/strong> jusqu\u2019\u00e0 <strong data-start=\"177\" data-end=\"186\" data-is-only-node=\"\">200\u202fm<\/strong> via c\u00e2ble r\u00e9seau (Cat5e\/Cat6) sans perte de qualit\u00e9 ni latence. Id\u00e9al pour relier un PC, DVR\/NVR ou lecteur multim\u00e9dia \u00e0 un \u00e9cran distant. Installation simple <strong data-start=\"346\" data-end=\"361\">Plug &amp; Play<\/strong>, parfait pour vid\u00e9osurveillance, salles de r\u00e9union, affichage professionnel et installations multim\u00e9dias.<\/p>\n","protected":false},"excerpt":{"rendered":"<p>Permet de transmettre un signal HDMI haute d\u00e9finition jusqu\u2019\u00e0 200\u202fm via c\u00e2ble r\u00e9seau (Cat5e\/Cat6) sans perte de qualit\u00e9 ni latence.<\/p>\n","protected":false},"featured_media":16934,"comment_status":"open","ping_status":"closed","template":"","meta":{"inline_featured_image":false},"product_brand":[],"product_cat":[234],"product_tag":[],"class_list":{"0":"post-16933","1":"product","2":"type-product","3":"status-publish","4":"has-post-thumbnail","6":"product_cat-accessoires-cctv","8":"first","9":"instock","10":"shipping-taxable","11":"product-type-simple"},"_links":{"self":[{"href":"https:\/\/tcrk-dz.com\/eCatalog\/wp-json\/wp\/v2\/product\/16933","targetHints":{"allow":["GET"]}}],"collection":[{"href":"https:\/\/tcrk-dz.com\/eCatalog\/wp-json\/wp\/v2\/product"}],"about":[{"href":"https:\/\/tcrk-dz.com\/eCatalog\/wp-json\/wp\/v2\/types\/product"}],"replies":[{"embeddable":true,"href":"https:\/\/tcrk-dz.com\/eCatalog\/wp-json\/wp\/v2\/comments?post=16933"}],"version-history":[{"count":0,"href":"https:\/\/tcrk-dz.com\/eCatalog\/wp-json\/wp\/v2\/product\/16933\/revisions"}],"wp:featuredmedia":[{"embeddable":true,"href":"https:\/\/tcrk-dz.com\/eCatalog\/wp-json\/wp\/v2\/media\/16934"}],"wp:attachment":[{"href":"https:\/\/tcrk-dz.com\/eCatalog\/wp-json\/wp\/v2\/media?parent=16933"}],"wp:term":[{"taxonomy":"product_brand","embeddable":true,"href":"https:\/\/tcrk-dz.com\/eCatalog\/wp-json\/wp\/v2\/product_brand?post=16933"},{"taxonomy":"product_cat","embeddable":true,"href":"https:\/\/tcrk-dz.com\/eCatalog\/wp-json\/wp\/v2\/product_cat?post=16933"},{"taxonomy":"product_tag","embeddable":true,"href":"https:\/\/tcrk-dz.com\/eCatalog\/wp-json\/wp\/v2\/product_tag?post=16933"}],"curies":[{"name":"wp","href":"https:\/\/api.w.org\/{rel}","templated":true}]}}