{"id":16931,"date":"2026-02-04T10:17:29","date_gmt":"2026-02-04T10:17:29","guid":{"rendered":"https:\/\/tcrk-dz.com\/eCatalog\/?post_type=product&#038;p=16931"},"modified":"2026-02-04T10:37:05","modified_gmt":"2026-02-04T10:37:05","slug":"extender-fibre-kvm-over-ip-20km","status":"publish","type":"product","link":"https:\/\/tcrk-dz.com\/eCatalog\/produit\/extender-fibre-kvm-over-ip-20km\/","title":{"rendered":"Extender Fibre KVM Over IP 20Km"},"content":{"rendered":"<p>Solution professionnelle permettant de transmettre la vid\u00e9o haute d\u00e9finition ainsi que les signaux <strong data-start=\"193\" data-end=\"220\">USB (clavier et souris)<\/strong> via r\u00e9seau <strong data-start=\"232\" data-end=\"256\">IP sur fibre optique<\/strong> jusqu\u2019\u00e0 <strong data-start=\"265\" data-end=\"274\">20 km<\/strong>. Assure une connexion stable, sans interf\u00e9rences et sans perte de qualit\u00e9, id\u00e9ale pour le contr\u00f4le \u00e0 distance de PC, serveurs, DVR\/NVR et \u00e9quipements industriels. Installation simple, performance fiable pour salles de contr\u00f4le, data centers et syst\u00e8mes de vid\u00e9osurveillance longue distance.<\/p>\n","protected":false},"excerpt":{"rendered":"<p>Solution professionnelle permettant de transmettre la vid\u00e9o haute d\u00e9finition ainsi que les signaux USB (clavier et souris) via r\u00e9seau IP<\/p>\n","protected":false},"featured_media":16940,"comment_status":"open","ping_status":"closed","template":"","meta":{"inline_featured_image":false},"product_brand":[],"product_cat":[234],"product_tag":[],"class_list":{"0":"post-16931","1":"product","2":"type-product","3":"status-publish","4":"has-post-thumbnail","6":"product_cat-accessoires-cctv","8":"first","9":"instock","10":"shipping-taxable","11":"product-type-simple"},"_links":{"self":[{"href":"https:\/\/tcrk-dz.com\/eCatalog\/wp-json\/wp\/v2\/product\/16931","targetHints":{"allow":["GET"]}}],"collection":[{"href":"https:\/\/tcrk-dz.com\/eCatalog\/wp-json\/wp\/v2\/product"}],"about":[{"href":"https:\/\/tcrk-dz.com\/eCatalog\/wp-json\/wp\/v2\/types\/product"}],"replies":[{"embeddable":true,"href":"https:\/\/tcrk-dz.com\/eCatalog\/wp-json\/wp\/v2\/comments?post=16931"}],"version-history":[{"count":0,"href":"https:\/\/tcrk-dz.com\/eCatalog\/wp-json\/wp\/v2\/product\/16931\/revisions"}],"wp:featuredmedia":[{"embeddable":true,"href":"https:\/\/tcrk-dz.com\/eCatalog\/wp-json\/wp\/v2\/media\/16940"}],"wp:attachment":[{"href":"https:\/\/tcrk-dz.com\/eCatalog\/wp-json\/wp\/v2\/media?parent=16931"}],"wp:term":[{"taxonomy":"product_brand","embeddable":true,"href":"https:\/\/tcrk-dz.com\/eCatalog\/wp-json\/wp\/v2\/product_brand?post=16931"},{"taxonomy":"product_cat","embeddable":true,"href":"https:\/\/tcrk-dz.com\/eCatalog\/wp-json\/wp\/v2\/product_cat?post=16931"},{"taxonomy":"product_tag","embeddable":true,"href":"https:\/\/tcrk-dz.com\/eCatalog\/wp-json\/wp\/v2\/product_tag?post=16931"}],"curies":[{"name":"wp","href":"https:\/\/api.w.org\/{rel}","templated":true}]}}