{"id":16928,"date":"2026-02-04T10:04:10","date_gmt":"2026-02-04T10:04:10","guid":{"rendered":"https:\/\/tcrk-dz.com\/eCatalog\/?post_type=product&#038;p=16928"},"modified":"2026-02-04T10:04:10","modified_gmt":"2026-02-04T10:04:10","slug":"extender-fibre-4k-kvm-20km-avec-2ps-module-sfp","status":"publish","type":"product","link":"https:\/\/tcrk-dz.com\/eCatalog\/produit\/extender-fibre-4k-kvm-20km-avec-2ps-module-sfp\/","title":{"rendered":"Extender Fibre 4K KVM 20Km Avec 2PS Module SFP"},"content":{"rendered":"<p>Extender KVM fibre optique con\u00e7u pour transmettre un signal vid\u00e9o <strong data-start=\"179\" data-end=\"194\">4K Ultra HD<\/strong> ainsi que les donn\u00e9es <strong data-start=\"217\" data-end=\"244\">USB (clavier et souris)<\/strong> sur une tr\u00e8s longue distance jusqu\u2019\u00e0 <strong data-start=\"282\" data-end=\"291\">20 km<\/strong>. Utilise la transmission par <strong data-start=\"321\" data-end=\"361\">fibre optique via modules SFP inclus<\/strong>, garantissant une stabilit\u00e9 maximale, aucune interf\u00e9rence et une qualit\u00e9 d\u2019image parfaite. Id\u00e9al pour centres de contr\u00f4le, vid\u00e9osurveillance, salles serveurs et installations industrielles n\u00e9cessitant un affichage et un contr\u00f4le \u00e0 tr\u00e8s grande distance. Installation simple, solution professionnelle haute performance<\/p>\n","protected":false},"excerpt":{"rendered":"<p>Extender KVM fibre optique con\u00e7u pour transmettre un signal vid\u00e9o 4K Ultra HD ainsi que les donn\u00e9es USB (clavier et<\/p>\n","protected":false},"featured_media":16929,"comment_status":"open","ping_status":"closed","template":"","meta":{"inline_featured_image":false},"product_brand":[],"product_cat":[234],"product_tag":[],"class_list":{"0":"post-16928","1":"product","2":"type-product","3":"status-publish","4":"has-post-thumbnail","6":"product_cat-accessoires-cctv","8":"first","9":"instock","10":"shipping-taxable","11":"product-type-simple"},"_links":{"self":[{"href":"https:\/\/tcrk-dz.com\/eCatalog\/wp-json\/wp\/v2\/product\/16928","targetHints":{"allow":["GET"]}}],"collection":[{"href":"https:\/\/tcrk-dz.com\/eCatalog\/wp-json\/wp\/v2\/product"}],"about":[{"href":"https:\/\/tcrk-dz.com\/eCatalog\/wp-json\/wp\/v2\/types\/product"}],"replies":[{"embeddable":true,"href":"https:\/\/tcrk-dz.com\/eCatalog\/wp-json\/wp\/v2\/comments?post=16928"}],"version-history":[{"count":0,"href":"https:\/\/tcrk-dz.com\/eCatalog\/wp-json\/wp\/v2\/product\/16928\/revisions"}],"wp:featuredmedia":[{"embeddable":true,"href":"https:\/\/tcrk-dz.com\/eCatalog\/wp-json\/wp\/v2\/media\/16929"}],"wp:attachment":[{"href":"https:\/\/tcrk-dz.com\/eCatalog\/wp-json\/wp\/v2\/media?parent=16928"}],"wp:term":[{"taxonomy":"product_brand","embeddable":true,"href":"https:\/\/tcrk-dz.com\/eCatalog\/wp-json\/wp\/v2\/product_brand?post=16928"},{"taxonomy":"product_cat","embeddable":true,"href":"https:\/\/tcrk-dz.com\/eCatalog\/wp-json\/wp\/v2\/product_cat?post=16928"},{"taxonomy":"product_tag","embeddable":true,"href":"https:\/\/tcrk-dz.com\/eCatalog\/wp-json\/wp\/v2\/product_tag?post=16928"}],"curies":[{"name":"wp","href":"https:\/\/api.w.org\/{rel}","templated":true}]}}