{"id":16922,"date":"2026-02-04T09:26:36","date_gmt":"2026-02-04T09:26:36","guid":{"rendered":"https:\/\/tcrk-dz.com\/eCatalog\/?post_type=product&#038;p=16922"},"modified":"2026-02-04T09:26:36","modified_gmt":"2026-02-04T09:26:36","slug":"extender-4k-hdusb-kvm-120m","status":"publish","type":"product","link":"https:\/\/tcrk-dz.com\/eCatalog\/produit\/extender-4k-hdusb-kvm-120m\/","title":{"rendered":"Extender 4K HD+USB KVM 120M"},"content":{"rendered":"<p>Permet de transmettre un signal vid\u00e9o <strong data-start=\"123\" data-end=\"138\">4K Ultra HD<\/strong> ainsi que le contr\u00f4le <strong data-start=\"161\" data-end=\"188\">clavier et souris (USB)<\/strong> jusqu\u2019\u00e0 <strong data-start=\"197\" data-end=\"211\">120 m\u00e8tres<\/strong> via c\u00e2ble r\u00e9seau Cat5e\/Cat6. Id\u00e9al pour relier un DVR, NVR ou PC \u00e0 un \u00e9cran distant sans perte de qualit\u00e9 ni latence. Installation simple Plug &amp; Play, solution parfaite pour syst\u00e8mes de vid\u00e9osurveillance et salles de contr\u00f4le.<\/p>\n","protected":false},"excerpt":{"rendered":"<p>Permet de transmettre un signal vid\u00e9o 4K Ultra HD ainsi que le contr\u00f4le clavier et souris (USB) jusqu\u2019\u00e0 120 m\u00e8tres<\/p>\n","protected":false},"featured_media":16923,"comment_status":"open","ping_status":"closed","template":"","meta":{"inline_featured_image":false},"product_brand":[],"product_cat":[234],"product_tag":[],"class_list":{"0":"post-16922","1":"product","2":"type-product","3":"status-publish","4":"has-post-thumbnail","6":"product_cat-accessoires-cctv","8":"first","9":"instock","10":"shipping-taxable","11":"product-type-simple"},"_links":{"self":[{"href":"https:\/\/tcrk-dz.com\/eCatalog\/wp-json\/wp\/v2\/product\/16922","targetHints":{"allow":["GET"]}}],"collection":[{"href":"https:\/\/tcrk-dz.com\/eCatalog\/wp-json\/wp\/v2\/product"}],"about":[{"href":"https:\/\/tcrk-dz.com\/eCatalog\/wp-json\/wp\/v2\/types\/product"}],"replies":[{"embeddable":true,"href":"https:\/\/tcrk-dz.com\/eCatalog\/wp-json\/wp\/v2\/comments?post=16922"}],"version-history":[{"count":0,"href":"https:\/\/tcrk-dz.com\/eCatalog\/wp-json\/wp\/v2\/product\/16922\/revisions"}],"wp:featuredmedia":[{"embeddable":true,"href":"https:\/\/tcrk-dz.com\/eCatalog\/wp-json\/wp\/v2\/media\/16923"}],"wp:attachment":[{"href":"https:\/\/tcrk-dz.com\/eCatalog\/wp-json\/wp\/v2\/media?parent=16922"}],"wp:term":[{"taxonomy":"product_brand","embeddable":true,"href":"https:\/\/tcrk-dz.com\/eCatalog\/wp-json\/wp\/v2\/product_brand?post=16922"},{"taxonomy":"product_cat","embeddable":true,"href":"https:\/\/tcrk-dz.com\/eCatalog\/wp-json\/wp\/v2\/product_cat?post=16922"},{"taxonomy":"product_tag","embeddable":true,"href":"https:\/\/tcrk-dz.com\/eCatalog\/wp-json\/wp\/v2\/product_tag?post=16922"}],"curies":[{"name":"wp","href":"https:\/\/api.w.org\/{rel}","templated":true}]}}