{"id":16877,"date":"2026-01-14T13:14:15","date_gmt":"2026-01-14T13:14:15","guid":{"rendered":"https:\/\/tcrk-dz.com\/eCatalog\/?post_type=product&#038;p=16877"},"modified":"2026-01-14T13:14:15","modified_gmt":"2026-01-14T13:14:15","slug":"nvr-dahua-64-channels-4k-support-8-hdds","status":"publish","type":"product","link":"https:\/\/tcrk-dz.com\/eCatalog\/produit\/nvr-dahua-64-channels-4k-support-8-hdds\/","title":{"rendered":"NVR DAHUA 64 Channels 4K Support 8 HDD&rsquo;s\u00a0"},"content":{"rendered":"<ul>\n<li class=\"text\" data-gtm-vis-recent-on-screen10552706_181=\"13871\" data-gtm-vis-first-on-screen10552706_181=\"13871\" data-gtm-vis-total-visible-time10552706_181=\"100\" data-gtm-vis-has-fired10552706_181=\"1\" data-gtm-vis-first-on-screen10552706_184=\"13878\" data-gtm-vis-first-on-screen10552706_192=\"13926\" data-gtm-vis-first-on-screen10552706_193=\"13957\" data-gtm-vis-first-on-screen10552706_194=\"13986\" data-gtm-vis-recent-on-screen10552706_195=\"14009\" data-gtm-vis-first-on-screen10552706_195=\"14009\" data-gtm-vis-total-visible-time10552706_195=\"100\" data-gtm-vis-has-fired10552706_195=\"1\" data-gtm-vis-first-on-screen10552706_196=\"14011\" data-gtm-vis-first-on-screen10552706_217=\"14029\" data-gtm-vis-recent-on-screen10552706_194=\"159948\" data-gtm-vis-total-visible-time10552706_194=\"100\" data-gtm-vis-has-fired10552706_194=\"1\" data-gtm-vis-recent-on-screen10552706_217=\"159952\" data-gtm-vis-total-visible-time10552706_217=\"100\" data-gtm-vis-has-fired10552706_217=\"1\" data-gtm-vis-recent-on-screen10552706_196=\"159956\" data-gtm-vis-total-visible-time10552706_196=\"100\" data-gtm-vis-has-fired10552706_196=\"1\" data-gtm-vis-recent-on-screen10552706_192=\"159958\" data-gtm-vis-total-visible-time10552706_192=\"100\" data-gtm-vis-has-fired10552706_192=\"1\" data-gtm-vis-recent-on-screen10552706_184=\"159961\" data-gtm-vis-total-visible-time10552706_184=\"100\" data-gtm-vis-has-fired10552706_184=\"1\" data-gtm-vis-recent-on-screen10552706_193=\"159968\" data-gtm-vis-total-visible-time10552706_193=\"100\" data-gtm-vis-has-fired10552706_193=\"1\"><span dir=\"auto\">Enregistreur vid\u00e9o r\u00e9seau WizMind 64 canaux, 2U, 8 disques durs<\/span><\/li>\n<li class=\"text\" data-gtm-vis-recent-on-screen10552706_181=\"13871\" data-gtm-vis-first-on-screen10552706_181=\"13871\" data-gtm-vis-total-visible-time10552706_181=\"100\" data-gtm-vis-has-fired10552706_181=\"1\" data-gtm-vis-first-on-screen10552706_184=\"13878\" data-gtm-vis-first-on-screen10552706_192=\"13926\" data-gtm-vis-first-on-screen10552706_193=\"13957\" data-gtm-vis-first-on-screen10552706_194=\"13986\" data-gtm-vis-recent-on-screen10552706_195=\"14009\" data-gtm-vis-first-on-screen10552706_195=\"14009\" data-gtm-vis-total-visible-time10552706_195=\"100\" data-gtm-vis-has-fired10552706_195=\"1\" data-gtm-vis-first-on-screen10552706_196=\"14011\" data-gtm-vis-first-on-screen10552706_217=\"14029\" data-gtm-vis-recent-on-screen10552706_194=\"159948\" data-gtm-vis-total-visible-time10552706_194=\"100\" data-gtm-vis-has-fired10552706_194=\"1\" data-gtm-vis-recent-on-screen10552706_217=\"159952\" data-gtm-vis-total-visible-time10552706_217=\"100\" data-gtm-vis-has-fired10552706_217=\"1\" data-gtm-vis-recent-on-screen10552706_196=\"159956\" data-gtm-vis-total-visible-time10552706_196=\"100\" data-gtm-vis-has-fired10552706_196=\"1\" data-gtm-vis-recent-on-screen10552706_192=\"159958\" data-gtm-vis-total-visible-time10552706_192=\"100\" data-gtm-vis-has-fired10552706_192=\"1\" data-gtm-vis-recent-on-screen10552706_184=\"159961\" data-gtm-vis-total-visible-time10552706_184=\"100\" data-gtm-vis-has-fired10552706_184=\"1\" data-gtm-vis-recent-on-screen10552706_193=\"159968\" data-gtm-vis-total-visible-time10552706_193=\"100\" data-gtm-vis-has-fired10552706_193=\"1\">Prend en charge les formats de d\u00e9codage Smart H.265+, H.265, Smart H.264+, H.264 et MJPEG.<\/li>\n<li class=\"text\" data-gtm-vis-recent-on-screen10552706_181=\"13871\" data-gtm-vis-first-on-screen10552706_181=\"13871\" data-gtm-vis-total-visible-time10552706_181=\"100\" data-gtm-vis-has-fired10552706_181=\"1\" data-gtm-vis-first-on-screen10552706_184=\"13878\" data-gtm-vis-first-on-screen10552706_192=\"13926\" data-gtm-vis-first-on-screen10552706_193=\"13957\" data-gtm-vis-first-on-screen10552706_194=\"13986\" data-gtm-vis-recent-on-screen10552706_195=\"14009\" data-gtm-vis-first-on-screen10552706_195=\"14009\" data-gtm-vis-total-visible-time10552706_195=\"100\" data-gtm-vis-has-fired10552706_195=\"1\" data-gtm-vis-first-on-screen10552706_196=\"14011\" data-gtm-vis-first-on-screen10552706_217=\"14029\" data-gtm-vis-recent-on-screen10552706_194=\"159948\" data-gtm-vis-total-visible-time10552706_194=\"100\" data-gtm-vis-has-fired10552706_194=\"1\" data-gtm-vis-recent-on-screen10552706_217=\"159952\" data-gtm-vis-total-visible-time10552706_217=\"100\" data-gtm-vis-has-fired10552706_217=\"1\" data-gtm-vis-recent-on-screen10552706_196=\"159956\" data-gtm-vis-total-visible-time10552706_196=\"100\" data-gtm-vis-has-fired10552706_196=\"1\" data-gtm-vis-recent-on-screen10552706_192=\"159958\" data-gtm-vis-total-visible-time10552706_192=\"100\" data-gtm-vis-has-fired10552706_192=\"1\" data-gtm-vis-recent-on-screen10552706_184=\"159961\" data-gtm-vis-total-visible-time10552706_184=\"100\" data-gtm-vis-has-fired10552706_184=\"1\" data-gtm-vis-recent-on-screen10552706_193=\"159968\" data-gtm-vis-total-visible-time10552706_193=\"100\" data-gtm-vis-has-fired10552706_193=\"1\">Capacit\u00e9 de d\u00e9codage maximale : 32 \u00d7 1080p \u00e0 30 images\/s.<\/li>\n<li class=\"text\" data-gtm-vis-recent-on-screen10552706_181=\"13871\" data-gtm-vis-first-on-screen10552706_181=\"13871\" data-gtm-vis-total-visible-time10552706_181=\"100\" data-gtm-vis-has-fired10552706_181=\"1\" data-gtm-vis-first-on-screen10552706_184=\"13878\" data-gtm-vis-first-on-screen10552706_192=\"13926\" data-gtm-vis-first-on-screen10552706_193=\"13957\" data-gtm-vis-first-on-screen10552706_194=\"13986\" data-gtm-vis-recent-on-screen10552706_195=\"14009\" data-gtm-vis-first-on-screen10552706_195=\"14009\" data-gtm-vis-total-visible-time10552706_195=\"100\" data-gtm-vis-has-fired10552706_195=\"1\" data-gtm-vis-first-on-screen10552706_196=\"14011\" data-gtm-vis-first-on-screen10552706_217=\"14029\" data-gtm-vis-recent-on-screen10552706_194=\"159948\" data-gtm-vis-total-visible-time10552706_194=\"100\" data-gtm-vis-has-fired10552706_194=\"1\" data-gtm-vis-recent-on-screen10552706_217=\"159952\" data-gtm-vis-total-visible-time10552706_217=\"100\" data-gtm-vis-has-fired10552706_217=\"1\" data-gtm-vis-recent-on-screen10552706_196=\"159956\" data-gtm-vis-total-visible-time10552706_196=\"100\" data-gtm-vis-has-fired10552706_196=\"1\" data-gtm-vis-recent-on-screen10552706_192=\"159958\" data-gtm-vis-total-visible-time10552706_192=\"100\" data-gtm-vis-has-fired10552706_192=\"1\" data-gtm-vis-recent-on-screen10552706_184=\"159961\" data-gtm-vis-total-visible-time10552706_184=\"100\" data-gtm-vis-has-fired10552706_184=\"1\" data-gtm-vis-recent-on-screen10552706_193=\"159968\" data-gtm-vis-total-visible-time10552706_193=\"100\" data-gtm-vis-has-fired10552706_193=\"1\">Bande passante maximale de 1280\/1280\/1024 Mbps en entr\u00e9e\/enregistrement\/sortie.<\/li>\n<li class=\"text\" data-gtm-vis-recent-on-screen10552706_181=\"13871\" data-gtm-vis-first-on-screen10552706_181=\"13871\" data-gtm-vis-total-visible-time10552706_181=\"100\" data-gtm-vis-has-fired10552706_181=\"1\" data-gtm-vis-first-on-screen10552706_184=\"13878\" data-gtm-vis-first-on-screen10552706_192=\"13926\" data-gtm-vis-first-on-screen10552706_193=\"13957\" data-gtm-vis-first-on-screen10552706_194=\"13986\" data-gtm-vis-recent-on-screen10552706_195=\"14009\" data-gtm-vis-first-on-screen10552706_195=\"14009\" data-gtm-vis-total-visible-time10552706_195=\"100\" data-gtm-vis-has-fired10552706_195=\"1\" data-gtm-vis-first-on-screen10552706_196=\"14011\" data-gtm-vis-first-on-screen10552706_217=\"14029\" data-gtm-vis-recent-on-screen10552706_194=\"159948\" data-gtm-vis-total-visible-time10552706_194=\"100\" data-gtm-vis-has-fired10552706_194=\"1\" data-gtm-vis-recent-on-screen10552706_217=\"159952\" data-gtm-vis-total-visible-time10552706_217=\"100\" data-gtm-vis-has-fired10552706_217=\"1\" data-gtm-vis-recent-on-screen10552706_196=\"159956\" data-gtm-vis-total-visible-time10552706_196=\"100\" data-gtm-vis-has-fired10552706_196=\"1\" data-gtm-vis-recent-on-screen10552706_192=\"159958\" data-gtm-vis-total-visible-time10552706_192=\"100\" data-gtm-vis-has-fired10552706_192=\"1\" data-gtm-vis-recent-on-screen10552706_184=\"159961\" data-gtm-vis-total-visible-time10552706_184=\"100\" data-gtm-vis-has-fired10552706_184=\"1\" data-gtm-vis-recent-on-screen10552706_193=\"159968\" data-gtm-vis-total-visible-time10552706_193=\"100\" data-gtm-vis-has-fired10552706_193=\"1\">Prend en charge AcuPick avec jusqu&rsquo;\u00e0 64 canaux.<\/li>\n<li class=\"text\" data-gtm-vis-recent-on-screen10552706_181=\"13871\" data-gtm-vis-first-on-screen10552706_181=\"13871\" data-gtm-vis-total-visible-time10552706_181=\"100\" data-gtm-vis-has-fired10552706_181=\"1\" data-gtm-vis-first-on-screen10552706_184=\"13878\" data-gtm-vis-first-on-screen10552706_192=\"13926\" data-gtm-vis-first-on-screen10552706_193=\"13957\" data-gtm-vis-first-on-screen10552706_194=\"13986\" data-gtm-vis-recent-on-screen10552706_195=\"14009\" data-gtm-vis-first-on-screen10552706_195=\"14009\" data-gtm-vis-total-visible-time10552706_195=\"100\" data-gtm-vis-has-fired10552706_195=\"1\" data-gtm-vis-first-on-screen10552706_196=\"14011\" data-gtm-vis-first-on-screen10552706_217=\"14029\" data-gtm-vis-recent-on-screen10552706_194=\"159948\" data-gtm-vis-total-visible-time10552706_194=\"100\" data-gtm-vis-has-fired10552706_194=\"1\" data-gtm-vis-recent-on-screen10552706_217=\"159952\" data-gtm-vis-total-visible-time10552706_217=\"100\" data-gtm-vis-has-fired10552706_217=\"1\" data-gtm-vis-recent-on-screen10552706_196=\"159956\" data-gtm-vis-total-visible-time10552706_196=\"100\" data-gtm-vis-has-fired10552706_196=\"1\" data-gtm-vis-recent-on-screen10552706_192=\"159958\" data-gtm-vis-total-visible-time10552706_192=\"100\" data-gtm-vis-has-fired10552706_192=\"1\" data-gtm-vis-recent-on-screen10552706_184=\"159961\" data-gtm-vis-total-visible-time10552706_184=\"100\" data-gtm-vis-has-fired10552706_184=\"1\" data-gtm-vis-recent-on-screen10552706_193=\"159968\" data-gtm-vis-total-visible-time10552706_193=\"100\" data-gtm-vis-has-fired10552706_193=\"1\">AI by Recorder prend en charge la d\u00e9tection et la reconnaissance faciale sur 8 canaux, jusqu&rsquo;\u00e0 40 bases de donn\u00e9es de visages et 300 000 images de visages ; m\u00e9tadonn\u00e9es sur 8 canaux ; protection p\u00e9rim\u00e9trique sur 32 canaux ; SMD Plus sur 32 canaux.<\/li>\n<li class=\"text\" data-gtm-vis-recent-on-screen10552706_181=\"13871\" data-gtm-vis-first-on-screen10552706_181=\"13871\" data-gtm-vis-total-visible-time10552706_181=\"100\" data-gtm-vis-has-fired10552706_181=\"1\" data-gtm-vis-first-on-screen10552706_184=\"13878\" data-gtm-vis-first-on-screen10552706_192=\"13926\" data-gtm-vis-first-on-screen10552706_193=\"13957\" data-gtm-vis-first-on-screen10552706_194=\"13986\" data-gtm-vis-recent-on-screen10552706_195=\"14009\" data-gtm-vis-first-on-screen10552706_195=\"14009\" data-gtm-vis-total-visible-time10552706_195=\"100\" data-gtm-vis-has-fired10552706_195=\"1\" data-gtm-vis-first-on-screen10552706_196=\"14011\" data-gtm-vis-first-on-screen10552706_217=\"14029\" data-gtm-vis-recent-on-screen10552706_194=\"159948\" data-gtm-vis-total-visible-time10552706_194=\"100\" data-gtm-vis-has-fired10552706_194=\"1\" data-gtm-vis-recent-on-screen10552706_217=\"159952\" data-gtm-vis-total-visible-time10552706_217=\"100\" data-gtm-vis-has-fired10552706_217=\"1\" data-gtm-vis-recent-on-screen10552706_196=\"159956\" data-gtm-vis-total-visible-time10552706_196=\"100\" data-gtm-vis-has-fired10552706_196=\"1\" data-gtm-vis-recent-on-screen10552706_192=\"159958\" data-gtm-vis-total-visible-time10552706_192=\"100\" data-gtm-vis-has-fired10552706_192=\"1\" data-gtm-vis-recent-on-screen10552706_184=\"159961\" data-gtm-vis-total-visible-time10552706_184=\"100\" data-gtm-vis-has-fired10552706_184=\"1\" data-gtm-vis-recent-on-screen10552706_193=\"159968\" data-gtm-vis-total-visible-time10552706_193=\"100\" data-gtm-vis-has-fired10552706_193=\"1\">L&rsquo;IA par cam\u00e9ra prend en charge la d\u00e9tection et la reconnaissance des visages, la protection p\u00e9rim\u00e9trique, SMD Plus, les m\u00e9tadonn\u00e9es, la LAPI, l&rsquo;analyse st\u00e9r\u00e9o, les cartes thermiques et le comptage des personnes.<\/li>\n<li class=\"text\" data-gtm-vis-recent-on-screen10552706_181=\"13871\" data-gtm-vis-first-on-screen10552706_181=\"13871\" data-gtm-vis-total-visible-time10552706_181=\"100\" data-gtm-vis-has-fired10552706_181=\"1\" data-gtm-vis-first-on-screen10552706_184=\"13878\" data-gtm-vis-first-on-screen10552706_192=\"13926\" data-gtm-vis-first-on-screen10552706_193=\"13957\" data-gtm-vis-first-on-screen10552706_194=\"13986\" data-gtm-vis-recent-on-screen10552706_195=\"14009\" data-gtm-vis-first-on-screen10552706_195=\"14009\" data-gtm-vis-total-visible-time10552706_195=\"100\" data-gtm-vis-has-fired10552706_195=\"1\" data-gtm-vis-first-on-screen10552706_196=\"14011\" data-gtm-vis-first-on-screen10552706_217=\"14029\" data-gtm-vis-recent-on-screen10552706_194=\"159948\" data-gtm-vis-total-visible-time10552706_194=\"100\" data-gtm-vis-has-fired10552706_194=\"1\" data-gtm-vis-recent-on-screen10552706_217=\"159952\" data-gtm-vis-total-visible-time10552706_217=\"100\" data-gtm-vis-has-fired10552706_217=\"1\" data-gtm-vis-recent-on-screen10552706_196=\"159956\" data-gtm-vis-total-visible-time10552706_196=\"100\" data-gtm-vis-has-fired10552706_196=\"1\" data-gtm-vis-recent-on-screen10552706_192=\"159958\" data-gtm-vis-total-visible-time10552706_192=\"100\" data-gtm-vis-has-fired10552706_192=\"1\" data-gtm-vis-recent-on-screen10552706_184=\"159961\" data-gtm-vis-total-visible-time10552706_184=\"100\" data-gtm-vis-has-fired10552706_184=\"1\" data-gtm-vis-recent-on-screen10552706_193=\"159968\" data-gtm-vis-total-visible-time10552706_193=\"100\" data-gtm-vis-has-fired10552706_193=\"1\">Prend en charge les clusters N+M, Raid 0\/1\/5\/6\/10, ISCSI. La conception du ch\u00e2ssis de type tiroir permet le remplacement \u00e0 chaud du disque dur.<\/li>\n<li class=\"text\" data-gtm-vis-recent-on-screen10552706_181=\"13871\" data-gtm-vis-first-on-screen10552706_181=\"13871\" data-gtm-vis-total-visible-time10552706_181=\"100\" data-gtm-vis-has-fired10552706_181=\"1\" data-gtm-vis-first-on-screen10552706_184=\"13878\" data-gtm-vis-first-on-screen10552706_192=\"13926\" data-gtm-vis-first-on-screen10552706_193=\"13957\" data-gtm-vis-first-on-screen10552706_194=\"13986\" data-gtm-vis-recent-on-screen10552706_195=\"14009\" data-gtm-vis-first-on-screen10552706_195=\"14009\" data-gtm-vis-total-visible-time10552706_195=\"100\" data-gtm-vis-has-fired10552706_195=\"1\" data-gtm-vis-first-on-screen10552706_196=\"14011\" data-gtm-vis-first-on-screen10552706_217=\"14029\" data-gtm-vis-recent-on-screen10552706_194=\"159948\" data-gtm-vis-total-visible-time10552706_194=\"100\" data-gtm-vis-has-fired10552706_194=\"1\" data-gtm-vis-recent-on-screen10552706_217=\"159952\" data-gtm-vis-total-visible-time10552706_217=\"100\" data-gtm-vis-has-fired10552706_217=\"1\" data-gtm-vis-recent-on-screen10552706_196=\"159956\" data-gtm-vis-total-visible-time10552706_196=\"100\" data-gtm-vis-has-fired10552706_196=\"1\" data-gtm-vis-recent-on-screen10552706_192=\"159958\" data-gtm-vis-total-visible-time10552706_192=\"100\" data-gtm-vis-has-fired10552706_192=\"1\" data-gtm-vis-recent-on-screen10552706_184=\"159961\" data-gtm-vis-total-visible-time10552706_184=\"100\" data-gtm-vis-has-fired10552706_184=\"1\" data-gtm-vis-recent-on-screen10552706_193=\"159968\" data-gtm-vis-total-visible-time10552706_193=\"100\" data-gtm-vis-has-fired10552706_193=\"1\">Prend en charge EPTZ, l&rsquo;armement et le d\u00e9sarmement en un clic.<\/li>\n<li class=\"text\" data-gtm-vis-recent-on-screen10552706_181=\"13871\" data-gtm-vis-first-on-screen10552706_181=\"13871\" data-gtm-vis-total-visible-time10552706_181=\"100\" data-gtm-vis-has-fired10552706_181=\"1\" data-gtm-vis-first-on-screen10552706_184=\"13878\" data-gtm-vis-first-on-screen10552706_192=\"13926\" data-gtm-vis-first-on-screen10552706_193=\"13957\" data-gtm-vis-first-on-screen10552706_194=\"13986\" data-gtm-vis-recent-on-screen10552706_195=\"14009\" data-gtm-vis-first-on-screen10552706_195=\"14009\" data-gtm-vis-total-visible-time10552706_195=\"100\" data-gtm-vis-has-fired10552706_195=\"1\" data-gtm-vis-first-on-screen10552706_196=\"14011\" data-gtm-vis-first-on-screen10552706_217=\"14029\" data-gtm-vis-recent-on-screen10552706_194=\"159948\" data-gtm-vis-total-visible-time10552706_194=\"100\" data-gtm-vis-has-fired10552706_194=\"1\" data-gtm-vis-recent-on-screen10552706_217=\"159952\" data-gtm-vis-total-visible-time10552706_217=\"100\" data-gtm-vis-has-fired10552706_217=\"1\" data-gtm-vis-recent-on-screen10552706_196=\"159956\" data-gtm-vis-total-visible-time10552706_196=\"100\" data-gtm-vis-has-fired10552706_196=\"1\" data-gtm-vis-recent-on-screen10552706_192=\"159958\" data-gtm-vis-total-visible-time10552706_192=\"100\" data-gtm-vis-has-fired10552706_192=\"1\" data-gtm-vis-recent-on-screen10552706_184=\"159961\" data-gtm-vis-total-visible-time10552706_184=\"100\" data-gtm-vis-has-fired10552706_184=\"1\" data-gtm-vis-recent-on-screen10552706_193=\"159968\" data-gtm-vis-total-visible-time10552706_193=\"100\" data-gtm-vis-has-fired10552706_193=\"1\">Niveau de s\u00e9curit\u00e9 de base 2.3.<\/li>\n<\/ul>\n","protected":false},"excerpt":{"rendered":"<p>Enregistreur vid\u00e9o r\u00e9seau WizMind 64 canaux, 2U, 8 disques durs Prend en charge les formats de d\u00e9codage Smart H.265+, H.265,<\/p>\n","protected":false},"featured_media":16878,"comment_status":"open","ping_status":"closed","template":"","meta":{"inline_featured_image":false},"product_brand":[76],"product_cat":[248],"product_tag":[],"class_list":{"0":"post-16877","1":"product","2":"type-product","3":"status-publish","4":"has-post-thumbnail","6":"product_brand-dahua","7":"product_cat-nvr-enregistreur-video-ip","8":"pa_series-xi","10":"first","11":"instock","12":"shipping-taxable","13":"product-type-simple"},"_links":{"self":[{"href":"https:\/\/tcrk-dz.com\/eCatalog\/wp-json\/wp\/v2\/product\/16877","targetHints":{"allow":["GET"]}}],"collection":[{"href":"https:\/\/tcrk-dz.com\/eCatalog\/wp-json\/wp\/v2\/product"}],"about":[{"href":"https:\/\/tcrk-dz.com\/eCatalog\/wp-json\/wp\/v2\/types\/product"}],"replies":[{"embeddable":true,"href":"https:\/\/tcrk-dz.com\/eCatalog\/wp-json\/wp\/v2\/comments?post=16877"}],"version-history":[{"count":0,"href":"https:\/\/tcrk-dz.com\/eCatalog\/wp-json\/wp\/v2\/product\/16877\/revisions"}],"wp:featuredmedia":[{"embeddable":true,"href":"https:\/\/tcrk-dz.com\/eCatalog\/wp-json\/wp\/v2\/media\/16878"}],"wp:attachment":[{"href":"https:\/\/tcrk-dz.com\/eCatalog\/wp-json\/wp\/v2\/media?parent=16877"}],"wp:term":[{"taxonomy":"product_brand","embeddable":true,"href":"https:\/\/tcrk-dz.com\/eCatalog\/wp-json\/wp\/v2\/product_brand?post=16877"},{"taxonomy":"product_cat","embeddable":true,"href":"https:\/\/tcrk-dz.com\/eCatalog\/wp-json\/wp\/v2\/product_cat?post=16877"},{"taxonomy":"product_tag","embeddable":true,"href":"https:\/\/tcrk-dz.com\/eCatalog\/wp-json\/wp\/v2\/product_tag?post=16877"}],"curies":[{"name":"wp","href":"https:\/\/api.w.org\/{rel}","templated":true}]}}