{"id":16851,"date":"2026-01-14T12:53:05","date_gmt":"2026-01-14T12:53:05","guid":{"rendered":"https:\/\/tcrk-dz.com\/eCatalog\/?post_type=product&#038;p=16851"},"modified":"2026-01-14T12:53:05","modified_gmt":"2026-01-14T12:53:05","slug":"nvr-dahua-32-channels-4k-support-2-hdds","status":"publish","type":"product","link":"https:\/\/tcrk-dz.com\/eCatalog\/produit\/nvr-dahua-32-channels-4k-support-2-hdds\/","title":{"rendered":"NVR DAHUA 32 Channels 4K Support 2 HDD&rsquo;s"},"content":{"rendered":"<ul>\n<li data-gtm-vis-has-fired10552706_181=\"1\" data-gtm-vis-first-on-screen10552706_184=\"95765\" data-gtm-vis-first-on-screen10552706_192=\"95815\" data-gtm-vis-first-on-screen10552706_193=\"95882\" data-gtm-vis-first-on-screen10552706_194=\"95917\" data-gtm-vis-has-fired10552706_195=\"1\" data-gtm-vis-first-on-screen10552706_196=\"95961\" data-gtm-vis-first-on-screen10552706_217=\"96004\" data-gtm-vis-recent-on-screen10552706_193=\"157603\" data-gtm-vis-total-visible-time10552706_193=\"100\" data-gtm-vis-has-fired10552706_193=\"1\" data-gtm-vis-recent-on-screen10552706_217=\"157610\" data-gtm-vis-total-visible-time10552706_217=\"100\" data-gtm-vis-has-fired10552706_217=\"1\" data-gtm-vis-recent-on-screen10552706_192=\"157616\" data-gtm-vis-total-visible-time10552706_192=\"100\" data-gtm-vis-has-fired10552706_192=\"1\" data-gtm-vis-recent-on-screen10552706_194=\"157624\" data-gtm-vis-total-visible-time10552706_194=\"100\" data-gtm-vis-has-fired10552706_194=\"1\" data-gtm-vis-recent-on-screen10552706_184=\"157629\" data-gtm-vis-total-visible-time10552706_184=\"100\" data-gtm-vis-has-fired10552706_184=\"1\" data-gtm-vis-recent-on-screen10552706_196=\"157638\" data-gtm-vis-total-visible-time10552706_196=\"100\" data-gtm-vis-has-fired10552706_196=\"1\"><span dir=\"auto\">Prend en charge les formats de d\u00e9codage Smart H.265+, H.265, Smart H.264+, H.264 et MJPEG. <\/span><\/li>\n<li data-gtm-vis-has-fired10552706_181=\"1\" data-gtm-vis-first-on-screen10552706_184=\"95765\" data-gtm-vis-first-on-screen10552706_192=\"95815\" data-gtm-vis-first-on-screen10552706_193=\"95882\" data-gtm-vis-first-on-screen10552706_194=\"95917\" data-gtm-vis-has-fired10552706_195=\"1\" data-gtm-vis-first-on-screen10552706_196=\"95961\" data-gtm-vis-first-on-screen10552706_217=\"96004\" data-gtm-vis-recent-on-screen10552706_193=\"157603\" data-gtm-vis-total-visible-time10552706_193=\"100\" data-gtm-vis-has-fired10552706_193=\"1\" data-gtm-vis-recent-on-screen10552706_217=\"157610\" data-gtm-vis-total-visible-time10552706_217=\"100\" data-gtm-vis-has-fired10552706_217=\"1\" data-gtm-vis-recent-on-screen10552706_192=\"157616\" data-gtm-vis-total-visible-time10552706_192=\"100\" data-gtm-vis-has-fired10552706_192=\"1\" data-gtm-vis-recent-on-screen10552706_194=\"157624\" data-gtm-vis-total-visible-time10552706_194=\"100\" data-gtm-vis-has-fired10552706_194=\"1\" data-gtm-vis-recent-on-screen10552706_184=\"157629\" data-gtm-vis-total-visible-time10552706_184=\"100\" data-gtm-vis-has-fired10552706_184=\"1\" data-gtm-vis-recent-on-screen10552706_196=\"157638\" data-gtm-vis-total-visible-time10552706_196=\"100\" data-gtm-vis-has-fired10552706_196=\"1\">Capacit\u00e9 de d\u00e9codage maximale : 32 \u00d7 1080p \u00e0 30 images\/s ou 32 \u00d7 2MP \u00e0 30 images\/s.<\/li>\n<li data-gtm-vis-has-fired10552706_181=\"1\" data-gtm-vis-first-on-screen10552706_184=\"95765\" data-gtm-vis-first-on-screen10552706_192=\"95815\" data-gtm-vis-first-on-screen10552706_193=\"95882\" data-gtm-vis-first-on-screen10552706_194=\"95917\" data-gtm-vis-has-fired10552706_195=\"1\" data-gtm-vis-first-on-screen10552706_196=\"95961\" data-gtm-vis-first-on-screen10552706_217=\"96004\" data-gtm-vis-recent-on-screen10552706_193=\"157603\" data-gtm-vis-total-visible-time10552706_193=\"100\" data-gtm-vis-has-fired10552706_193=\"1\" data-gtm-vis-recent-on-screen10552706_217=\"157610\" data-gtm-vis-total-visible-time10552706_217=\"100\" data-gtm-vis-has-fired10552706_217=\"1\" data-gtm-vis-recent-on-screen10552706_192=\"157616\" data-gtm-vis-total-visible-time10552706_192=\"100\" data-gtm-vis-has-fired10552706_192=\"1\" data-gtm-vis-recent-on-screen10552706_194=\"157624\" data-gtm-vis-total-visible-time10552706_194=\"100\" data-gtm-vis-has-fired10552706_194=\"1\" data-gtm-vis-recent-on-screen10552706_184=\"157629\" data-gtm-vis-total-visible-time10552706_184=\"100\" data-gtm-vis-has-fired10552706_184=\"1\" data-gtm-vis-recent-on-screen10552706_196=\"157638\" data-gtm-vis-total-visible-time10552706_196=\"100\" data-gtm-vis-has-fired10552706_196=\"1\">Bande passante maximale de 384\/384\/384 Mbps en entr\u00e9e\/enregistrement\/sortie.<\/li>\n<li data-gtm-vis-has-fired10552706_181=\"1\" data-gtm-vis-first-on-screen10552706_184=\"95765\" data-gtm-vis-first-on-screen10552706_192=\"95815\" data-gtm-vis-first-on-screen10552706_193=\"95882\" data-gtm-vis-first-on-screen10552706_194=\"95917\" data-gtm-vis-has-fired10552706_195=\"1\" data-gtm-vis-first-on-screen10552706_196=\"95961\" data-gtm-vis-first-on-screen10552706_217=\"96004\" data-gtm-vis-recent-on-screen10552706_193=\"157603\" data-gtm-vis-total-visible-time10552706_193=\"100\" data-gtm-vis-has-fired10552706_193=\"1\" data-gtm-vis-recent-on-screen10552706_217=\"157610\" data-gtm-vis-total-visible-time10552706_217=\"100\" data-gtm-vis-has-fired10552706_217=\"1\" data-gtm-vis-recent-on-screen10552706_192=\"157616\" data-gtm-vis-total-visible-time10552706_192=\"100\" data-gtm-vis-has-fired10552706_192=\"1\" data-gtm-vis-recent-on-screen10552706_194=\"157624\" data-gtm-vis-total-visible-time10552706_194=\"100\" data-gtm-vis-has-fired10552706_194=\"1\" data-gtm-vis-recent-on-screen10552706_184=\"157629\" data-gtm-vis-total-visible-time10552706_184=\"100\" data-gtm-vis-has-fired10552706_184=\"1\" data-gtm-vis-recent-on-screen10552706_196=\"157638\" data-gtm-vis-total-visible-time10552706_196=\"100\" data-gtm-vis-has-fired10552706_196=\"1\">Prend en charge les cam\u00e9ras IP avec une r\u00e9solution allant jusqu&rsquo;\u00e0 32 MP.<\/li>\n<li data-gtm-vis-has-fired10552706_181=\"1\" data-gtm-vis-first-on-screen10552706_184=\"95765\" data-gtm-vis-first-on-screen10552706_192=\"95815\" data-gtm-vis-first-on-screen10552706_193=\"95882\" data-gtm-vis-first-on-screen10552706_194=\"95917\" data-gtm-vis-has-fired10552706_195=\"1\" data-gtm-vis-first-on-screen10552706_196=\"95961\" data-gtm-vis-first-on-screen10552706_217=\"96004\" data-gtm-vis-recent-on-screen10552706_193=\"157603\" data-gtm-vis-total-visible-time10552706_193=\"100\" data-gtm-vis-has-fired10552706_193=\"1\" data-gtm-vis-recent-on-screen10552706_217=\"157610\" data-gtm-vis-total-visible-time10552706_217=\"100\" data-gtm-vis-has-fired10552706_217=\"1\" data-gtm-vis-recent-on-screen10552706_192=\"157616\" data-gtm-vis-total-visible-time10552706_192=\"100\" data-gtm-vis-has-fired10552706_192=\"1\" data-gtm-vis-recent-on-screen10552706_194=\"157624\" data-gtm-vis-total-visible-time10552706_194=\"100\" data-gtm-vis-has-fired10552706_194=\"1\" data-gtm-vis-recent-on-screen10552706_184=\"157629\" data-gtm-vis-total-visible-time10552706_184=\"100\" data-gtm-vis-has-fired10552706_184=\"1\" data-gtm-vis-recent-on-screen10552706_196=\"157638\" data-gtm-vis-total-visible-time10552706_196=\"100\" data-gtm-vis-has-fired10552706_196=\"1\">Prend en charge AcuPick avec jusqu&rsquo;\u00e0 32 canaux.<\/li>\n<li data-gtm-vis-has-fired10552706_181=\"1\" data-gtm-vis-first-on-screen10552706_184=\"95765\" data-gtm-vis-first-on-screen10552706_192=\"95815\" data-gtm-vis-first-on-screen10552706_193=\"95882\" data-gtm-vis-first-on-screen10552706_194=\"95917\" data-gtm-vis-has-fired10552706_195=\"1\" data-gtm-vis-first-on-screen10552706_196=\"95961\" data-gtm-vis-first-on-screen10552706_217=\"96004\" data-gtm-vis-recent-on-screen10552706_193=\"157603\" data-gtm-vis-total-visible-time10552706_193=\"100\" data-gtm-vis-has-fired10552706_193=\"1\" data-gtm-vis-recent-on-screen10552706_217=\"157610\" data-gtm-vis-total-visible-time10552706_217=\"100\" data-gtm-vis-has-fired10552706_217=\"1\" data-gtm-vis-recent-on-screen10552706_192=\"157616\" data-gtm-vis-total-visible-time10552706_192=\"100\" data-gtm-vis-has-fired10552706_192=\"1\" data-gtm-vis-recent-on-screen10552706_194=\"157624\" data-gtm-vis-total-visible-time10552706_194=\"100\" data-gtm-vis-has-fired10552706_194=\"1\" data-gtm-vis-recent-on-screen10552706_184=\"157629\" data-gtm-vis-total-visible-time10552706_184=\"100\" data-gtm-vis-has-fired10552706_184=\"1\" data-gtm-vis-recent-on-screen10552706_196=\"157638\" data-gtm-vis-total-visible-time10552706_196=\"100\" data-gtm-vis-has-fired10552706_196=\"1\">Prend en charge les clusters N+M et iSCSI.<\/li>\n<li data-gtm-vis-has-fired10552706_181=\"1\" data-gtm-vis-first-on-screen10552706_184=\"95765\" data-gtm-vis-first-on-screen10552706_192=\"95815\" data-gtm-vis-first-on-screen10552706_193=\"95882\" data-gtm-vis-first-on-screen10552706_194=\"95917\" data-gtm-vis-has-fired10552706_195=\"1\" data-gtm-vis-first-on-screen10552706_196=\"95961\" data-gtm-vis-first-on-screen10552706_217=\"96004\" data-gtm-vis-recent-on-screen10552706_193=\"157603\" data-gtm-vis-total-visible-time10552706_193=\"100\" data-gtm-vis-has-fired10552706_193=\"1\" data-gtm-vis-recent-on-screen10552706_217=\"157610\" data-gtm-vis-total-visible-time10552706_217=\"100\" data-gtm-vis-has-fired10552706_217=\"1\" data-gtm-vis-recent-on-screen10552706_192=\"157616\" data-gtm-vis-total-visible-time10552706_192=\"100\" data-gtm-vis-has-fired10552706_192=\"1\" data-gtm-vis-recent-on-screen10552706_194=\"157624\" data-gtm-vis-total-visible-time10552706_194=\"100\" data-gtm-vis-has-fired10552706_194=\"1\" data-gtm-vis-recent-on-screen10552706_184=\"157629\" data-gtm-vis-total-visible-time10552706_184=\"100\" data-gtm-vis-has-fired10552706_184=\"1\" data-gtm-vis-recent-on-screen10552706_196=\"157638\" data-gtm-vis-total-visible-time10552706_196=\"100\" data-gtm-vis-has-fired10552706_196=\"1\">AI by Recorder prend en charge la d\u00e9tection et la reconnaissance faciale \u00e0 2 canaux, jusqu&rsquo;\u00e0 20 bases de donn\u00e9es de visages et 20 000 images de visages ; protection p\u00e9rim\u00e9trique \u00e0 4 canaux ; SMD Plus \u00e0 8 canaux.<\/li>\n<li data-gtm-vis-has-fired10552706_181=\"1\" data-gtm-vis-first-on-screen10552706_184=\"95765\" data-gtm-vis-first-on-screen10552706_192=\"95815\" data-gtm-vis-first-on-screen10552706_193=\"95882\" data-gtm-vis-first-on-screen10552706_194=\"95917\" data-gtm-vis-has-fired10552706_195=\"1\" data-gtm-vis-first-on-screen10552706_196=\"95961\" data-gtm-vis-first-on-screen10552706_217=\"96004\" data-gtm-vis-recent-on-screen10552706_193=\"157603\" data-gtm-vis-total-visible-time10552706_193=\"100\" data-gtm-vis-has-fired10552706_193=\"1\" data-gtm-vis-recent-on-screen10552706_217=\"157610\" data-gtm-vis-total-visible-time10552706_217=\"100\" data-gtm-vis-has-fired10552706_217=\"1\" data-gtm-vis-recent-on-screen10552706_192=\"157616\" data-gtm-vis-total-visible-time10552706_192=\"100\" data-gtm-vis-has-fired10552706_192=\"1\" data-gtm-vis-recent-on-screen10552706_194=\"157624\" data-gtm-vis-total-visible-time10552706_194=\"100\" data-gtm-vis-has-fired10552706_194=\"1\" data-gtm-vis-recent-on-screen10552706_184=\"157629\" data-gtm-vis-total-visible-time10552706_184=\"100\" data-gtm-vis-has-fired10552706_184=\"1\" data-gtm-vis-recent-on-screen10552706_196=\"157638\" data-gtm-vis-total-visible-time10552706_196=\"100\" data-gtm-vis-has-fired10552706_196=\"1\">L&rsquo;IA par cam\u00e9ra prend en charge la d\u00e9tection et la reconnaissance des visages, la protection p\u00e9rim\u00e9trique, SMD Plus, les m\u00e9tadonn\u00e9es, la LAPI, l&rsquo;analyse st\u00e9r\u00e9o, les cartes thermiques et le comptage des personnes.<\/li>\n<li data-gtm-vis-has-fired10552706_181=\"1\" data-gtm-vis-first-on-screen10552706_184=\"95765\" data-gtm-vis-first-on-screen10552706_192=\"95815\" data-gtm-vis-first-on-screen10552706_193=\"95882\" data-gtm-vis-first-on-screen10552706_194=\"95917\" data-gtm-vis-has-fired10552706_195=\"1\" data-gtm-vis-first-on-screen10552706_196=\"95961\" data-gtm-vis-first-on-screen10552706_217=\"96004\" data-gtm-vis-recent-on-screen10552706_193=\"157603\" data-gtm-vis-total-visible-time10552706_193=\"100\" data-gtm-vis-has-fired10552706_193=\"1\" data-gtm-vis-recent-on-screen10552706_217=\"157610\" data-gtm-vis-total-visible-time10552706_217=\"100\" data-gtm-vis-has-fired10552706_217=\"1\" data-gtm-vis-recent-on-screen10552706_192=\"157616\" data-gtm-vis-total-visible-time10552706_192=\"100\" data-gtm-vis-has-fired10552706_192=\"1\" data-gtm-vis-recent-on-screen10552706_194=\"157624\" data-gtm-vis-total-visible-time10552706_194=\"100\" data-gtm-vis-has-fired10552706_194=\"1\" data-gtm-vis-recent-on-screen10552706_184=\"157629\" data-gtm-vis-total-visible-time10552706_184=\"100\" data-gtm-vis-has-fired10552706_184=\"1\" data-gtm-vis-recent-on-screen10552706_196=\"157638\" data-gtm-vis-total-visible-time10552706_196=\"100\" data-gtm-vis-has-fired10552706_196=\"1\">Prend en charge EPTZ, et l&rsquo;armement et le d\u00e9sarmement en un clic.<\/li>\n<\/ul>\n","protected":false},"excerpt":{"rendered":"<p>Prend en charge les formats de d\u00e9codage Smart H.265+, H.265, Smart H.264+, H.264 et MJPEG. Capacit\u00e9 de d\u00e9codage maximale :<\/p>\n","protected":false},"featured_media":16853,"comment_status":"open","ping_status":"closed","template":"","meta":{"inline_featured_image":false},"product_brand":[76],"product_cat":[248],"product_tag":[],"class_list":{"0":"post-16851","1":"product","2":"type-product","3":"status-publish","4":"has-post-thumbnail","6":"product_brand-dahua","7":"product_cat-nvr-enregistreur-video-ip","8":"pa_brand-dahua","9":"pa_series-ei","11":"first","12":"instock","13":"shipping-taxable","14":"product-type-simple"},"_links":{"self":[{"href":"https:\/\/tcrk-dz.com\/eCatalog\/wp-json\/wp\/v2\/product\/16851","targetHints":{"allow":["GET"]}}],"collection":[{"href":"https:\/\/tcrk-dz.com\/eCatalog\/wp-json\/wp\/v2\/product"}],"about":[{"href":"https:\/\/tcrk-dz.com\/eCatalog\/wp-json\/wp\/v2\/types\/product"}],"replies":[{"embeddable":true,"href":"https:\/\/tcrk-dz.com\/eCatalog\/wp-json\/wp\/v2\/comments?post=16851"}],"version-history":[{"count":0,"href":"https:\/\/tcrk-dz.com\/eCatalog\/wp-json\/wp\/v2\/product\/16851\/revisions"}],"wp:featuredmedia":[{"embeddable":true,"href":"https:\/\/tcrk-dz.com\/eCatalog\/wp-json\/wp\/v2\/media\/16853"}],"wp:attachment":[{"href":"https:\/\/tcrk-dz.com\/eCatalog\/wp-json\/wp\/v2\/media?parent=16851"}],"wp:term":[{"taxonomy":"product_brand","embeddable":true,"href":"https:\/\/tcrk-dz.com\/eCatalog\/wp-json\/wp\/v2\/product_brand?post=16851"},{"taxonomy":"product_cat","embeddable":true,"href":"https:\/\/tcrk-dz.com\/eCatalog\/wp-json\/wp\/v2\/product_cat?post=16851"},{"taxonomy":"product_tag","embeddable":true,"href":"https:\/\/tcrk-dz.com\/eCatalog\/wp-json\/wp\/v2\/product_tag?post=16851"}],"curies":[{"name":"wp","href":"https:\/\/api.w.org\/{rel}","templated":true}]}}