{"id":16836,"date":"2025-12-30T09:58:49","date_gmt":"2025-12-30T09:58:49","guid":{"rendered":"https:\/\/tcrk-dz.com\/eCatalog\/?post_type=product&#038;p=16836"},"modified":"2025-12-30T09:59:33","modified_gmt":"2025-12-30T09:59:33","slug":"16836-algerie-dz-tcrk-hamiz","status":"publish","type":"product","link":"https:\/\/tcrk-dz.com\/eCatalog\/produit\/16836-algerie-dz-tcrk-hamiz\/","title":{"rendered":"NVR Dahua 16 Channels 4K Support 2 HDD&rsquo;s avec 16 Ports PoE"},"content":{"rendered":"<ul>\n<li class=\"text\" data-gtm-vis-recent-on-screen10552706_181=\"1399\" data-gtm-vis-first-on-screen10552706_181=\"1399\" data-gtm-vis-total-visible-time10552706_181=\"100\" data-gtm-vis-has-fired10552706_181=\"1\" data-gtm-vis-first-on-screen10552706_184=\"1407\" data-gtm-vis-first-on-screen10552706_192=\"1456\" data-gtm-vis-first-on-screen10552706_193=\"1489\" data-gtm-vis-first-on-screen10552706_194=\"1528\" data-gtm-vis-recent-on-screen10552706_195=\"1554\" data-gtm-vis-first-on-screen10552706_195=\"1554\" data-gtm-vis-total-visible-time10552706_195=\"100\" data-gtm-vis-has-fired10552706_195=\"1\" data-gtm-vis-first-on-screen10552706_196=\"1557\" data-gtm-vis-first-on-screen10552706_217=\"1582\" data-gtm-vis-recent-on-screen10552706_192=\"2768\" data-gtm-vis-total-visible-time10552706_192=\"100\" data-gtm-vis-has-fired10552706_192=\"1\" data-gtm-vis-recent-on-screen10552706_184=\"2772\" data-gtm-vis-total-visible-time10552706_184=\"100\" data-gtm-vis-has-fired10552706_184=\"1\" data-gtm-vis-recent-on-screen10552706_193=\"2775\" data-gtm-vis-total-visible-time10552706_193=\"100\" data-gtm-vis-has-fired10552706_193=\"1\" data-gtm-vis-recent-on-screen10552706_217=\"2782\" data-gtm-vis-total-visible-time10552706_217=\"100\" data-gtm-vis-has-fired10552706_217=\"1\" data-gtm-vis-recent-on-screen10552706_196=\"2785\" data-gtm-vis-total-visible-time10552706_196=\"100\" data-gtm-vis-has-fired10552706_196=\"1\" data-gtm-vis-recent-on-screen10552706_194=\"2788\" data-gtm-vis-total-visible-time10552706_194=\"100\" data-gtm-vis-has-fired10552706_194=\"1\"><span dir=\"auto\">Enregistreur vid\u00e9o r\u00e9seau WizMind 16 canaux, 1U, 2 disques durs, 8 ports PoE<\/span><\/li>\n<li class=\"text\" data-gtm-vis-recent-on-screen10552706_181=\"1399\" data-gtm-vis-first-on-screen10552706_181=\"1399\" data-gtm-vis-total-visible-time10552706_181=\"100\" data-gtm-vis-has-fired10552706_181=\"1\" data-gtm-vis-first-on-screen10552706_184=\"1407\" data-gtm-vis-first-on-screen10552706_192=\"1456\" data-gtm-vis-first-on-screen10552706_193=\"1489\" data-gtm-vis-first-on-screen10552706_194=\"1528\" data-gtm-vis-recent-on-screen10552706_195=\"1554\" data-gtm-vis-first-on-screen10552706_195=\"1554\" data-gtm-vis-total-visible-time10552706_195=\"100\" data-gtm-vis-has-fired10552706_195=\"1\" data-gtm-vis-first-on-screen10552706_196=\"1557\" data-gtm-vis-first-on-screen10552706_217=\"1582\" data-gtm-vis-recent-on-screen10552706_192=\"2768\" data-gtm-vis-total-visible-time10552706_192=\"100\" data-gtm-vis-has-fired10552706_192=\"1\" data-gtm-vis-recent-on-screen10552706_184=\"2772\" data-gtm-vis-total-visible-time10552706_184=\"100\" data-gtm-vis-has-fired10552706_184=\"1\" data-gtm-vis-recent-on-screen10552706_193=\"2775\" data-gtm-vis-total-visible-time10552706_193=\"100\" data-gtm-vis-has-fired10552706_193=\"1\" data-gtm-vis-recent-on-screen10552706_217=\"2782\" data-gtm-vis-total-visible-time10552706_217=\"100\" data-gtm-vis-has-fired10552706_217=\"1\" data-gtm-vis-recent-on-screen10552706_196=\"2785\" data-gtm-vis-total-visible-time10552706_196=\"100\" data-gtm-vis-has-fired10552706_196=\"1\" data-gtm-vis-recent-on-screen10552706_194=\"2788\" data-gtm-vis-total-visible-time10552706_194=\"100\" data-gtm-vis-has-fired10552706_194=\"1\">Acc\u00e8s vid\u00e9o IP \u00e0 16 canaux<\/li>\n<li class=\"text\" data-gtm-vis-recent-on-screen10552706_181=\"1399\" data-gtm-vis-first-on-screen10552706_181=\"1399\" data-gtm-vis-total-visible-time10552706_181=\"100\" data-gtm-vis-has-fired10552706_181=\"1\" data-gtm-vis-first-on-screen10552706_184=\"1407\" data-gtm-vis-first-on-screen10552706_192=\"1456\" data-gtm-vis-first-on-screen10552706_193=\"1489\" data-gtm-vis-first-on-screen10552706_194=\"1528\" data-gtm-vis-recent-on-screen10552706_195=\"1554\" data-gtm-vis-first-on-screen10552706_195=\"1554\" data-gtm-vis-total-visible-time10552706_195=\"100\" data-gtm-vis-has-fired10552706_195=\"1\" data-gtm-vis-first-on-screen10552706_196=\"1557\" data-gtm-vis-first-on-screen10552706_217=\"1582\" data-gtm-vis-recent-on-screen10552706_192=\"2768\" data-gtm-vis-total-visible-time10552706_192=\"100\" data-gtm-vis-has-fired10552706_192=\"1\" data-gtm-vis-recent-on-screen10552706_184=\"2772\" data-gtm-vis-total-visible-time10552706_184=\"100\" data-gtm-vis-has-fired10552706_184=\"1\" data-gtm-vis-recent-on-screen10552706_193=\"2775\" data-gtm-vis-total-visible-time10552706_193=\"100\" data-gtm-vis-has-fired10552706_193=\"1\" data-gtm-vis-recent-on-screen10552706_217=\"2782\" data-gtm-vis-total-visible-time10552706_217=\"100\" data-gtm-vis-has-fired10552706_217=\"1\" data-gtm-vis-recent-on-screen10552706_196=\"2785\" data-gtm-vis-total-visible-time10552706_196=\"100\" data-gtm-vis-has-fired10552706_196=\"1\" data-gtm-vis-recent-on-screen10552706_194=\"2788\" data-gtm-vis-total-visible-time10552706_194=\"100\" data-gtm-vis-has-fired10552706_194=\"1\">Smart H.265+\/H.265\/Smart H.264+\/H.264\/MJPEG<\/li>\n<li class=\"text\" data-gtm-vis-recent-on-screen10552706_181=\"1399\" data-gtm-vis-first-on-screen10552706_181=\"1399\" data-gtm-vis-total-visible-time10552706_181=\"100\" data-gtm-vis-has-fired10552706_181=\"1\" data-gtm-vis-first-on-screen10552706_184=\"1407\" data-gtm-vis-first-on-screen10552706_192=\"1456\" data-gtm-vis-first-on-screen10552706_193=\"1489\" data-gtm-vis-first-on-screen10552706_194=\"1528\" data-gtm-vis-recent-on-screen10552706_195=\"1554\" data-gtm-vis-first-on-screen10552706_195=\"1554\" data-gtm-vis-total-visible-time10552706_195=\"100\" data-gtm-vis-has-fired10552706_195=\"1\" data-gtm-vis-first-on-screen10552706_196=\"1557\" data-gtm-vis-first-on-screen10552706_217=\"1582\" data-gtm-vis-recent-on-screen10552706_192=\"2768\" data-gtm-vis-total-visible-time10552706_192=\"100\" data-gtm-vis-has-fired10552706_192=\"1\" data-gtm-vis-recent-on-screen10552706_184=\"2772\" data-gtm-vis-total-visible-time10552706_184=\"100\" data-gtm-vis-has-fired10552706_184=\"1\" data-gtm-vis-recent-on-screen10552706_193=\"2775\" data-gtm-vis-total-visible-time10552706_193=\"100\" data-gtm-vis-has-fired10552706_193=\"1\" data-gtm-vis-recent-on-screen10552706_217=\"2782\" data-gtm-vis-total-visible-time10552706_217=\"100\" data-gtm-vis-has-fired10552706_217=\"1\" data-gtm-vis-recent-on-screen10552706_196=\"2785\" data-gtm-vis-total-visible-time10552706_196=\"100\" data-gtm-vis-has-fired10552706_196=\"1\" data-gtm-vis-recent-on-screen10552706_194=\"2788\" data-gtm-vis-total-visible-time10552706_194=\"100\" data-gtm-vis-has-fired10552706_194=\"1\">Protection p\u00e9rim\u00e9trique jusqu&rsquo;\u00e0 16 canaux<\/li>\n<li class=\"text\" data-gtm-vis-recent-on-screen10552706_181=\"1399\" data-gtm-vis-first-on-screen10552706_181=\"1399\" data-gtm-vis-total-visible-time10552706_181=\"100\" data-gtm-vis-has-fired10552706_181=\"1\" data-gtm-vis-first-on-screen10552706_184=\"1407\" data-gtm-vis-first-on-screen10552706_192=\"1456\" data-gtm-vis-first-on-screen10552706_193=\"1489\" data-gtm-vis-first-on-screen10552706_194=\"1528\" data-gtm-vis-recent-on-screen10552706_195=\"1554\" data-gtm-vis-first-on-screen10552706_195=\"1554\" data-gtm-vis-total-visible-time10552706_195=\"100\" data-gtm-vis-has-fired10552706_195=\"1\" data-gtm-vis-first-on-screen10552706_196=\"1557\" data-gtm-vis-first-on-screen10552706_217=\"1582\" data-gtm-vis-recent-on-screen10552706_192=\"2768\" data-gtm-vis-total-visible-time10552706_192=\"100\" data-gtm-vis-has-fired10552706_192=\"1\" data-gtm-vis-recent-on-screen10552706_184=\"2772\" data-gtm-vis-total-visible-time10552706_184=\"100\" data-gtm-vis-has-fired10552706_184=\"1\" data-gtm-vis-recent-on-screen10552706_193=\"2775\" data-gtm-vis-total-visible-time10552706_193=\"100\" data-gtm-vis-has-fired10552706_193=\"1\" data-gtm-vis-recent-on-screen10552706_217=\"2782\" data-gtm-vis-total-visible-time10552706_217=\"100\" data-gtm-vis-has-fired10552706_217=\"1\" data-gtm-vis-recent-on-screen10552706_196=\"2785\" data-gtm-vis-total-visible-time10552706_196=\"100\" data-gtm-vis-has-fired10552706_196=\"1\" data-gtm-vis-recent-on-screen10552706_194=\"2788\" data-gtm-vis-total-visible-time10552706_194=\"100\" data-gtm-vis-has-fired10552706_194=\"1\">Reconnaissance faciale sur jusqu&rsquo;\u00e0 4 flux vid\u00e9o.<\/li>\n<li class=\"text\" data-gtm-vis-recent-on-screen10552706_181=\"1399\" data-gtm-vis-first-on-screen10552706_181=\"1399\" data-gtm-vis-total-visible-time10552706_181=\"100\" data-gtm-vis-has-fired10552706_181=\"1\" data-gtm-vis-first-on-screen10552706_184=\"1407\" data-gtm-vis-first-on-screen10552706_192=\"1456\" data-gtm-vis-first-on-screen10552706_193=\"1489\" data-gtm-vis-first-on-screen10552706_194=\"1528\" data-gtm-vis-recent-on-screen10552706_195=\"1554\" data-gtm-vis-first-on-screen10552706_195=\"1554\" data-gtm-vis-total-visible-time10552706_195=\"100\" data-gtm-vis-has-fired10552706_195=\"1\" data-gtm-vis-first-on-screen10552706_196=\"1557\" data-gtm-vis-first-on-screen10552706_217=\"1582\" data-gtm-vis-recent-on-screen10552706_192=\"2768\" data-gtm-vis-total-visible-time10552706_192=\"100\" data-gtm-vis-has-fired10552706_192=\"1\" data-gtm-vis-recent-on-screen10552706_184=\"2772\" data-gtm-vis-total-visible-time10552706_184=\"100\" data-gtm-vis-has-fired10552706_184=\"1\" data-gtm-vis-recent-on-screen10552706_193=\"2775\" data-gtm-vis-total-visible-time10552706_193=\"100\" data-gtm-vis-has-fired10552706_193=\"1\" data-gtm-vis-recent-on-screen10552706_217=\"2782\" data-gtm-vis-total-visible-time10552706_217=\"100\" data-gtm-vis-has-fired10552706_217=\"1\" data-gtm-vis-recent-on-screen10552706_196=\"2785\" data-gtm-vis-total-visible-time10552706_196=\"100\" data-gtm-vis-has-fired10552706_196=\"1\" data-gtm-vis-recent-on-screen10552706_194=\"2788\" data-gtm-vis-total-visible-time10552706_194=\"100\" data-gtm-vis-has-fired10552706_194=\"1\">Traitement jusqu&rsquo;\u00e0 22 images de visages par seconde<\/li>\n<li class=\"text\" data-gtm-vis-recent-on-screen10552706_181=\"1399\" data-gtm-vis-first-on-screen10552706_181=\"1399\" data-gtm-vis-total-visible-time10552706_181=\"100\" data-gtm-vis-has-fired10552706_181=\"1\" data-gtm-vis-first-on-screen10552706_184=\"1407\" data-gtm-vis-first-on-screen10552706_192=\"1456\" data-gtm-vis-first-on-screen10552706_193=\"1489\" data-gtm-vis-first-on-screen10552706_194=\"1528\" data-gtm-vis-recent-on-screen10552706_195=\"1554\" data-gtm-vis-first-on-screen10552706_195=\"1554\" data-gtm-vis-total-visible-time10552706_195=\"100\" data-gtm-vis-has-fired10552706_195=\"1\" data-gtm-vis-first-on-screen10552706_196=\"1557\" data-gtm-vis-first-on-screen10552706_217=\"1582\" data-gtm-vis-recent-on-screen10552706_192=\"2768\" data-gtm-vis-total-visible-time10552706_192=\"100\" data-gtm-vis-has-fired10552706_192=\"1\" data-gtm-vis-recent-on-screen10552706_184=\"2772\" data-gtm-vis-total-visible-time10552706_184=\"100\" data-gtm-vis-has-fired10552706_184=\"1\" data-gtm-vis-recent-on-screen10552706_193=\"2775\" data-gtm-vis-total-visible-time10552706_193=\"100\" data-gtm-vis-has-fired10552706_193=\"1\" data-gtm-vis-recent-on-screen10552706_217=\"2782\" data-gtm-vis-total-visible-time10552706_217=\"100\" data-gtm-vis-has-fired10552706_217=\"1\" data-gtm-vis-recent-on-screen10552706_196=\"2785\" data-gtm-vis-total-visible-time10552706_196=\"100\" data-gtm-vis-has-fired10552706_196=\"1\" data-gtm-vis-recent-on-screen10552706_194=\"2788\" data-gtm-vis-total-visible-time10552706_194=\"100\" data-gtm-vis-has-fired10552706_194=\"1\">Jusqu&rsquo;\u00e0 20 bases de donn\u00e9es faciales contenant au total 100 000 images de visages.<\/li>\n<li class=\"text\" data-gtm-vis-recent-on-screen10552706_181=\"1399\" data-gtm-vis-first-on-screen10552706_181=\"1399\" data-gtm-vis-total-visible-time10552706_181=\"100\" data-gtm-vis-has-fired10552706_181=\"1\" data-gtm-vis-first-on-screen10552706_184=\"1407\" data-gtm-vis-first-on-screen10552706_192=\"1456\" data-gtm-vis-first-on-screen10552706_193=\"1489\" data-gtm-vis-first-on-screen10552706_194=\"1528\" data-gtm-vis-recent-on-screen10552706_195=\"1554\" data-gtm-vis-first-on-screen10552706_195=\"1554\" data-gtm-vis-total-visible-time10552706_195=\"100\" data-gtm-vis-has-fired10552706_195=\"1\" data-gtm-vis-first-on-screen10552706_196=\"1557\" data-gtm-vis-first-on-screen10552706_217=\"1582\" data-gtm-vis-recent-on-screen10552706_192=\"2768\" data-gtm-vis-total-visible-time10552706_192=\"100\" data-gtm-vis-has-fired10552706_192=\"1\" data-gtm-vis-recent-on-screen10552706_184=\"2772\" data-gtm-vis-total-visible-time10552706_184=\"100\" data-gtm-vis-has-fired10552706_184=\"1\" data-gtm-vis-recent-on-screen10552706_193=\"2775\" data-gtm-vis-total-visible-time10552706_193=\"100\" data-gtm-vis-has-fired10552706_193=\"1\" data-gtm-vis-recent-on-screen10552706_217=\"2782\" data-gtm-vis-total-visible-time10552706_217=\"100\" data-gtm-vis-has-fired10552706_217=\"1\" data-gtm-vis-recent-on-screen10552706_196=\"2785\" data-gtm-vis-total-visible-time10552706_196=\"100\" data-gtm-vis-has-fired10552706_196=\"1\" data-gtm-vis-recent-on-screen10552706_194=\"2788\" data-gtm-vis-total-visible-time10552706_194=\"100\" data-gtm-vis-has-fired10552706_194=\"1\">1 \u00e0 8 ports PoE prennent en charge ePoE et EoC<\/li>\n<\/ul>\n","protected":false},"excerpt":{"rendered":"<p>Enregistreur vid\u00e9o r\u00e9seau WizMind 16 canaux, 1U, 2 disques durs, 8 ports PoE Acc\u00e8s vid\u00e9o IP \u00e0 16 canaux Smart<\/p>\n","protected":false},"featured_media":16838,"comment_status":"open","ping_status":"closed","template":"","meta":{"inline_featured_image":false},"product_brand":[76],"product_cat":[248],"product_tag":[],"class_list":{"0":"post-16836","1":"product","2":"type-product","3":"status-publish","4":"has-post-thumbnail","6":"product_brand-dahua","7":"product_cat-nvr-enregistreur-video-ip","8":"pa_brand-dahua","10":"first","11":"instock","12":"shipping-taxable","13":"product-type-simple"},"_links":{"self":[{"href":"https:\/\/tcrk-dz.com\/eCatalog\/wp-json\/wp\/v2\/product\/16836","targetHints":{"allow":["GET"]}}],"collection":[{"href":"https:\/\/tcrk-dz.com\/eCatalog\/wp-json\/wp\/v2\/product"}],"about":[{"href":"https:\/\/tcrk-dz.com\/eCatalog\/wp-json\/wp\/v2\/types\/product"}],"replies":[{"embeddable":true,"href":"https:\/\/tcrk-dz.com\/eCatalog\/wp-json\/wp\/v2\/comments?post=16836"}],"version-history":[{"count":0,"href":"https:\/\/tcrk-dz.com\/eCatalog\/wp-json\/wp\/v2\/product\/16836\/revisions"}],"wp:featuredmedia":[{"embeddable":true,"href":"https:\/\/tcrk-dz.com\/eCatalog\/wp-json\/wp\/v2\/media\/16838"}],"wp:attachment":[{"href":"https:\/\/tcrk-dz.com\/eCatalog\/wp-json\/wp\/v2\/media?parent=16836"}],"wp:term":[{"taxonomy":"product_brand","embeddable":true,"href":"https:\/\/tcrk-dz.com\/eCatalog\/wp-json\/wp\/v2\/product_brand?post=16836"},{"taxonomy":"product_cat","embeddable":true,"href":"https:\/\/tcrk-dz.com\/eCatalog\/wp-json\/wp\/v2\/product_cat?post=16836"},{"taxonomy":"product_tag","embeddable":true,"href":"https:\/\/tcrk-dz.com\/eCatalog\/wp-json\/wp\/v2\/product_tag?post=16836"}],"curies":[{"name":"wp","href":"https:\/\/api.w.org\/{rel}","templated":true}]}}