{"id":16829,"date":"2025-12-23T11:49:49","date_gmt":"2025-12-23T11:49:49","guid":{"rendered":"https:\/\/tcrk-dz.com\/eCatalog\/?post_type=product&#038;p=16829"},"modified":"2025-12-23T11:49:49","modified_gmt":"2025-12-23T11:49:49","slug":"nvr-dahua-16-channels-4k-support-2-hdds-algerie-dz-tcrk-hamiz","status":"publish","type":"product","link":"https:\/\/tcrk-dz.com\/eCatalog\/produit\/nvr-dahua-16-channels-4k-support-2-hdds-algerie-dz-tcrk-hamiz\/","title":{"rendered":"NVR DAHUA 16 Channels 4K Support 2 HDD&rsquo;s\u00a0"},"content":{"rendered":"<ul>\n<li class=\"text\" data-gtm-vis-recent-on-screen10552706_181=\"680\" data-gtm-vis-first-on-screen10552706_181=\"680\" data-gtm-vis-total-visible-time10552706_181=\"100\" data-gtm-vis-has-fired10552706_181=\"1\" data-gtm-vis-first-on-screen10552706_184=\"689\" data-gtm-vis-first-on-screen10552706_192=\"750\" data-gtm-vis-first-on-screen10552706_193=\"794\" data-gtm-vis-first-on-screen10552706_194=\"830\" data-gtm-vis-recent-on-screen10552706_195=\"866\" data-gtm-vis-first-on-screen10552706_195=\"866\" data-gtm-vis-total-visible-time10552706_195=\"100\" data-gtm-vis-has-fired10552706_195=\"1\" data-gtm-vis-first-on-screen10552706_196=\"870\" data-gtm-vis-first-on-screen10552706_217=\"905\" data-gtm-vis-recent-on-screen10552706_196=\"97081\" data-gtm-vis-total-visible-time10552706_196=\"100\" data-gtm-vis-has-fired10552706_196=\"1\" data-gtm-vis-recent-on-screen10552706_192=\"97106\" data-gtm-vis-total-visible-time10552706_192=\"100\" data-gtm-vis-has-fired10552706_192=\"1\" data-gtm-vis-recent-on-screen10552706_217=\"97124\" data-gtm-vis-total-visible-time10552706_217=\"100\" data-gtm-vis-has-fired10552706_217=\"1\" data-gtm-vis-recent-on-screen10552706_194=\"97148\" data-gtm-vis-total-visible-time10552706_194=\"100\" data-gtm-vis-has-fired10552706_194=\"1\" data-gtm-vis-recent-on-screen10552706_184=\"97168\" data-gtm-vis-total-visible-time10552706_184=\"100\" data-gtm-vis-has-fired10552706_184=\"1\" data-gtm-vis-recent-on-screen10552706_193=\"97197\" data-gtm-vis-total-visible-time10552706_193=\"100\" data-gtm-vis-has-fired10552706_193=\"1\"><span dir=\"auto\">Enregistreur vid\u00e9o r\u00e9seau Dahua 16 canaux, 2 disques durs, 1U<\/span><\/li>\n<li class=\"text\" data-gtm-vis-recent-on-screen10552706_181=\"680\" data-gtm-vis-first-on-screen10552706_181=\"680\" data-gtm-vis-total-visible-time10552706_181=\"100\" data-gtm-vis-has-fired10552706_181=\"1\" data-gtm-vis-first-on-screen10552706_184=\"689\" data-gtm-vis-first-on-screen10552706_192=\"750\" data-gtm-vis-first-on-screen10552706_193=\"794\" data-gtm-vis-first-on-screen10552706_194=\"830\" data-gtm-vis-recent-on-screen10552706_195=\"866\" data-gtm-vis-first-on-screen10552706_195=\"866\" data-gtm-vis-total-visible-time10552706_195=\"100\" data-gtm-vis-has-fired10552706_195=\"1\" data-gtm-vis-first-on-screen10552706_196=\"870\" data-gtm-vis-first-on-screen10552706_217=\"905\" data-gtm-vis-recent-on-screen10552706_196=\"97081\" data-gtm-vis-total-visible-time10552706_196=\"100\" data-gtm-vis-has-fired10552706_196=\"1\" data-gtm-vis-recent-on-screen10552706_192=\"97106\" data-gtm-vis-total-visible-time10552706_192=\"100\" data-gtm-vis-has-fired10552706_192=\"1\" data-gtm-vis-recent-on-screen10552706_217=\"97124\" data-gtm-vis-total-visible-time10552706_217=\"100\" data-gtm-vis-has-fired10552706_217=\"1\" data-gtm-vis-recent-on-screen10552706_194=\"97148\" data-gtm-vis-total-visible-time10552706_194=\"100\" data-gtm-vis-has-fired10552706_194=\"1\" data-gtm-vis-recent-on-screen10552706_184=\"97168\" data-gtm-vis-total-visible-time10552706_184=\"100\" data-gtm-vis-has-fired10552706_184=\"1\" data-gtm-vis-recent-on-screen10552706_193=\"97197\" data-gtm-vis-total-visible-time10552706_193=\"100\" data-gtm-vis-has-fired10552706_193=\"1\">Prend en charge les formats de d\u00e9codage Smart H.265+, H.265, Smart H.264+, H.264 et MJPEG.<\/li>\n<li class=\"text\" data-gtm-vis-recent-on-screen10552706_181=\"680\" data-gtm-vis-first-on-screen10552706_181=\"680\" data-gtm-vis-total-visible-time10552706_181=\"100\" data-gtm-vis-has-fired10552706_181=\"1\" data-gtm-vis-first-on-screen10552706_184=\"689\" data-gtm-vis-first-on-screen10552706_192=\"750\" data-gtm-vis-first-on-screen10552706_193=\"794\" data-gtm-vis-first-on-screen10552706_194=\"830\" data-gtm-vis-recent-on-screen10552706_195=\"866\" data-gtm-vis-first-on-screen10552706_195=\"866\" data-gtm-vis-total-visible-time10552706_195=\"100\" data-gtm-vis-has-fired10552706_195=\"1\" data-gtm-vis-first-on-screen10552706_196=\"870\" data-gtm-vis-first-on-screen10552706_217=\"905\" data-gtm-vis-recent-on-screen10552706_196=\"97081\" data-gtm-vis-total-visible-time10552706_196=\"100\" data-gtm-vis-has-fired10552706_196=\"1\" data-gtm-vis-recent-on-screen10552706_192=\"97106\" data-gtm-vis-total-visible-time10552706_192=\"100\" data-gtm-vis-has-fired10552706_192=\"1\" data-gtm-vis-recent-on-screen10552706_217=\"97124\" data-gtm-vis-total-visible-time10552706_217=\"100\" data-gtm-vis-has-fired10552706_217=\"1\" data-gtm-vis-recent-on-screen10552706_194=\"97148\" data-gtm-vis-total-visible-time10552706_194=\"100\" data-gtm-vis-has-fired10552706_194=\"1\" data-gtm-vis-recent-on-screen10552706_184=\"97168\" data-gtm-vis-total-visible-time10552706_184=\"100\" data-gtm-vis-has-fired10552706_184=\"1\" data-gtm-vis-recent-on-screen10552706_193=\"97197\" data-gtm-vis-total-visible-time10552706_193=\"100\" data-gtm-vis-has-fired10552706_193=\"1\">Capacit\u00e9 de d\u00e9codage maximale : 32 \u00d7 1080p \u00e0 30 images\/s ou 16 \u00d7 4 MP \u00e0 30 images\/s.<\/li>\n<li class=\"text\" data-gtm-vis-recent-on-screen10552706_181=\"680\" data-gtm-vis-first-on-screen10552706_181=\"680\" data-gtm-vis-total-visible-time10552706_181=\"100\" data-gtm-vis-has-fired10552706_181=\"1\" data-gtm-vis-first-on-screen10552706_184=\"689\" data-gtm-vis-first-on-screen10552706_192=\"750\" data-gtm-vis-first-on-screen10552706_193=\"794\" data-gtm-vis-first-on-screen10552706_194=\"830\" data-gtm-vis-recent-on-screen10552706_195=\"866\" data-gtm-vis-first-on-screen10552706_195=\"866\" data-gtm-vis-total-visible-time10552706_195=\"100\" data-gtm-vis-has-fired10552706_195=\"1\" data-gtm-vis-first-on-screen10552706_196=\"870\" data-gtm-vis-first-on-screen10552706_217=\"905\" data-gtm-vis-recent-on-screen10552706_196=\"97081\" data-gtm-vis-total-visible-time10552706_196=\"100\" data-gtm-vis-has-fired10552706_196=\"1\" data-gtm-vis-recent-on-screen10552706_192=\"97106\" data-gtm-vis-total-visible-time10552706_192=\"100\" data-gtm-vis-has-fired10552706_192=\"1\" data-gtm-vis-recent-on-screen10552706_217=\"97124\" data-gtm-vis-total-visible-time10552706_217=\"100\" data-gtm-vis-has-fired10552706_217=\"1\" data-gtm-vis-recent-on-screen10552706_194=\"97148\" data-gtm-vis-total-visible-time10552706_194=\"100\" data-gtm-vis-has-fired10552706_194=\"1\" data-gtm-vis-recent-on-screen10552706_184=\"97168\" data-gtm-vis-total-visible-time10552706_184=\"100\" data-gtm-vis-has-fired10552706_184=\"1\" data-gtm-vis-recent-on-screen10552706_193=\"97197\" data-gtm-vis-total-visible-time10552706_193=\"100\" data-gtm-vis-has-fired10552706_193=\"1\">Bande passante maximale de 384\/384\/384 Mbps en entr\u00e9e\/enregistrement\/sortie.<\/li>\n<li class=\"text\" data-gtm-vis-recent-on-screen10552706_181=\"680\" data-gtm-vis-first-on-screen10552706_181=\"680\" data-gtm-vis-total-visible-time10552706_181=\"100\" data-gtm-vis-has-fired10552706_181=\"1\" data-gtm-vis-first-on-screen10552706_184=\"689\" data-gtm-vis-first-on-screen10552706_192=\"750\" data-gtm-vis-first-on-screen10552706_193=\"794\" data-gtm-vis-first-on-screen10552706_194=\"830\" data-gtm-vis-recent-on-screen10552706_195=\"866\" data-gtm-vis-first-on-screen10552706_195=\"866\" data-gtm-vis-total-visible-time10552706_195=\"100\" data-gtm-vis-has-fired10552706_195=\"1\" data-gtm-vis-first-on-screen10552706_196=\"870\" data-gtm-vis-first-on-screen10552706_217=\"905\" data-gtm-vis-recent-on-screen10552706_196=\"97081\" data-gtm-vis-total-visible-time10552706_196=\"100\" data-gtm-vis-has-fired10552706_196=\"1\" data-gtm-vis-recent-on-screen10552706_192=\"97106\" data-gtm-vis-total-visible-time10552706_192=\"100\" data-gtm-vis-has-fired10552706_192=\"1\" data-gtm-vis-recent-on-screen10552706_217=\"97124\" data-gtm-vis-total-visible-time10552706_217=\"100\" data-gtm-vis-has-fired10552706_217=\"1\" data-gtm-vis-recent-on-screen10552706_194=\"97148\" data-gtm-vis-total-visible-time10552706_194=\"100\" data-gtm-vis-has-fired10552706_194=\"1\" data-gtm-vis-recent-on-screen10552706_184=\"97168\" data-gtm-vis-total-visible-time10552706_184=\"100\" data-gtm-vis-has-fired10552706_184=\"1\" data-gtm-vis-recent-on-screen10552706_193=\"97197\" data-gtm-vis-total-visible-time10552706_193=\"100\" data-gtm-vis-has-fired10552706_193=\"1\">Prend en charge les cam\u00e9ras IP avec une r\u00e9solution allant jusqu&rsquo;\u00e0 32 MP.<\/li>\n<li class=\"text\" data-gtm-vis-recent-on-screen10552706_181=\"680\" data-gtm-vis-first-on-screen10552706_181=\"680\" data-gtm-vis-total-visible-time10552706_181=\"100\" data-gtm-vis-has-fired10552706_181=\"1\" data-gtm-vis-first-on-screen10552706_184=\"689\" data-gtm-vis-first-on-screen10552706_192=\"750\" data-gtm-vis-first-on-screen10552706_193=\"794\" data-gtm-vis-first-on-screen10552706_194=\"830\" data-gtm-vis-recent-on-screen10552706_195=\"866\" data-gtm-vis-first-on-screen10552706_195=\"866\" data-gtm-vis-total-visible-time10552706_195=\"100\" data-gtm-vis-has-fired10552706_195=\"1\" data-gtm-vis-first-on-screen10552706_196=\"870\" data-gtm-vis-first-on-screen10552706_217=\"905\" data-gtm-vis-recent-on-screen10552706_196=\"97081\" data-gtm-vis-total-visible-time10552706_196=\"100\" data-gtm-vis-has-fired10552706_196=\"1\" data-gtm-vis-recent-on-screen10552706_192=\"97106\" data-gtm-vis-total-visible-time10552706_192=\"100\" data-gtm-vis-has-fired10552706_192=\"1\" data-gtm-vis-recent-on-screen10552706_217=\"97124\" data-gtm-vis-total-visible-time10552706_217=\"100\" data-gtm-vis-has-fired10552706_217=\"1\" data-gtm-vis-recent-on-screen10552706_194=\"97148\" data-gtm-vis-total-visible-time10552706_194=\"100\" data-gtm-vis-has-fired10552706_194=\"1\" data-gtm-vis-recent-on-screen10552706_184=\"97168\" data-gtm-vis-total-visible-time10552706_184=\"100\" data-gtm-vis-has-fired10552706_184=\"1\" data-gtm-vis-recent-on-screen10552706_193=\"97197\" data-gtm-vis-total-visible-time10552706_193=\"100\" data-gtm-vis-has-fired10552706_193=\"1\">Prend en charge AcuPick avec jusqu&rsquo;\u00e0 16 canaux.<\/li>\n<li class=\"text\" data-gtm-vis-recent-on-screen10552706_181=\"680\" data-gtm-vis-first-on-screen10552706_181=\"680\" data-gtm-vis-total-visible-time10552706_181=\"100\" data-gtm-vis-has-fired10552706_181=\"1\" data-gtm-vis-first-on-screen10552706_184=\"689\" data-gtm-vis-first-on-screen10552706_192=\"750\" data-gtm-vis-first-on-screen10552706_193=\"794\" data-gtm-vis-first-on-screen10552706_194=\"830\" data-gtm-vis-recent-on-screen10552706_195=\"866\" data-gtm-vis-first-on-screen10552706_195=\"866\" data-gtm-vis-total-visible-time10552706_195=\"100\" data-gtm-vis-has-fired10552706_195=\"1\" data-gtm-vis-first-on-screen10552706_196=\"870\" data-gtm-vis-first-on-screen10552706_217=\"905\" data-gtm-vis-recent-on-screen10552706_196=\"97081\" data-gtm-vis-total-visible-time10552706_196=\"100\" data-gtm-vis-has-fired10552706_196=\"1\" data-gtm-vis-recent-on-screen10552706_192=\"97106\" data-gtm-vis-total-visible-time10552706_192=\"100\" data-gtm-vis-has-fired10552706_192=\"1\" data-gtm-vis-recent-on-screen10552706_217=\"97124\" data-gtm-vis-total-visible-time10552706_217=\"100\" data-gtm-vis-has-fired10552706_217=\"1\" data-gtm-vis-recent-on-screen10552706_194=\"97148\" data-gtm-vis-total-visible-time10552706_194=\"100\" data-gtm-vis-has-fired10552706_194=\"1\" data-gtm-vis-recent-on-screen10552706_184=\"97168\" data-gtm-vis-total-visible-time10552706_184=\"100\" data-gtm-vis-has-fired10552706_184=\"1\" data-gtm-vis-recent-on-screen10552706_193=\"97197\" data-gtm-vis-total-visible-time10552706_193=\"100\" data-gtm-vis-has-fired10552706_193=\"1\">Prend en charge les clusters N+M et iSCSI.<\/li>\n<li class=\"text\" data-gtm-vis-recent-on-screen10552706_181=\"680\" data-gtm-vis-first-on-screen10552706_181=\"680\" data-gtm-vis-total-visible-time10552706_181=\"100\" data-gtm-vis-has-fired10552706_181=\"1\" data-gtm-vis-first-on-screen10552706_184=\"689\" data-gtm-vis-first-on-screen10552706_192=\"750\" data-gtm-vis-first-on-screen10552706_193=\"794\" data-gtm-vis-first-on-screen10552706_194=\"830\" data-gtm-vis-recent-on-screen10552706_195=\"866\" data-gtm-vis-first-on-screen10552706_195=\"866\" data-gtm-vis-total-visible-time10552706_195=\"100\" data-gtm-vis-has-fired10552706_195=\"1\" data-gtm-vis-first-on-screen10552706_196=\"870\" data-gtm-vis-first-on-screen10552706_217=\"905\" data-gtm-vis-recent-on-screen10552706_196=\"97081\" data-gtm-vis-total-visible-time10552706_196=\"100\" data-gtm-vis-has-fired10552706_196=\"1\" data-gtm-vis-recent-on-screen10552706_192=\"97106\" data-gtm-vis-total-visible-time10552706_192=\"100\" data-gtm-vis-has-fired10552706_192=\"1\" data-gtm-vis-recent-on-screen10552706_217=\"97124\" data-gtm-vis-total-visible-time10552706_217=\"100\" data-gtm-vis-has-fired10552706_217=\"1\" data-gtm-vis-recent-on-screen10552706_194=\"97148\" data-gtm-vis-total-visible-time10552706_194=\"100\" data-gtm-vis-has-fired10552706_194=\"1\" data-gtm-vis-recent-on-screen10552706_184=\"97168\" data-gtm-vis-total-visible-time10552706_184=\"100\" data-gtm-vis-has-fired10552706_184=\"1\" data-gtm-vis-recent-on-screen10552706_193=\"97197\" data-gtm-vis-total-visible-time10552706_193=\"100\" data-gtm-vis-has-fired10552706_193=\"1\">AI by Recorder prend en charge la d\u00e9tection et la reconnaissance faciale \u00e0 2 canaux, jusqu&rsquo;\u00e0 20 bases de donn\u00e9es de visages et 20 000 images de visages ; protection p\u00e9rim\u00e9trique \u00e0 4 canaux ; SMD Plus \u00e0 8 canaux.<\/li>\n<li class=\"text\" data-gtm-vis-recent-on-screen10552706_181=\"680\" data-gtm-vis-first-on-screen10552706_181=\"680\" data-gtm-vis-total-visible-time10552706_181=\"100\" data-gtm-vis-has-fired10552706_181=\"1\" data-gtm-vis-first-on-screen10552706_184=\"689\" data-gtm-vis-first-on-screen10552706_192=\"750\" data-gtm-vis-first-on-screen10552706_193=\"794\" data-gtm-vis-first-on-screen10552706_194=\"830\" data-gtm-vis-recent-on-screen10552706_195=\"866\" data-gtm-vis-first-on-screen10552706_195=\"866\" data-gtm-vis-total-visible-time10552706_195=\"100\" data-gtm-vis-has-fired10552706_195=\"1\" data-gtm-vis-first-on-screen10552706_196=\"870\" data-gtm-vis-first-on-screen10552706_217=\"905\" data-gtm-vis-recent-on-screen10552706_196=\"97081\" data-gtm-vis-total-visible-time10552706_196=\"100\" data-gtm-vis-has-fired10552706_196=\"1\" data-gtm-vis-recent-on-screen10552706_192=\"97106\" data-gtm-vis-total-visible-time10552706_192=\"100\" data-gtm-vis-has-fired10552706_192=\"1\" data-gtm-vis-recent-on-screen10552706_217=\"97124\" data-gtm-vis-total-visible-time10552706_217=\"100\" data-gtm-vis-has-fired10552706_217=\"1\" data-gtm-vis-recent-on-screen10552706_194=\"97148\" data-gtm-vis-total-visible-time10552706_194=\"100\" data-gtm-vis-has-fired10552706_194=\"1\" data-gtm-vis-recent-on-screen10552706_184=\"97168\" data-gtm-vis-total-visible-time10552706_184=\"100\" data-gtm-vis-has-fired10552706_184=\"1\" data-gtm-vis-recent-on-screen10552706_193=\"97197\" data-gtm-vis-total-visible-time10552706_193=\"100\" data-gtm-vis-has-fired10552706_193=\"1\">L&rsquo;IA par cam\u00e9ra prend en charge la d\u00e9tection et la reconnaissance des visages, la protection p\u00e9rim\u00e9trique, SMD Plus, les m\u00e9tadonn\u00e9es, la LAPI, l&rsquo;analyse st\u00e9r\u00e9o, les cartes thermiques et le comptage des personnes.<\/li>\n<li class=\"text\" data-gtm-vis-recent-on-screen10552706_181=\"680\" data-gtm-vis-first-on-screen10552706_181=\"680\" data-gtm-vis-total-visible-time10552706_181=\"100\" data-gtm-vis-has-fired10552706_181=\"1\" data-gtm-vis-first-on-screen10552706_184=\"689\" data-gtm-vis-first-on-screen10552706_192=\"750\" data-gtm-vis-first-on-screen10552706_193=\"794\" data-gtm-vis-first-on-screen10552706_194=\"830\" data-gtm-vis-recent-on-screen10552706_195=\"866\" data-gtm-vis-first-on-screen10552706_195=\"866\" data-gtm-vis-total-visible-time10552706_195=\"100\" data-gtm-vis-has-fired10552706_195=\"1\" data-gtm-vis-first-on-screen10552706_196=\"870\" data-gtm-vis-first-on-screen10552706_217=\"905\" data-gtm-vis-recent-on-screen10552706_196=\"97081\" data-gtm-vis-total-visible-time10552706_196=\"100\" data-gtm-vis-has-fired10552706_196=\"1\" data-gtm-vis-recent-on-screen10552706_192=\"97106\" data-gtm-vis-total-visible-time10552706_192=\"100\" data-gtm-vis-has-fired10552706_192=\"1\" data-gtm-vis-recent-on-screen10552706_217=\"97124\" data-gtm-vis-total-visible-time10552706_217=\"100\" data-gtm-vis-has-fired10552706_217=\"1\" data-gtm-vis-recent-on-screen10552706_194=\"97148\" data-gtm-vis-total-visible-time10552706_194=\"100\" data-gtm-vis-has-fired10552706_194=\"1\" data-gtm-vis-recent-on-screen10552706_184=\"97168\" data-gtm-vis-total-visible-time10552706_184=\"100\" data-gtm-vis-has-fired10552706_184=\"1\" data-gtm-vis-recent-on-screen10552706_193=\"97197\" data-gtm-vis-total-visible-time10552706_193=\"100\" data-gtm-vis-has-fired10552706_193=\"1\">Prend en charge EPTZ, et l&rsquo;armement et le d\u00e9sarmement en un clic.<\/li>\n<\/ul>\n","protected":false},"excerpt":{"rendered":"<p>Enregistreur vid\u00e9o r\u00e9seau Dahua 16 canaux, 2 disques durs, 1U Prend en charge les formats de d\u00e9codage Smart H.265+, H.265,<\/p>\n","protected":false},"featured_media":16831,"comment_status":"open","ping_status":"closed","template":"","meta":{"inline_featured_image":false},"product_brand":[76],"product_cat":[248],"product_tag":[],"class_list":{"0":"post-16829","1":"product","2":"type-product","3":"status-publish","4":"has-post-thumbnail","6":"product_brand-dahua","7":"product_cat-nvr-enregistreur-video-ip","8":"pa_brand-dahua","9":"pa_series-ei","11":"first","12":"instock","13":"shipping-taxable","14":"product-type-simple"},"_links":{"self":[{"href":"https:\/\/tcrk-dz.com\/eCatalog\/wp-json\/wp\/v2\/product\/16829","targetHints":{"allow":["GET"]}}],"collection":[{"href":"https:\/\/tcrk-dz.com\/eCatalog\/wp-json\/wp\/v2\/product"}],"about":[{"href":"https:\/\/tcrk-dz.com\/eCatalog\/wp-json\/wp\/v2\/types\/product"}],"replies":[{"embeddable":true,"href":"https:\/\/tcrk-dz.com\/eCatalog\/wp-json\/wp\/v2\/comments?post=16829"}],"version-history":[{"count":0,"href":"https:\/\/tcrk-dz.com\/eCatalog\/wp-json\/wp\/v2\/product\/16829\/revisions"}],"wp:featuredmedia":[{"embeddable":true,"href":"https:\/\/tcrk-dz.com\/eCatalog\/wp-json\/wp\/v2\/media\/16831"}],"wp:attachment":[{"href":"https:\/\/tcrk-dz.com\/eCatalog\/wp-json\/wp\/v2\/media?parent=16829"}],"wp:term":[{"taxonomy":"product_brand","embeddable":true,"href":"https:\/\/tcrk-dz.com\/eCatalog\/wp-json\/wp\/v2\/product_brand?post=16829"},{"taxonomy":"product_cat","embeddable":true,"href":"https:\/\/tcrk-dz.com\/eCatalog\/wp-json\/wp\/v2\/product_cat?post=16829"},{"taxonomy":"product_tag","embeddable":true,"href":"https:\/\/tcrk-dz.com\/eCatalog\/wp-json\/wp\/v2\/product_tag?post=16829"}],"curies":[{"name":"wp","href":"https:\/\/api.w.org\/{rel}","templated":true}]}}