{"id":16823,"date":"2025-12-23T11:43:16","date_gmt":"2025-12-23T11:43:16","guid":{"rendered":"https:\/\/tcrk-dz.com\/eCatalog\/?post_type=product&#038;p=16823"},"modified":"2025-12-23T11:43:16","modified_gmt":"2025-12-23T11:43:16","slug":"16823-algerie-dz-tcrk-hamiz","status":"publish","type":"product","link":"https:\/\/tcrk-dz.com\/eCatalog\/produit\/16823-algerie-dz-tcrk-hamiz\/","title":{"rendered":"NVR Dahua 16 Channels 4K Support 2HDD"},"content":{"rendered":"<ul>\n<li class=\"text\" data-gtm-vis-recent-on-screen10552706_181=\"1862\" data-gtm-vis-first-on-screen10552706_181=\"1862\" data-gtm-vis-total-visible-time10552706_181=\"100\" data-gtm-vis-has-fired10552706_181=\"1\" data-gtm-vis-recent-on-screen10552706_184=\"1869\" data-gtm-vis-first-on-screen10552706_184=\"1869\" data-gtm-vis-total-visible-time10552706_184=\"100\" data-gtm-vis-has-fired10552706_184=\"1\" data-gtm-vis-recent-on-screen10552706_192=\"1901\" data-gtm-vis-first-on-screen10552706_192=\"1901\" data-gtm-vis-total-visible-time10552706_192=\"100\" data-gtm-vis-has-fired10552706_192=\"1\" data-gtm-vis-recent-on-screen10552706_193=\"1921\" data-gtm-vis-first-on-screen10552706_193=\"1921\" data-gtm-vis-total-visible-time10552706_193=\"100\" data-gtm-vis-has-fired10552706_193=\"1\" data-gtm-vis-recent-on-screen10552706_194=\"1953\" data-gtm-vis-first-on-screen10552706_194=\"1954\" data-gtm-vis-total-visible-time10552706_194=\"100\" data-gtm-vis-has-fired10552706_194=\"1\" data-gtm-vis-recent-on-screen10552706_195=\"1974\" data-gtm-vis-first-on-screen10552706_195=\"1974\" data-gtm-vis-total-visible-time10552706_195=\"100\" data-gtm-vis-has-fired10552706_195=\"1\" data-gtm-vis-recent-on-screen10552706_196=\"1976\" data-gtm-vis-first-on-screen10552706_196=\"1976\" data-gtm-vis-total-visible-time10552706_196=\"100\" data-gtm-vis-has-fired10552706_196=\"1\" data-gtm-vis-recent-on-screen10552706_217=\"1995\" data-gtm-vis-first-on-screen10552706_217=\"1995\" data-gtm-vis-total-visible-time10552706_217=\"100\" data-gtm-vis-has-fired10552706_217=\"1\"><span dir=\"auto\">Enregistreur vid\u00e9o r\u00e9seau Lite 16 canaux 1U 2 disques durs<\/span><\/li>\n<li class=\"text\" data-gtm-vis-recent-on-screen10552706_181=\"1862\" data-gtm-vis-first-on-screen10552706_181=\"1862\" data-gtm-vis-total-visible-time10552706_181=\"100\" data-gtm-vis-has-fired10552706_181=\"1\" data-gtm-vis-recent-on-screen10552706_184=\"1869\" data-gtm-vis-first-on-screen10552706_184=\"1869\" data-gtm-vis-total-visible-time10552706_184=\"100\" data-gtm-vis-has-fired10552706_184=\"1\" data-gtm-vis-recent-on-screen10552706_192=\"1901\" data-gtm-vis-first-on-screen10552706_192=\"1901\" data-gtm-vis-total-visible-time10552706_192=\"100\" data-gtm-vis-has-fired10552706_192=\"1\" data-gtm-vis-recent-on-screen10552706_193=\"1921\" data-gtm-vis-first-on-screen10552706_193=\"1921\" data-gtm-vis-total-visible-time10552706_193=\"100\" data-gtm-vis-has-fired10552706_193=\"1\" data-gtm-vis-recent-on-screen10552706_194=\"1953\" data-gtm-vis-first-on-screen10552706_194=\"1954\" data-gtm-vis-total-visible-time10552706_194=\"100\" data-gtm-vis-has-fired10552706_194=\"1\" data-gtm-vis-recent-on-screen10552706_195=\"1974\" data-gtm-vis-first-on-screen10552706_195=\"1974\" data-gtm-vis-total-visible-time10552706_195=\"100\" data-gtm-vis-has-fired10552706_195=\"1\" data-gtm-vis-recent-on-screen10552706_196=\"1976\" data-gtm-vis-first-on-screen10552706_196=\"1976\" data-gtm-vis-total-visible-time10552706_196=\"100\" data-gtm-vis-has-fired10552706_196=\"1\" data-gtm-vis-recent-on-screen10552706_217=\"1995\" data-gtm-vis-first-on-screen10552706_217=\"1995\" data-gtm-vis-total-visible-time10552706_217=\"100\" data-gtm-vis-has-fired10552706_217=\"1\">Prend en charge les formats de d\u00e9codage Smart H.265+, H.265, Smart H.264+, H.264 et MJPEG.<\/li>\n<li class=\"text\" data-gtm-vis-recent-on-screen10552706_181=\"1862\" data-gtm-vis-first-on-screen10552706_181=\"1862\" data-gtm-vis-total-visible-time10552706_181=\"100\" data-gtm-vis-has-fired10552706_181=\"1\" data-gtm-vis-recent-on-screen10552706_184=\"1869\" data-gtm-vis-first-on-screen10552706_184=\"1869\" data-gtm-vis-total-visible-time10552706_184=\"100\" data-gtm-vis-has-fired10552706_184=\"1\" data-gtm-vis-recent-on-screen10552706_192=\"1901\" data-gtm-vis-first-on-screen10552706_192=\"1901\" data-gtm-vis-total-visible-time10552706_192=\"100\" data-gtm-vis-has-fired10552706_192=\"1\" data-gtm-vis-recent-on-screen10552706_193=\"1921\" data-gtm-vis-first-on-screen10552706_193=\"1921\" data-gtm-vis-total-visible-time10552706_193=\"100\" data-gtm-vis-has-fired10552706_193=\"1\" data-gtm-vis-recent-on-screen10552706_194=\"1953\" data-gtm-vis-first-on-screen10552706_194=\"1954\" data-gtm-vis-total-visible-time10552706_194=\"100\" data-gtm-vis-has-fired10552706_194=\"1\" data-gtm-vis-recent-on-screen10552706_195=\"1974\" data-gtm-vis-first-on-screen10552706_195=\"1974\" data-gtm-vis-total-visible-time10552706_195=\"100\" data-gtm-vis-has-fired10552706_195=\"1\" data-gtm-vis-recent-on-screen10552706_196=\"1976\" data-gtm-vis-first-on-screen10552706_196=\"1976\" data-gtm-vis-total-visible-time10552706_196=\"100\" data-gtm-vis-has-fired10552706_196=\"1\" data-gtm-vis-recent-on-screen10552706_217=\"1995\" data-gtm-vis-first-on-screen10552706_217=\"1995\" data-gtm-vis-total-visible-time10552706_217=\"100\" data-gtm-vis-has-fired10552706_217=\"1\">Capacit\u00e9 de d\u00e9codage maximale : 8 \u00d7 1080p \u00e0 30 images\/s ou 2 \u00d7 8 MP \u00e0 30 images\/s.<\/li>\n<li class=\"text\" data-gtm-vis-recent-on-screen10552706_181=\"1862\" data-gtm-vis-first-on-screen10552706_181=\"1862\" data-gtm-vis-total-visible-time10552706_181=\"100\" data-gtm-vis-has-fired10552706_181=\"1\" data-gtm-vis-recent-on-screen10552706_184=\"1869\" data-gtm-vis-first-on-screen10552706_184=\"1869\" data-gtm-vis-total-visible-time10552706_184=\"100\" data-gtm-vis-has-fired10552706_184=\"1\" data-gtm-vis-recent-on-screen10552706_192=\"1901\" data-gtm-vis-first-on-screen10552706_192=\"1901\" data-gtm-vis-total-visible-time10552706_192=\"100\" data-gtm-vis-has-fired10552706_192=\"1\" data-gtm-vis-recent-on-screen10552706_193=\"1921\" data-gtm-vis-first-on-screen10552706_193=\"1921\" data-gtm-vis-total-visible-time10552706_193=\"100\" data-gtm-vis-has-fired10552706_193=\"1\" data-gtm-vis-recent-on-screen10552706_194=\"1953\" data-gtm-vis-first-on-screen10552706_194=\"1954\" data-gtm-vis-total-visible-time10552706_194=\"100\" data-gtm-vis-has-fired10552706_194=\"1\" data-gtm-vis-recent-on-screen10552706_195=\"1974\" data-gtm-vis-first-on-screen10552706_195=\"1974\" data-gtm-vis-total-visible-time10552706_195=\"100\" data-gtm-vis-has-fired10552706_195=\"1\" data-gtm-vis-recent-on-screen10552706_196=\"1976\" data-gtm-vis-first-on-screen10552706_196=\"1976\" data-gtm-vis-total-visible-time10552706_196=\"100\" data-gtm-vis-has-fired10552706_196=\"1\" data-gtm-vis-recent-on-screen10552706_217=\"1995\" data-gtm-vis-first-on-screen10552706_217=\"1995\" data-gtm-vis-total-visible-time10552706_217=\"100\" data-gtm-vis-has-fired10552706_217=\"1\">Bande passante maximale de 160\/160\/80 Mbps en entr\u00e9e\/enregistrement\/sortie.<\/li>\n<li class=\"text\" data-gtm-vis-recent-on-screen10552706_181=\"1862\" data-gtm-vis-first-on-screen10552706_181=\"1862\" data-gtm-vis-total-visible-time10552706_181=\"100\" data-gtm-vis-has-fired10552706_181=\"1\" data-gtm-vis-recent-on-screen10552706_184=\"1869\" data-gtm-vis-first-on-screen10552706_184=\"1869\" data-gtm-vis-total-visible-time10552706_184=\"100\" data-gtm-vis-has-fired10552706_184=\"1\" data-gtm-vis-recent-on-screen10552706_192=\"1901\" data-gtm-vis-first-on-screen10552706_192=\"1901\" data-gtm-vis-total-visible-time10552706_192=\"100\" data-gtm-vis-has-fired10552706_192=\"1\" data-gtm-vis-recent-on-screen10552706_193=\"1921\" data-gtm-vis-first-on-screen10552706_193=\"1921\" data-gtm-vis-total-visible-time10552706_193=\"100\" data-gtm-vis-has-fired10552706_193=\"1\" data-gtm-vis-recent-on-screen10552706_194=\"1953\" data-gtm-vis-first-on-screen10552706_194=\"1954\" data-gtm-vis-total-visible-time10552706_194=\"100\" data-gtm-vis-has-fired10552706_194=\"1\" data-gtm-vis-recent-on-screen10552706_195=\"1974\" data-gtm-vis-first-on-screen10552706_195=\"1974\" data-gtm-vis-total-visible-time10552706_195=\"100\" data-gtm-vis-has-fired10552706_195=\"1\" data-gtm-vis-recent-on-screen10552706_196=\"1976\" data-gtm-vis-first-on-screen10552706_196=\"1976\" data-gtm-vis-total-visible-time10552706_196=\"100\" data-gtm-vis-has-fired10552706_196=\"1\" data-gtm-vis-recent-on-screen10552706_217=\"1995\" data-gtm-vis-first-on-screen10552706_217=\"1995\" data-gtm-vis-total-visible-time10552706_217=\"100\" data-gtm-vis-has-fired10552706_217=\"1\">Prend en charge les cam\u00e9ras IP avec une r\u00e9solution allant jusqu&rsquo;\u00e0 12 MP.<\/li>\n<li class=\"text\" data-gtm-vis-recent-on-screen10552706_181=\"1862\" data-gtm-vis-first-on-screen10552706_181=\"1862\" data-gtm-vis-total-visible-time10552706_181=\"100\" data-gtm-vis-has-fired10552706_181=\"1\" data-gtm-vis-recent-on-screen10552706_184=\"1869\" data-gtm-vis-first-on-screen10552706_184=\"1869\" data-gtm-vis-total-visible-time10552706_184=\"100\" data-gtm-vis-has-fired10552706_184=\"1\" data-gtm-vis-recent-on-screen10552706_192=\"1901\" data-gtm-vis-first-on-screen10552706_192=\"1901\" data-gtm-vis-total-visible-time10552706_192=\"100\" data-gtm-vis-has-fired10552706_192=\"1\" data-gtm-vis-recent-on-screen10552706_193=\"1921\" data-gtm-vis-first-on-screen10552706_193=\"1921\" data-gtm-vis-total-visible-time10552706_193=\"100\" data-gtm-vis-has-fired10552706_193=\"1\" data-gtm-vis-recent-on-screen10552706_194=\"1953\" data-gtm-vis-first-on-screen10552706_194=\"1954\" data-gtm-vis-total-visible-time10552706_194=\"100\" data-gtm-vis-has-fired10552706_194=\"1\" data-gtm-vis-recent-on-screen10552706_195=\"1974\" data-gtm-vis-first-on-screen10552706_195=\"1974\" data-gtm-vis-total-visible-time10552706_195=\"100\" data-gtm-vis-has-fired10552706_195=\"1\" data-gtm-vis-recent-on-screen10552706_196=\"1976\" data-gtm-vis-first-on-screen10552706_196=\"1976\" data-gtm-vis-total-visible-time10552706_196=\"100\" data-gtm-vis-has-fired10552706_196=\"1\" data-gtm-vis-recent-on-screen10552706_217=\"1995\" data-gtm-vis-first-on-screen10552706_217=\"1995\" data-gtm-vis-total-visible-time10552706_217=\"100\" data-gtm-vis-has-fired10552706_217=\"1\">AI by Recorder prend en charge les SMD \u00e0 4 canaux.<\/li>\n<li class=\"text\" data-gtm-vis-recent-on-screen10552706_181=\"1862\" data-gtm-vis-first-on-screen10552706_181=\"1862\" data-gtm-vis-total-visible-time10552706_181=\"100\" data-gtm-vis-has-fired10552706_181=\"1\" data-gtm-vis-recent-on-screen10552706_184=\"1869\" data-gtm-vis-first-on-screen10552706_184=\"1869\" data-gtm-vis-total-visible-time10552706_184=\"100\" data-gtm-vis-has-fired10552706_184=\"1\" data-gtm-vis-recent-on-screen10552706_192=\"1901\" data-gtm-vis-first-on-screen10552706_192=\"1901\" data-gtm-vis-total-visible-time10552706_192=\"100\" data-gtm-vis-has-fired10552706_192=\"1\" data-gtm-vis-recent-on-screen10552706_193=\"1921\" data-gtm-vis-first-on-screen10552706_193=\"1921\" data-gtm-vis-total-visible-time10552706_193=\"100\" data-gtm-vis-has-fired10552706_193=\"1\" data-gtm-vis-recent-on-screen10552706_194=\"1953\" data-gtm-vis-first-on-screen10552706_194=\"1954\" data-gtm-vis-total-visible-time10552706_194=\"100\" data-gtm-vis-has-fired10552706_194=\"1\" data-gtm-vis-recent-on-screen10552706_195=\"1974\" data-gtm-vis-first-on-screen10552706_195=\"1974\" data-gtm-vis-total-visible-time10552706_195=\"100\" data-gtm-vis-has-fired10552706_195=\"1\" data-gtm-vis-recent-on-screen10552706_196=\"1976\" data-gtm-vis-first-on-screen10552706_196=\"1976\" data-gtm-vis-total-visible-time10552706_196=\"100\" data-gtm-vis-has-fired10552706_196=\"1\" data-gtm-vis-recent-on-screen10552706_217=\"1995\" data-gtm-vis-first-on-screen10552706_217=\"1995\" data-gtm-vis-total-visible-time10552706_217=\"100\" data-gtm-vis-has-fired10552706_217=\"1\">L&rsquo;IA par cam\u00e9ra prend en charge la d\u00e9tection et la reconnaissance des visages, la protection p\u00e9rim\u00e9trique, la surveillance des surfaces multi-usages (SMD), le comptage de personnes, l&rsquo;analyse st\u00e9r\u00e9o et la cartographie thermique.<\/li>\n<li class=\"text\" data-gtm-vis-recent-on-screen10552706_181=\"1862\" data-gtm-vis-first-on-screen10552706_181=\"1862\" data-gtm-vis-total-visible-time10552706_181=\"100\" data-gtm-vis-has-fired10552706_181=\"1\" data-gtm-vis-recent-on-screen10552706_184=\"1869\" data-gtm-vis-first-on-screen10552706_184=\"1869\" data-gtm-vis-total-visible-time10552706_184=\"100\" data-gtm-vis-has-fired10552706_184=\"1\" data-gtm-vis-recent-on-screen10552706_192=\"1901\" data-gtm-vis-first-on-screen10552706_192=\"1901\" data-gtm-vis-total-visible-time10552706_192=\"100\" data-gtm-vis-has-fired10552706_192=\"1\" data-gtm-vis-recent-on-screen10552706_193=\"1921\" data-gtm-vis-first-on-screen10552706_193=\"1921\" data-gtm-vis-total-visible-time10552706_193=\"100\" data-gtm-vis-has-fired10552706_193=\"1\" data-gtm-vis-recent-on-screen10552706_194=\"1953\" data-gtm-vis-first-on-screen10552706_194=\"1954\" data-gtm-vis-total-visible-time10552706_194=\"100\" data-gtm-vis-has-fired10552706_194=\"1\" data-gtm-vis-recent-on-screen10552706_195=\"1974\" data-gtm-vis-first-on-screen10552706_195=\"1974\" data-gtm-vis-total-visible-time10552706_195=\"100\" data-gtm-vis-has-fired10552706_195=\"1\" data-gtm-vis-recent-on-screen10552706_196=\"1976\" data-gtm-vis-first-on-screen10552706_196=\"1976\" data-gtm-vis-total-visible-time10552706_196=\"100\" data-gtm-vis-has-fired10552706_196=\"1\" data-gtm-vis-recent-on-screen10552706_217=\"1995\" data-gtm-vis-first-on-screen10552706_217=\"1995\" data-gtm-vis-total-visible-time10552706_217=\"100\" data-gtm-vis-has-fired10552706_217=\"1\">Prend en charge EPTZ, et l&rsquo;armement et le d\u00e9sarmement en un clic.<\/li>\n<\/ul>\n","protected":false},"excerpt":{"rendered":"<p>Enregistreur vid\u00e9o r\u00e9seau Lite 16 canaux 1U 2 disques durs Prend en charge les formats de d\u00e9codage Smart H.265+, H.265,<\/p>\n","protected":false},"featured_media":16825,"comment_status":"open","ping_status":"closed","template":"","meta":{"inline_featured_image":false},"product_brand":[76],"product_cat":[248],"product_tag":[],"class_list":{"0":"post-16823","1":"product","2":"type-product","3":"status-publish","4":"has-post-thumbnail","6":"product_brand-dahua","7":"product_cat-nvr-enregistreur-video-ip","8":"pa_brand-dahua","10":"first","11":"instock","12":"shipping-taxable","13":"product-type-simple"},"_links":{"self":[{"href":"https:\/\/tcrk-dz.com\/eCatalog\/wp-json\/wp\/v2\/product\/16823","targetHints":{"allow":["GET"]}}],"collection":[{"href":"https:\/\/tcrk-dz.com\/eCatalog\/wp-json\/wp\/v2\/product"}],"about":[{"href":"https:\/\/tcrk-dz.com\/eCatalog\/wp-json\/wp\/v2\/types\/product"}],"replies":[{"embeddable":true,"href":"https:\/\/tcrk-dz.com\/eCatalog\/wp-json\/wp\/v2\/comments?post=16823"}],"version-history":[{"count":0,"href":"https:\/\/tcrk-dz.com\/eCatalog\/wp-json\/wp\/v2\/product\/16823\/revisions"}],"wp:featuredmedia":[{"embeddable":true,"href":"https:\/\/tcrk-dz.com\/eCatalog\/wp-json\/wp\/v2\/media\/16825"}],"wp:attachment":[{"href":"https:\/\/tcrk-dz.com\/eCatalog\/wp-json\/wp\/v2\/media?parent=16823"}],"wp:term":[{"taxonomy":"product_brand","embeddable":true,"href":"https:\/\/tcrk-dz.com\/eCatalog\/wp-json\/wp\/v2\/product_brand?post=16823"},{"taxonomy":"product_cat","embeddable":true,"href":"https:\/\/tcrk-dz.com\/eCatalog\/wp-json\/wp\/v2\/product_cat?post=16823"},{"taxonomy":"product_tag","embeddable":true,"href":"https:\/\/tcrk-dz.com\/eCatalog\/wp-json\/wp\/v2\/product_tag?post=16823"}],"curies":[{"name":"wp","href":"https:\/\/api.w.org\/{rel}","templated":true}]}}