{"id":16819,"date":"2025-12-22T12:20:13","date_gmt":"2025-12-22T12:20:13","guid":{"rendered":"https:\/\/tcrk-dz.com\/eCatalog\/?post_type=product&#038;p=16819"},"modified":"2025-12-22T12:20:13","modified_gmt":"2025-12-22T12:20:13","slug":"hikvision-alarm-sirene-interieur-sans-fil","status":"publish","type":"product","link":"https:\/\/tcrk-dz.com\/eCatalog\/produit\/hikvision-alarm-sirene-interieur-sans-fil\/","title":{"rendered":"HIKVISION Alarm Sirene Interieur sans fil"},"content":{"rendered":"<p>Sir\u00e8ne int\u00e9rieure radio bidirectionnelle avec encryptage AES 128 bits pour centrale d&rsquo;alarme\u00a0AX Pro<\/p>\n<ul>\n<li>Puissance acoustique : 90 dB.<\/li>\n<li>4 tonalit\u00e9s de fonctionnement : alarme incendie, alarme panique, alarme intrusion et mise en \/ hors service.<\/li>\n<li>Volume r\u00e9glable: faible, moyen et \u00e9lev\u00e9.<\/li>\n<li>Flash lumineux bleue<\/li>\n<li>Autoprotection \u00e0 l&rsquo;ouverture et \u00e0 l&rsquo;arrachement.<\/li>\n<li>Port\u00e9e 800m en champ libre, fr\u00e9quence 868 Mhz.<\/li>\n<li>Temp\u00e9rature de fonctionnement : -10\u00b0C +60\u00b0C.<\/li>\n<li>Dimensions : L 88 x H 88 x P 32 mm.<\/li>\n<li>IP54.<\/li>\n<li>Autonomie : 5 ans.<\/li>\n<li>Alimentation : 3 piles 3V CR123A (fournies)..<\/li>\n<\/ul>\n","protected":false},"excerpt":{"rendered":"<p>Sir\u00e8ne int\u00e9rieure radio bidirectionnelle avec encryptage AES 128 bits pour centrale d&rsquo;alarme\u00a0AX Pro Puissance acoustique : 90 dB. 4 tonalit\u00e9s<\/p>\n","protected":false},"featured_media":16820,"comment_status":"open","ping_status":"closed","template":"","meta":{"inline_featured_image":false},"product_brand":[215],"product_cat":[212],"product_tag":[],"class_list":{"0":"post-16819","1":"product","2":"type-product","3":"status-publish","4":"has-post-thumbnail","6":"product_brand-hikvision","7":"product_cat-alarm","8":"pa_brand-hikvision","9":"pa_model-wireless-alarm","11":"first","12":"instock","13":"shipping-taxable","14":"product-type-simple"},"_links":{"self":[{"href":"https:\/\/tcrk-dz.com\/eCatalog\/wp-json\/wp\/v2\/product\/16819","targetHints":{"allow":["GET"]}}],"collection":[{"href":"https:\/\/tcrk-dz.com\/eCatalog\/wp-json\/wp\/v2\/product"}],"about":[{"href":"https:\/\/tcrk-dz.com\/eCatalog\/wp-json\/wp\/v2\/types\/product"}],"replies":[{"embeddable":true,"href":"https:\/\/tcrk-dz.com\/eCatalog\/wp-json\/wp\/v2\/comments?post=16819"}],"version-history":[{"count":0,"href":"https:\/\/tcrk-dz.com\/eCatalog\/wp-json\/wp\/v2\/product\/16819\/revisions"}],"wp:featuredmedia":[{"embeddable":true,"href":"https:\/\/tcrk-dz.com\/eCatalog\/wp-json\/wp\/v2\/media\/16820"}],"wp:attachment":[{"href":"https:\/\/tcrk-dz.com\/eCatalog\/wp-json\/wp\/v2\/media?parent=16819"}],"wp:term":[{"taxonomy":"product_brand","embeddable":true,"href":"https:\/\/tcrk-dz.com\/eCatalog\/wp-json\/wp\/v2\/product_brand?post=16819"},{"taxonomy":"product_cat","embeddable":true,"href":"https:\/\/tcrk-dz.com\/eCatalog\/wp-json\/wp\/v2\/product_cat?post=16819"},{"taxonomy":"product_tag","embeddable":true,"href":"https:\/\/tcrk-dz.com\/eCatalog\/wp-json\/wp\/v2\/product_tag?post=16819"}],"curies":[{"name":"wp","href":"https:\/\/api.w.org\/{rel}","templated":true}]}}