{"id":16801,"date":"2025-12-22T11:49:36","date_gmt":"2025-12-22T11:49:36","guid":{"rendered":"https:\/\/tcrk-dz.com\/eCatalog\/?post_type=product&#038;p=16801"},"modified":"2025-12-22T11:49:36","modified_gmt":"2025-12-22T11:49:36","slug":"hikvision-alarm-detecteur-de-temperature-sans-fil-pour-ax-pro","status":"publish","type":"product","link":"https:\/\/tcrk-dz.com\/eCatalog\/produit\/hikvision-alarm-detecteur-de-temperature-sans-fil-pour-ax-pro\/","title":{"rendered":"HIKVISION Alarm D\u00e9tecteur de temp\u00e9rature sans fil pour Ax Pro"},"content":{"rendered":"<p>Le capteur\u00a0<b>DS-PDTPH-E-WE HikVision<\/b>\u00a0permet de transmettre des relev\u00e9s de temp\u00e9rature et d&rsquo;humidit\u00e9 \u00e0 la centrale AX PRO. Disposant d&rsquo;une port\u00e9e radio jusqu&rsquo;\u00e0 1200m vous pourrez l&rsquo;installer dans toute la maison, un garage, un sous sol&#8230;<\/p>\n<ul>\n<li>Enti\u00e8rement configurable via l&rsquo;application Smartphone.<\/li>\n<li>Indication de force du signal radio.<\/li>\n<li>M\u00e9thode d&rsquo;enr\u00f4lement: \u00e0 la mise sous tension, QR Code, SN.<\/li>\n<li>Affichage LCD.<\/li>\n<li>Technologie radio: Tri-X.<\/li>\n<li>M\u00e9thode de transmission: bidirectionnel.<\/li>\n<li>Fr\u00e9quence: 868MHz.<\/li>\n<li>Cryptage radio AES 128 bits.<\/li>\n<li>Port\u00e9e radio jusqu&rsquo;\u00e0 1200m en champ libre.<\/li>\n<li>Alimentation: 2 piles AAA, autonomie jusqu&rsquo;\u00e0 2 ans.<\/li>\n<li>Plage de temp\u00e9rature de fonctionnement: -20&lt;+60\u00b0C ou -35&lt;+99\u00b0C en utilisant la sonde d\u00e9port\u00e9e (fournie).<\/li>\n<li>Plage d&rsquo;humidit\u00e9 de fonctionnement: 10 \u00e0 90%.<\/li>\n<li>Installation en int\u00e9rieur.<\/li>\n<li>Poids: 73,5g.<\/li>\n<li>Gamme: AX PRO.<\/li>\n<\/ul>\n","protected":false},"excerpt":{"rendered":"<p>Le capteur\u00a0DS-PDTPH-E-WE HikVision\u00a0permet de transmettre des relev\u00e9s de temp\u00e9rature et d&rsquo;humidit\u00e9 \u00e0 la centrale AX PRO. Disposant d&rsquo;une port\u00e9e radio<\/p>\n","protected":false},"featured_media":16802,"comment_status":"open","ping_status":"closed","template":"","meta":{"inline_featured_image":false},"product_brand":[215],"product_cat":[212],"product_tag":[],"class_list":{"0":"post-16801","1":"product","2":"type-product","3":"status-publish","4":"has-post-thumbnail","6":"product_brand-hikvision","7":"product_cat-alarm","8":"pa_brand-hikvision","9":"pa_model-wireless-alarm","11":"first","12":"instock","13":"shipping-taxable","14":"product-type-simple"},"_links":{"self":[{"href":"https:\/\/tcrk-dz.com\/eCatalog\/wp-json\/wp\/v2\/product\/16801","targetHints":{"allow":["GET"]}}],"collection":[{"href":"https:\/\/tcrk-dz.com\/eCatalog\/wp-json\/wp\/v2\/product"}],"about":[{"href":"https:\/\/tcrk-dz.com\/eCatalog\/wp-json\/wp\/v2\/types\/product"}],"replies":[{"embeddable":true,"href":"https:\/\/tcrk-dz.com\/eCatalog\/wp-json\/wp\/v2\/comments?post=16801"}],"version-history":[{"count":0,"href":"https:\/\/tcrk-dz.com\/eCatalog\/wp-json\/wp\/v2\/product\/16801\/revisions"}],"wp:featuredmedia":[{"embeddable":true,"href":"https:\/\/tcrk-dz.com\/eCatalog\/wp-json\/wp\/v2\/media\/16802"}],"wp:attachment":[{"href":"https:\/\/tcrk-dz.com\/eCatalog\/wp-json\/wp\/v2\/media?parent=16801"}],"wp:term":[{"taxonomy":"product_brand","embeddable":true,"href":"https:\/\/tcrk-dz.com\/eCatalog\/wp-json\/wp\/v2\/product_brand?post=16801"},{"taxonomy":"product_cat","embeddable":true,"href":"https:\/\/tcrk-dz.com\/eCatalog\/wp-json\/wp\/v2\/product_cat?post=16801"},{"taxonomy":"product_tag","embeddable":true,"href":"https:\/\/tcrk-dz.com\/eCatalog\/wp-json\/wp\/v2\/product_tag?post=16801"}],"curies":[{"name":"wp","href":"https:\/\/api.w.org\/{rel}","templated":true}]}}