{"id":16795,"date":"2025-12-22T11:43:47","date_gmt":"2025-12-22T11:43:47","guid":{"rendered":"https:\/\/tcrk-dz.com\/eCatalog\/?post_type=product&#038;p=16795"},"modified":"2025-12-22T11:43:47","modified_gmt":"2025-12-22T11:43:47","slug":"hikvision-alarm-detecteur-externe-sans-fil-triple-technologie","status":"publish","type":"product","link":"https:\/\/tcrk-dz.com\/eCatalog\/produit\/hikvision-alarm-detecteur-externe-sans-fil-triple-technologie\/","title":{"rendered":"HIKVISION Alarm D\u00e9tecteur externe sans fil triple technologie"},"content":{"rendered":"<ul class=\"product_description_item-list\">\n<li class=\"product_description_item\"><span dir=\"auto\">couverture r\u00e9glable \u00e0 90\u00b0 et 180\u00b0<\/span><\/li>\n<li class=\"product_description_item\"><span dir=\"auto\">R\u00e9sistance aux intemp\u00e9ries IP65 pour une utilisation en ext\u00e9rieur<\/span><\/li>\n<li class=\"product_description_item\"><span dir=\"auto\">anti-masquage IR actif<\/span><\/li>\n<li class=\"product_description_item\"><span dir=\"auto\">Plusieurs m\u00e9thodes d&rsquo;inscription et installation facile<\/span><\/li>\n<li class=\"product_description_item\"><span dir=\"auto\">Saut de fr\u00e9quence contre le brouillage pour une transmission fiable<\/span><\/li>\n<\/ul>\n","protected":false},"excerpt":{"rendered":"<p>couverture r\u00e9glable \u00e0 90\u00b0 et 180\u00b0 R\u00e9sistance aux intemp\u00e9ries IP65 pour une utilisation en ext\u00e9rieur anti-masquage IR actif Plusieurs m\u00e9thodes<\/p>\n","protected":false},"featured_media":16797,"comment_status":"open","ping_status":"closed","template":"","meta":{"inline_featured_image":false},"product_brand":[215],"product_cat":[212],"product_tag":[],"class_list":{"0":"post-16795","1":"product","2":"type-product","3":"status-publish","4":"has-post-thumbnail","6":"product_brand-hikvision","7":"product_cat-alarm","8":"pa_brand-hikvision","9":"pa_model-wireless-alarm","11":"first","12":"instock","13":"shipping-taxable","14":"product-type-simple"},"_links":{"self":[{"href":"https:\/\/tcrk-dz.com\/eCatalog\/wp-json\/wp\/v2\/product\/16795","targetHints":{"allow":["GET"]}}],"collection":[{"href":"https:\/\/tcrk-dz.com\/eCatalog\/wp-json\/wp\/v2\/product"}],"about":[{"href":"https:\/\/tcrk-dz.com\/eCatalog\/wp-json\/wp\/v2\/types\/product"}],"replies":[{"embeddable":true,"href":"https:\/\/tcrk-dz.com\/eCatalog\/wp-json\/wp\/v2\/comments?post=16795"}],"version-history":[{"count":0,"href":"https:\/\/tcrk-dz.com\/eCatalog\/wp-json\/wp\/v2\/product\/16795\/revisions"}],"wp:featuredmedia":[{"embeddable":true,"href":"https:\/\/tcrk-dz.com\/eCatalog\/wp-json\/wp\/v2\/media\/16797"}],"wp:attachment":[{"href":"https:\/\/tcrk-dz.com\/eCatalog\/wp-json\/wp\/v2\/media?parent=16795"}],"wp:term":[{"taxonomy":"product_brand","embeddable":true,"href":"https:\/\/tcrk-dz.com\/eCatalog\/wp-json\/wp\/v2\/product_brand?post=16795"},{"taxonomy":"product_cat","embeddable":true,"href":"https:\/\/tcrk-dz.com\/eCatalog\/wp-json\/wp\/v2\/product_cat?post=16795"},{"taxonomy":"product_tag","embeddable":true,"href":"https:\/\/tcrk-dz.com\/eCatalog\/wp-json\/wp\/v2\/product_tag?post=16795"}],"curies":[{"name":"wp","href":"https:\/\/api.w.org\/{rel}","templated":true}]}}