{"id":16790,"date":"2025-12-22T11:35:12","date_gmt":"2025-12-22T11:35:12","guid":{"rendered":"https:\/\/tcrk-dz.com\/eCatalog\/?post_type=product&#038;p=16790"},"modified":"2025-12-22T11:36:23","modified_gmt":"2025-12-22T11:36:23","slug":"16790","status":"publish","type":"product","link":"https:\/\/tcrk-dz.com\/eCatalog\/produit\/16790\/","title":{"rendered":"HIKVISION Alarm T\u00e9l\u00e9commande sans fil (key fob)"},"content":{"rendered":"<pre id=\"tw-target-text\" class=\"tw-data-text tw-text-large tw-ta\" dir=\"ltr\" tabindex=\"-1\" role=\"text\" data-placeholder=\"Traduction\" data-ved=\"2ahUKEwjakorvi9GRAxUOzwIHHVTYLDQQ3ewLegQIDBAW\" aria-label=\"Texte traduit\u00a0: Op\u00e9ration : armement et d\u00e9sarmement en position de non-intervention Fonction de verrouillage et de d\u00e9verrouillage de la t\u00e9l\u00e9commande Enti\u00e8rement configurable \u00e0 distance via l'application M\u00e9thode d'inscription multiple et conception d'installation facile Batterie facilement rempla\u00e7able avec circuit imprim\u00e9 prot\u00e9g\u00e9 Saut de fr\u00e9quence contre le brouillage pour une transmission fiable\"><span class=\"Y2IQFc\" lang=\"fr\" style=\"font-family: arial, helvetica, sans-serif;\">- Op\u00e9ration : armement et d\u00e9sarmement en position de non-intervention\r\n- Fonction de verrouillage et de d\u00e9verrouillage de la t\u00e9l\u00e9commande\r\n- Enti\u00e8rement configurable \u00e0 distance via l'application\r\n- M\u00e9thode d'inscription multiple et conception d'installation facile\r\n- Batterie facilement rempla\u00e7able avec circuit imprim\u00e9 prot\u00e9g\u00e9\r\n- Saut de fr\u00e9quence contre le brouillage pour une transmission fiable<\/span><\/pre>\n","protected":false},"excerpt":{"rendered":"<p>&#8211; Op\u00e9ration : armement et d\u00e9sarmement en position de non-intervention &#8211; Fonction de verrouillage et de d\u00e9verrouillage de la t\u00e9l\u00e9commande<\/p>\n","protected":false},"featured_media":16792,"comment_status":"open","ping_status":"closed","template":"","meta":{"inline_featured_image":false},"product_brand":[215],"product_cat":[212],"product_tag":[],"class_list":{"0":"post-16790","1":"product","2":"type-product","3":"status-publish","4":"has-post-thumbnail","6":"product_brand-hikvision","7":"product_cat-alarm","8":"pa_brand-hikvision","9":"pa_model-wireless-alarm","11":"first","12":"instock","13":"shipping-taxable","14":"product-type-simple"},"_links":{"self":[{"href":"https:\/\/tcrk-dz.com\/eCatalog\/wp-json\/wp\/v2\/product\/16790","targetHints":{"allow":["GET"]}}],"collection":[{"href":"https:\/\/tcrk-dz.com\/eCatalog\/wp-json\/wp\/v2\/product"}],"about":[{"href":"https:\/\/tcrk-dz.com\/eCatalog\/wp-json\/wp\/v2\/types\/product"}],"replies":[{"embeddable":true,"href":"https:\/\/tcrk-dz.com\/eCatalog\/wp-json\/wp\/v2\/comments?post=16790"}],"version-history":[{"count":0,"href":"https:\/\/tcrk-dz.com\/eCatalog\/wp-json\/wp\/v2\/product\/16790\/revisions"}],"wp:featuredmedia":[{"embeddable":true,"href":"https:\/\/tcrk-dz.com\/eCatalog\/wp-json\/wp\/v2\/media\/16792"}],"wp:attachment":[{"href":"https:\/\/tcrk-dz.com\/eCatalog\/wp-json\/wp\/v2\/media?parent=16790"}],"wp:term":[{"taxonomy":"product_brand","embeddable":true,"href":"https:\/\/tcrk-dz.com\/eCatalog\/wp-json\/wp\/v2\/product_brand?post=16790"},{"taxonomy":"product_cat","embeddable":true,"href":"https:\/\/tcrk-dz.com\/eCatalog\/wp-json\/wp\/v2\/product_cat?post=16790"},{"taxonomy":"product_tag","embeddable":true,"href":"https:\/\/tcrk-dz.com\/eCatalog\/wp-json\/wp\/v2\/product_tag?post=16790"}],"curies":[{"name":"wp","href":"https:\/\/api.w.org\/{rel}","templated":true}]}}