{"id":16781,"date":"2025-12-22T11:14:07","date_gmt":"2025-12-22T11:14:07","guid":{"rendered":"https:\/\/tcrk-dz.com\/eCatalog\/?post_type=product&#038;p=16781"},"modified":"2025-12-22T11:14:07","modified_gmt":"2025-12-22T11:14:07","slug":"hikvision-alarm-detecteur-pir-sans-fil","status":"publish","type":"product","link":"https:\/\/tcrk-dz.com\/eCatalog\/produit\/hikvision-alarm-detecteur-pir-sans-fil\/","title":{"rendered":"HIKVISION Alarm D\u00e9tecteur PIR sans fil"},"content":{"rendered":"<p><strong>Caract\u00e9ristiques<\/strong><\/p>\n<ul>\n<li>Immunit\u00e9 aux animaux : jusqu&rsquo;\u00e0 30 kg<\/li>\n<li>Port\u00e9e de d\u00e9tection : 15 m\u00e8tres<\/li>\n<li>Angle : 85.9\u00b0<\/li>\n<li>Technologie : sans fil bidirectionnelle 1600 m\u00e8tres (champ libre sans obstacle)<\/li>\n<li>SEC (Smart Environmental Control) &#8211; Traitement num\u00e9rique avanc\u00e9 du signal et optique 3D<\/li>\n<li>Saut de fr\u00e9quence contre le brouillage pour une transmission fiable et s\u00e9curis\u00e9e<\/li>\n<li>Enti\u00e8rement configurable \u00e0 distance via l&rsquo;application\u00a0<a href=\"https:\/\/www.ubitech.fr\/blog\/15-comment-configurer-hik-connect-\" target=\"_blank\" rel=\"noopener\">Hik-Connect<\/a><\/li>\n<li>Adh\u00e9sif double-face ou vis (inclus) pour une fixation plafond ou murale<\/li>\n<li>Indicateurs de force signal (SSI)<\/li>\n<li>Fr\u00e9quence de communication : 868 MHz &#8211; chiffrement AES 128 Bits<\/li>\n<li>Fonction de pr\u00e9vention des conflits de donn\u00e9es sans fil<\/li>\n<\/ul>\n<p><strong>Caract\u00e9ristiques techniques<\/strong><\/p>\n<ul>\n<li>Temp\u00e9rature de fonctionnement : de -10 \u00b0C \u00e0 55 \u00b0C<\/li>\n<li>Dimensions : 65.5mm \u00d7 103mm \u00d7 48.5mm<\/li>\n<li>Poids : 128 grammes<\/li>\n<li>Hauteur d&rsquo;installation : 1.80 \u00e0 2.40 m\u00e8tres<\/li>\n<li>Utilisation : Int\u00e9rieur<\/li>\n<li>1 x pile CR123A<\/li>\n<\/ul>\n","protected":false},"excerpt":{"rendered":"<p>Caract\u00e9ristiques Immunit\u00e9 aux animaux : jusqu&rsquo;\u00e0 30 kg Port\u00e9e de d\u00e9tection : 15 m\u00e8tres Angle : 85.9\u00b0 Technologie : sans<\/p>\n","protected":false},"featured_media":16782,"comment_status":"open","ping_status":"closed","template":"","meta":{"inline_featured_image":false},"product_brand":[215],"product_cat":[212],"product_tag":[],"class_list":{"0":"post-16781","1":"product","2":"type-product","3":"status-publish","4":"has-post-thumbnail","6":"product_brand-hikvision","7":"product_cat-alarm","8":"pa_brand-hikvision","9":"pa_model-wireless-alarm","11":"first","12":"instock","13":"shipping-taxable","14":"product-type-simple"},"_links":{"self":[{"href":"https:\/\/tcrk-dz.com\/eCatalog\/wp-json\/wp\/v2\/product\/16781","targetHints":{"allow":["GET"]}}],"collection":[{"href":"https:\/\/tcrk-dz.com\/eCatalog\/wp-json\/wp\/v2\/product"}],"about":[{"href":"https:\/\/tcrk-dz.com\/eCatalog\/wp-json\/wp\/v2\/types\/product"}],"replies":[{"embeddable":true,"href":"https:\/\/tcrk-dz.com\/eCatalog\/wp-json\/wp\/v2\/comments?post=16781"}],"version-history":[{"count":0,"href":"https:\/\/tcrk-dz.com\/eCatalog\/wp-json\/wp\/v2\/product\/16781\/revisions"}],"wp:featuredmedia":[{"embeddable":true,"href":"https:\/\/tcrk-dz.com\/eCatalog\/wp-json\/wp\/v2\/media\/16782"}],"wp:attachment":[{"href":"https:\/\/tcrk-dz.com\/eCatalog\/wp-json\/wp\/v2\/media?parent=16781"}],"wp:term":[{"taxonomy":"product_brand","embeddable":true,"href":"https:\/\/tcrk-dz.com\/eCatalog\/wp-json\/wp\/v2\/product_brand?post=16781"},{"taxonomy":"product_cat","embeddable":true,"href":"https:\/\/tcrk-dz.com\/eCatalog\/wp-json\/wp\/v2\/product_cat?post=16781"},{"taxonomy":"product_tag","embeddable":true,"href":"https:\/\/tcrk-dz.com\/eCatalog\/wp-json\/wp\/v2\/product_tag?post=16781"}],"curies":[{"name":"wp","href":"https:\/\/api.w.org\/{rel}","templated":true}]}}