{"id":16762,"date":"2025-10-19T22:46:38","date_gmt":"2025-10-19T22:46:38","guid":{"rendered":"https:\/\/tcrk-dz.com\/eCatalog\/?post_type=product&#038;p=16762"},"modified":"2025-10-19T22:46:38","modified_gmt":"2025-10-19T22:46:38","slug":"camera-dahua-wifi-hero-c1-2mpx-algerie-dz-tcrk-hamiz","status":"publish","type":"product","link":"https:\/\/tcrk-dz.com\/eCatalog\/produit\/camera-dahua-wifi-hero-c1-2mpx-algerie-dz-tcrk-hamiz\/","title":{"rendered":"Camera Dahua Wifi HERO C1 2Mpx"},"content":{"rendered":"<ul>\n<li><span data-sheets-root=\"1\">CMOS 1\/2,8\u2033.Objectif 4 mm.filtre IR m\u00e9canique.<\/span><\/li>\n<li><span data-sheets-root=\"1\">sensibilit\u00e9 0,05 lx \u00e0 F1,6.compression : H.265+, H.265, H.264+, H.264, MJPEG.<\/span><\/li>\n<li><span data-sheets-root=\"1\">2 flux jusqu&rsquo;\u00e0 2MP \u00e0 25 ips.<\/span><\/li>\n<li><span data-sheets-root=\"1\">analyse vid\u00e9o : d\u00e9tection de personnes, franchissement de ligne, s\u00e9curit\u00e9 du p\u00e9rim\u00e8tre.<\/span><\/li>\n<li><span data-sheets-root=\"1\">\u00c9clairage IR 15 m.<\/span><\/li>\n<li><span data-sheets-root=\"1\">microphone + haut-parleur int\u00e9gr\u00e9s.<\/span><\/li>\n<li><span data-sheets-root=\"1\">MicroSD jusqu&rsquo;\u00e0 512 Go.<\/span><\/li>\n<li><span data-sheets-root=\"1\">alimentation : 5 V (CC) Type-CWi-Fi 2,4 GHz<\/span><\/li>\n<\/ul>\n","protected":false},"excerpt":{"rendered":"<p>CMOS 1\/2,8\u2033.Objectif 4 mm.filtre IR m\u00e9canique. sensibilit\u00e9 0,05 lx \u00e0 F1,6.compression : H.265+, H.265, H.264+, H.264, MJPEG. 2 flux jusqu&rsquo;\u00e0<\/p>\n","protected":false},"featured_media":16763,"comment_status":"open","ping_status":"closed","template":"","meta":{"inline_featured_image":false},"product_brand":[76],"product_cat":[208],"product_tag":[],"class_list":{"0":"post-16762","1":"product","2":"type-product","3":"status-publish","4":"has-post-thumbnail","6":"product_brand-dahua","7":"product_cat-camera","8":"pa_brand-dahua","9":"pa_model-wifi","11":"first","12":"instock","13":"shipping-taxable","14":"product-type-simple"},"_links":{"self":[{"href":"https:\/\/tcrk-dz.com\/eCatalog\/wp-json\/wp\/v2\/product\/16762","targetHints":{"allow":["GET"]}}],"collection":[{"href":"https:\/\/tcrk-dz.com\/eCatalog\/wp-json\/wp\/v2\/product"}],"about":[{"href":"https:\/\/tcrk-dz.com\/eCatalog\/wp-json\/wp\/v2\/types\/product"}],"replies":[{"embeddable":true,"href":"https:\/\/tcrk-dz.com\/eCatalog\/wp-json\/wp\/v2\/comments?post=16762"}],"version-history":[{"count":0,"href":"https:\/\/tcrk-dz.com\/eCatalog\/wp-json\/wp\/v2\/product\/16762\/revisions"}],"wp:featuredmedia":[{"embeddable":true,"href":"https:\/\/tcrk-dz.com\/eCatalog\/wp-json\/wp\/v2\/media\/16763"}],"wp:attachment":[{"href":"https:\/\/tcrk-dz.com\/eCatalog\/wp-json\/wp\/v2\/media?parent=16762"}],"wp:term":[{"taxonomy":"product_brand","embeddable":true,"href":"https:\/\/tcrk-dz.com\/eCatalog\/wp-json\/wp\/v2\/product_brand?post=16762"},{"taxonomy":"product_cat","embeddable":true,"href":"https:\/\/tcrk-dz.com\/eCatalog\/wp-json\/wp\/v2\/product_cat?post=16762"},{"taxonomy":"product_tag","embeddable":true,"href":"https:\/\/tcrk-dz.com\/eCatalog\/wp-json\/wp\/v2\/product_tag?post=16762"}],"curies":[{"name":"wp","href":"https:\/\/api.w.org\/{rel}","templated":true}]}}