{"id":16756,"date":"2025-10-19T22:43:44","date_gmt":"2025-10-19T22:43:44","guid":{"rendered":"https:\/\/tcrk-dz.com\/eCatalog\/?post_type=product&#038;p=16756"},"modified":"2025-10-19T22:43:44","modified_gmt":"2025-10-19T22:43:44","slug":"camera-imou-wifi-ranger-rc-3mpx-algerie-dz-tcrk-hamiz","status":"publish","type":"product","link":"https:\/\/tcrk-dz.com\/eCatalog\/produit\/camera-imou-wifi-ranger-rc-3mpx-algerie-dz-tcrk-hamiz\/","title":{"rendered":"Camera IMOU Wifi Ranger RC 3Mpx"},"content":{"rendered":"<ul>\n<li>Vision panoramique &amp; inclinaison (Pan&amp;Tilt) pour une couverture compl\u00e8te \u00e0 360\u00b0 Appelez votre famille d&rsquo;une simple pression Lorsque des personnes \u00e2g\u00e9es ou des enfants sont seuls \u00e0 la maison et ont besoin d&rsquo;aide, ils peuvent appuyer sur le bouton de la Ranger RC.<\/li>\n<li>Les personnes avec qui la cam\u00e9ra a \u00e9t\u00e9 partag\u00e9e recevront alors instantan\u00e9ment leur appel.<\/li>\n<li>D\u00e9tection pr\u00e9cise des personnes La Ranger RC peut d\u00e9tecter avec pr\u00e9cision les cibles humaines et transmettre rapidement les informations \u00e0 l&rsquo;APP, vous permettant d&rsquo;avoir un contr\u00f4le total sur la s\u00e9curit\u00e9 de votre maison.<\/li>\n<li>Dissuadez les visiteurs ind\u00e9sirables La Ranger RC garde un \u0153il sur votre maison, lorsque quelqu&rsquo;un entre par effraction, la sir\u00e8ne se met en marche pour dissuader le visiteur ind\u00e9sirable.<\/li>\n<\/ul>\n","protected":false},"excerpt":{"rendered":"<p>Vision panoramique &amp; inclinaison (Pan&amp;Tilt) pour une couverture compl\u00e8te \u00e0 360\u00b0 Appelez votre famille d&rsquo;une simple pression Lorsque des personnes<\/p>\n","protected":false},"featured_media":16757,"comment_status":"open","ping_status":"closed","template":"","meta":{"inline_featured_image":false},"product_brand":[243],"product_cat":[208],"product_tag":[],"class_list":{"0":"post-16756","1":"product","2":"type-product","3":"status-publish","4":"has-post-thumbnail","6":"product_brand-imou","7":"product_cat-camera","8":"pa_brand-imou","9":"pa_model-wifi","11":"first","12":"instock","13":"shipping-taxable","14":"product-type-simple"},"_links":{"self":[{"href":"https:\/\/tcrk-dz.com\/eCatalog\/wp-json\/wp\/v2\/product\/16756","targetHints":{"allow":["GET"]}}],"collection":[{"href":"https:\/\/tcrk-dz.com\/eCatalog\/wp-json\/wp\/v2\/product"}],"about":[{"href":"https:\/\/tcrk-dz.com\/eCatalog\/wp-json\/wp\/v2\/types\/product"}],"replies":[{"embeddable":true,"href":"https:\/\/tcrk-dz.com\/eCatalog\/wp-json\/wp\/v2\/comments?post=16756"}],"version-history":[{"count":0,"href":"https:\/\/tcrk-dz.com\/eCatalog\/wp-json\/wp\/v2\/product\/16756\/revisions"}],"wp:featuredmedia":[{"embeddable":true,"href":"https:\/\/tcrk-dz.com\/eCatalog\/wp-json\/wp\/v2\/media\/16757"}],"wp:attachment":[{"href":"https:\/\/tcrk-dz.com\/eCatalog\/wp-json\/wp\/v2\/media?parent=16756"}],"wp:term":[{"taxonomy":"product_brand","embeddable":true,"href":"https:\/\/tcrk-dz.com\/eCatalog\/wp-json\/wp\/v2\/product_brand?post=16756"},{"taxonomy":"product_cat","embeddable":true,"href":"https:\/\/tcrk-dz.com\/eCatalog\/wp-json\/wp\/v2\/product_cat?post=16756"},{"taxonomy":"product_tag","embeddable":true,"href":"https:\/\/tcrk-dz.com\/eCatalog\/wp-json\/wp\/v2\/product_tag?post=16756"}],"curies":[{"name":"wp","href":"https:\/\/api.w.org\/{rel}","templated":true}]}}