{"id":16733,"date":"2025-10-19T22:10:34","date_gmt":"2025-10-19T22:10:34","guid":{"rendered":"https:\/\/tcrk-dz.com\/eCatalog\/?post_type=product&#038;p=16733"},"modified":"2025-10-19T22:10:34","modified_gmt":"2025-10-19T22:10:34","slug":"xvr-dahua-16-channels-serie-i3-4k-algerie-dz-tcrk-hamiz","status":"publish","type":"product","link":"https:\/\/tcrk-dz.com\/eCatalog\/produit\/xvr-dahua-16-channels-serie-i3-4k-algerie-dz-tcrk-hamiz\/","title":{"rendered":"XVR Dahua 16 Channels S\u00e9rie I3 4K"},"content":{"rendered":"<ul>\n<li><span data-sheets-root=\"1\">QuickPick 2.0 \u00e0 2 canaux pour canaux analogiques qui am\u00e9liore l&rsquo;efficacit\u00e9 de la r\u00e9cup\u00e9ration des cibles. <\/span><\/li>\n<li><span data-sheets-root=\"1\">Protection de la confidentialit\u00e9 \u00e0 1 canal pour les canaux analogiques qui prend en charge le masquage et la restauration des visages humains d\u00e9tect\u00e9s en temps r\u00e9el. <\/span><\/li>\n<li><span data-sheets-root=\"1\">16 canaux SMD Plus pour les canaux analogiques ou 32 canaux SMD par cam\u00e9ra qui permet \u00e0 l&rsquo;appareil de d\u00e9clencher des alarmes pr\u00e9cises pour les humains et les v\u00e9hicules. <\/span><\/li>\n<li><span data-sheets-root=\"1\">Protection p\u00e9rim\u00e9trique \u00e0 8 canaux pour les canaux analogiques qui prend en charge la d\u00e9tection de d\u00e9clenchement et d&rsquo;intrusion aliment\u00e9e par l&rsquo;IA. <\/span><\/li>\n<li><span data-sheets-root=\"1\">Reconnaissance faciale \u00e0 2 canaux pour les canaux analogiques qui prend en charge la comparaison des visages. <\/span><\/li>\n<li><span data-sheets-root=\"1\">Le codage IA \u00e0 16 canaux permet d&rsquo;\u00e9conomiser du stockage et de la bande passante tout en conservant les d\u00e9tails des cibles dans les vid\u00e9os. <\/span><\/li>\n<li><span data-sheets-root=\"1\">Prend en charge les entr\u00e9es vid\u00e9o HDCVI, AHD, TVI, CVBS et IP. Prend en charge jusqu&rsquo;\u00e0 32 canaux d&rsquo;entr\u00e9e de cam\u00e9ra IP, chaque canal pouvant atteindre 8 MP. La bande passante entrante atteint 128 Mbit\/s. <\/span><\/li>\n<li><span data-sheets-root=\"1\">Compression vid\u00e9o double flux intelligente H.265+ et H.265.<\/span><\/li>\n<\/ul>\n","protected":false},"excerpt":{"rendered":"<p>QuickPick 2.0 \u00e0 2 canaux pour canaux analogiques qui am\u00e9liore l&rsquo;efficacit\u00e9 de la r\u00e9cup\u00e9ration des cibles. Protection de la confidentialit\u00e9<\/p>\n","protected":false},"featured_media":16734,"comment_status":"open","ping_status":"closed","template":"","meta":{"inline_featured_image":false},"product_brand":[76],"product_cat":[239],"product_tag":[],"class_list":{"0":"post-16733","1":"product","2":"type-product","3":"status-publish","4":"has-post-thumbnail","6":"product_brand-dahua","7":"product_cat-xvr-enregistreur-video-hdcvi","8":"pa_brand-dahua","9":"pa_series-i3-4k","11":"first","12":"instock","13":"shipping-taxable","14":"product-type-simple"},"_links":{"self":[{"href":"https:\/\/tcrk-dz.com\/eCatalog\/wp-json\/wp\/v2\/product\/16733","targetHints":{"allow":["GET"]}}],"collection":[{"href":"https:\/\/tcrk-dz.com\/eCatalog\/wp-json\/wp\/v2\/product"}],"about":[{"href":"https:\/\/tcrk-dz.com\/eCatalog\/wp-json\/wp\/v2\/types\/product"}],"replies":[{"embeddable":true,"href":"https:\/\/tcrk-dz.com\/eCatalog\/wp-json\/wp\/v2\/comments?post=16733"}],"version-history":[{"count":0,"href":"https:\/\/tcrk-dz.com\/eCatalog\/wp-json\/wp\/v2\/product\/16733\/revisions"}],"wp:featuredmedia":[{"embeddable":true,"href":"https:\/\/tcrk-dz.com\/eCatalog\/wp-json\/wp\/v2\/media\/16734"}],"wp:attachment":[{"href":"https:\/\/tcrk-dz.com\/eCatalog\/wp-json\/wp\/v2\/media?parent=16733"}],"wp:term":[{"taxonomy":"product_brand","embeddable":true,"href":"https:\/\/tcrk-dz.com\/eCatalog\/wp-json\/wp\/v2\/product_brand?post=16733"},{"taxonomy":"product_cat","embeddable":true,"href":"https:\/\/tcrk-dz.com\/eCatalog\/wp-json\/wp\/v2\/product_cat?post=16733"},{"taxonomy":"product_tag","embeddable":true,"href":"https:\/\/tcrk-dz.com\/eCatalog\/wp-json\/wp\/v2\/product_tag?post=16733"}],"curies":[{"name":"wp","href":"https:\/\/api.w.org\/{rel}","templated":true}]}}