{"id":16716,"date":"2025-10-19T21:54:41","date_gmt":"2025-10-19T21:54:41","guid":{"rendered":"https:\/\/tcrk-dz.com\/eCatalog\/?post_type=product&#038;p=16716"},"modified":"2025-10-19T21:54:41","modified_gmt":"2025-10-19T21:54:41","slug":"xvr-dahua-04-channels-serie-i3-dh-xvr5104hs-i3-algerie-dz-tcrk-hamiz","status":"publish","type":"product","link":"https:\/\/tcrk-dz.com\/eCatalog\/produit\/xvr-dahua-04-channels-serie-i3-dh-xvr5104hs-i3-algerie-dz-tcrk-hamiz\/","title":{"rendered":"XVR Dahua 04 Channels S\u00e9rie I3 DH-XVR5104HS-I3"},"content":{"rendered":"<ul>\n<li><span data-sheets-root=\"1\">Compression vid\u00e9o double flux H.265+\/H.265<\/span><\/li>\n<li><span data-sheets-root=\"1\">Prend en charge le codage IA sur l&rsquo;ensemble du canal<\/span><\/li>\n<li><span data-sheets-root=\"1\">Prend en charge les entr\u00e9es vid\u00e9o HDCVI\/AHD\/TVI\/CVBS\/IP<\/span><\/li>\n<li><span data-sheets-root=\"1\">Entr\u00e9es de cam\u00e9ra IP max. 6 canaux, chaque canal jusqu&rsquo;\u00e0 6 MP ; bande passante entrante max. 32 Mbps<\/span><\/li>\n<li><span data-sheets-root=\"1\">Jusqu&rsquo;\u00e0 2 canaux de flux vid\u00e9o (canal analogique) Protection p\u00e9rim\u00e9trique<\/span><\/li>\n<li><span data-sheets-root=\"1\">Jusqu&rsquo;\u00e0 4 canaux de flux vid\u00e9o (canal analogique) SMD Plus<\/span><\/li>\n<li><span data-sheets-root=\"1\">Jusqu&rsquo;\u00e0 1 canal de flux vid\u00e9o (canal analogique) reconnaissance faciale humaine<\/span><\/li>\n<li><span data-sheets-root=\"1\">Fonctionnalit\u00e9s IoT et POS<\/span><\/li>\n<\/ul>\n","protected":false},"excerpt":{"rendered":"<p>Compression vid\u00e9o double flux H.265+\/H.265 Prend en charge le codage IA sur l&rsquo;ensemble du canal Prend en charge les entr\u00e9es<\/p>\n","protected":false},"featured_media":16718,"comment_status":"open","ping_status":"closed","template":"","meta":{"inline_featured_image":false},"product_brand":[76],"product_cat":[239],"product_tag":[],"class_list":{"0":"post-16716","1":"product","2":"type-product","3":"status-publish","4":"has-post-thumbnail","6":"product_brand-dahua","7":"product_cat-xvr-enregistreur-video-hdcvi","8":"pa_brand-dahua","9":"pa_series-i3","11":"first","12":"instock","13":"shipping-taxable","14":"product-type-simple"},"_links":{"self":[{"href":"https:\/\/tcrk-dz.com\/eCatalog\/wp-json\/wp\/v2\/product\/16716","targetHints":{"allow":["GET"]}}],"collection":[{"href":"https:\/\/tcrk-dz.com\/eCatalog\/wp-json\/wp\/v2\/product"}],"about":[{"href":"https:\/\/tcrk-dz.com\/eCatalog\/wp-json\/wp\/v2\/types\/product"}],"replies":[{"embeddable":true,"href":"https:\/\/tcrk-dz.com\/eCatalog\/wp-json\/wp\/v2\/comments?post=16716"}],"version-history":[{"count":0,"href":"https:\/\/tcrk-dz.com\/eCatalog\/wp-json\/wp\/v2\/product\/16716\/revisions"}],"wp:featuredmedia":[{"embeddable":true,"href":"https:\/\/tcrk-dz.com\/eCatalog\/wp-json\/wp\/v2\/media\/16718"}],"wp:attachment":[{"href":"https:\/\/tcrk-dz.com\/eCatalog\/wp-json\/wp\/v2\/media?parent=16716"}],"wp:term":[{"taxonomy":"product_brand","embeddable":true,"href":"https:\/\/tcrk-dz.com\/eCatalog\/wp-json\/wp\/v2\/product_brand?post=16716"},{"taxonomy":"product_cat","embeddable":true,"href":"https:\/\/tcrk-dz.com\/eCatalog\/wp-json\/wp\/v2\/product_cat?post=16716"},{"taxonomy":"product_tag","embeddable":true,"href":"https:\/\/tcrk-dz.com\/eCatalog\/wp-json\/wp\/v2\/product_tag?post=16716"}],"curies":[{"name":"wp","href":"https:\/\/api.w.org\/{rel}","templated":true}]}}