{"id":16703,"date":"2025-10-19T21:47:06","date_gmt":"2025-10-19T21:47:06","guid":{"rendered":"https:\/\/tcrk-dz.com\/eCatalog\/?post_type=product&#038;p=16703"},"modified":"2025-10-19T21:47:06","modified_gmt":"2025-10-19T21:47:06","slug":"xvr-dahua-16-channels-serie-i3-dhi-xvr5116hs-i3-algerie-dz-tcrk-hamiz","status":"publish","type":"product","link":"https:\/\/tcrk-dz.com\/eCatalog\/produit\/xvr-dahua-16-channels-serie-i3-dhi-xvr5116hs-i3-algerie-dz-tcrk-hamiz\/","title":{"rendered":"XVR Dahua 16 Channels S\u00e9rie I3 DHI-XVR5116HS-I3"},"content":{"rendered":"<ul>\n<li><span data-sheets-root=\"1\">QuickPick 2.0 \u00e0 2 canaux pour canaux analogiques qui am\u00e9liore l&rsquo;efficacit\u00e9 de la r\u00e9cup\u00e9ration des cibles. <\/span><\/li>\n<li><span data-sheets-root=\"1\">16 canaux SMD Plus pour les canaux analogiques ou 24 canaux SMD par cam\u00e9ra qui permet \u00e0 l&rsquo;appareil de d\u00e9clencher des alarmes pr\u00e9cises pour les humains et les v\u00e9hicules.&gt; Protection p\u00e9rim\u00e9trique \u00e0 4 canaux pour les canaux analogiques qui prend en charge la d\u00e9tection de d\u00e9clenchement et d&rsquo;intrusion aliment\u00e9e par l&rsquo;IA. <\/span><\/li>\n<li><span data-sheets-root=\"1\">Reconnaissance faciale \u00e0 2 canaux pour les canaux analogiques qui prend en charge la comparaison des visages. <\/span><\/li>\n<li><span data-sheets-root=\"1\">Le codage IA \u00e0 16 canaux permet d&rsquo;\u00e9conomiser du stockage et de la bande passante tout en conservant les d\u00e9tails des cibles dans les vid\u00e9os. <\/span><\/li>\n<li><span data-sheets-root=\"1\">Prend en charge les entr\u00e9es vid\u00e9o HDCVI, AHD, TVI, CVBS et IP.Prend en charge jusqu&rsquo;\u00e0 24 canaux d&rsquo;entr\u00e9e de cam\u00e9ra IP, chaque canal pouvant atteindre 6 MP. La bande passante entrante atteint 128 Mbit\/s. <\/span><\/li>\n<li><span data-sheets-root=\"1\">Compression vid\u00e9o double flux intelligente H.265+ et H.265. <\/span><\/li>\n<li><span data-sheets-root=\"1\">Capacit\u00e9s IoT et POS.<\/span><\/li>\n<\/ul>\n","protected":false},"excerpt":{"rendered":"<p>QuickPick 2.0 \u00e0 2 canaux pour canaux analogiques qui am\u00e9liore l&rsquo;efficacit\u00e9 de la r\u00e9cup\u00e9ration des cibles. 16 canaux SMD Plus<\/p>\n","protected":false},"featured_media":16705,"comment_status":"open","ping_status":"closed","template":"","meta":{"inline_featured_image":false},"product_brand":[76],"product_cat":[239],"product_tag":[],"class_list":{"0":"post-16703","1":"product","2":"type-product","3":"status-publish","4":"has-post-thumbnail","6":"product_brand-dahua","7":"product_cat-xvr-enregistreur-video-hdcvi","8":"pa_brand-dahua","9":"pa_series-i3","11":"first","12":"instock","13":"shipping-taxable","14":"product-type-simple"},"_links":{"self":[{"href":"https:\/\/tcrk-dz.com\/eCatalog\/wp-json\/wp\/v2\/product\/16703","targetHints":{"allow":["GET"]}}],"collection":[{"href":"https:\/\/tcrk-dz.com\/eCatalog\/wp-json\/wp\/v2\/product"}],"about":[{"href":"https:\/\/tcrk-dz.com\/eCatalog\/wp-json\/wp\/v2\/types\/product"}],"replies":[{"embeddable":true,"href":"https:\/\/tcrk-dz.com\/eCatalog\/wp-json\/wp\/v2\/comments?post=16703"}],"version-history":[{"count":0,"href":"https:\/\/tcrk-dz.com\/eCatalog\/wp-json\/wp\/v2\/product\/16703\/revisions"}],"wp:featuredmedia":[{"embeddable":true,"href":"https:\/\/tcrk-dz.com\/eCatalog\/wp-json\/wp\/v2\/media\/16705"}],"wp:attachment":[{"href":"https:\/\/tcrk-dz.com\/eCatalog\/wp-json\/wp\/v2\/media?parent=16703"}],"wp:term":[{"taxonomy":"product_brand","embeddable":true,"href":"https:\/\/tcrk-dz.com\/eCatalog\/wp-json\/wp\/v2\/product_brand?post=16703"},{"taxonomy":"product_cat","embeddable":true,"href":"https:\/\/tcrk-dz.com\/eCatalog\/wp-json\/wp\/v2\/product_cat?post=16703"},{"taxonomy":"product_tag","embeddable":true,"href":"https:\/\/tcrk-dz.com\/eCatalog\/wp-json\/wp\/v2\/product_tag?post=16703"}],"curies":[{"name":"wp","href":"https:\/\/api.w.org\/{rel}","templated":true}]}}