{"id":16691,"date":"2025-10-19T21:37:39","date_gmt":"2025-10-19T21:37:39","guid":{"rendered":"https:\/\/tcrk-dz.com\/eCatalog\/?post_type=product&#038;p=16691"},"modified":"2025-10-19T21:38:08","modified_gmt":"2025-10-19T21:38:08","slug":"xvr-dahua-08-channels-serie-cooper-dh-xvr1b08h-i-algerie-dz-tcrk-hamiz","status":"publish","type":"product","link":"https:\/\/tcrk-dz.com\/eCatalog\/produit\/xvr-dahua-08-channels-serie-cooper-dh-xvr1b08h-i-algerie-dz-tcrk-hamiz\/","title":{"rendered":"XVR Dahua 08 Channels S\u00e9rie Cooper DH-XVR1B08H-I"},"content":{"rendered":"<ul>\n<li><span data-sheets-root=\"1\">SMD Plus 8 canaux pour canaux analogiques qui permet \u00e0 l&rsquo;appareil de d\u00e9clencher des alarmes pr\u00e9cises pour les humains et les v\u00e9hicules.<\/span><\/li>\n<li><span data-sheets-root=\"1\">Le codage IA \u00e0 8 canaux permet d&rsquo;\u00e9conomiser du stockage et de la bande passante tout en conservant les d\u00e9tails des cibles dans les vid\u00e9os.<\/span><\/li>\n<li><span data-sheets-root=\"1\">Prend en charge les entr\u00e9es vid\u00e9o HDCVI, AHD, TVI, CVBS et IP.Prend en charge jusqu&rsquo;\u00e0 12 canaux d&rsquo;entr\u00e9e de cam\u00e9ra IP, chaque canal pouvant atteindre 6 MP. La bande passante entrante atteint 64 Mbit\/s.<\/span><\/li>\n<li><span data-sheets-root=\"1\">Compression vid\u00e9o double flux intelligente H.265+ et H.265.<\/span><\/li>\n<\/ul>\n","protected":false},"excerpt":{"rendered":"<p>SMD Plus 8 canaux pour canaux analogiques qui permet \u00e0 l&rsquo;appareil de d\u00e9clencher des alarmes pr\u00e9cises pour les humains et<\/p>\n","protected":false},"featured_media":16693,"comment_status":"open","ping_status":"closed","template":"","meta":{"inline_featured_image":false},"product_brand":[76],"product_cat":[239],"product_tag":[],"class_list":{"0":"post-16691","1":"product","2":"type-product","3":"status-publish","4":"has-post-thumbnail","6":"product_brand-dahua","7":"product_cat-xvr-enregistreur-video-hdcvi","8":"pa_brand-dahua","9":"pa_series-cooper","11":"first","12":"instock","13":"shipping-taxable","14":"product-type-simple"},"_links":{"self":[{"href":"https:\/\/tcrk-dz.com\/eCatalog\/wp-json\/wp\/v2\/product\/16691","targetHints":{"allow":["GET"]}}],"collection":[{"href":"https:\/\/tcrk-dz.com\/eCatalog\/wp-json\/wp\/v2\/product"}],"about":[{"href":"https:\/\/tcrk-dz.com\/eCatalog\/wp-json\/wp\/v2\/types\/product"}],"replies":[{"embeddable":true,"href":"https:\/\/tcrk-dz.com\/eCatalog\/wp-json\/wp\/v2\/comments?post=16691"}],"version-history":[{"count":0,"href":"https:\/\/tcrk-dz.com\/eCatalog\/wp-json\/wp\/v2\/product\/16691\/revisions"}],"wp:featuredmedia":[{"embeddable":true,"href":"https:\/\/tcrk-dz.com\/eCatalog\/wp-json\/wp\/v2\/media\/16693"}],"wp:attachment":[{"href":"https:\/\/tcrk-dz.com\/eCatalog\/wp-json\/wp\/v2\/media?parent=16691"}],"wp:term":[{"taxonomy":"product_brand","embeddable":true,"href":"https:\/\/tcrk-dz.com\/eCatalog\/wp-json\/wp\/v2\/product_brand?post=16691"},{"taxonomy":"product_cat","embeddable":true,"href":"https:\/\/tcrk-dz.com\/eCatalog\/wp-json\/wp\/v2\/product_cat?post=16691"},{"taxonomy":"product_tag","embeddable":true,"href":"https:\/\/tcrk-dz.com\/eCatalog\/wp-json\/wp\/v2\/product_tag?post=16691"}],"curies":[{"name":"wp","href":"https:\/\/api.w.org\/{rel}","templated":true}]}}