{"id":16580,"date":"2025-10-08T22:24:49","date_gmt":"2025-10-08T22:24:49","guid":{"rendered":"https:\/\/tcrk-dz.com\/eCatalog\/?post_type=product&#038;p=16580"},"modified":"2025-10-08T22:24:49","modified_gmt":"2025-10-08T22:24:49","slug":"dahua-support-adaptateur-de-montage-pfa111-algerie-dz-tcrk-hamiz","status":"publish","type":"product","link":"https:\/\/tcrk-dz.com\/eCatalog\/produit\/dahua-support-adaptateur-de-montage-pfa111-algerie-dz-tcrk-hamiz\/","title":{"rendered":"Dahua Support Adaptateur de montage PFA111"},"content":{"rendered":"<p><span data-sheets-root=\"1\">&#8211; Support de montage Dahua PFA111 en aluminium aussi con\u00e7u pour offrir une solution esth\u00e9tique et fonctionnelle pour vos installations de cam\u00e9ras de s\u00e9curit\u00e9. <\/span><\/p>\n<p><span data-sheets-root=\"1\">&#8211; Fabriqu\u00e9 en aluminium, cet adaptateur garantit non seulement une durabilit\u00e9 accrue, mais aussi un design \u00e9l\u00e9gant qui s&rsquo;int\u00e8gre harmonieusement dans divers environnements<\/span><\/p>\n","protected":false},"excerpt":{"rendered":"<p>&#8211; Support de montage Dahua PFA111 en aluminium aussi con\u00e7u pour offrir une solution esth\u00e9tique et fonctionnelle pour vos installations<\/p>\n","protected":false},"featured_media":16582,"comment_status":"open","ping_status":"closed","template":"","meta":{"inline_featured_image":false},"product_brand":[76],"product_cat":[234],"product_tag":[],"class_list":{"0":"post-16580","1":"product","2":"type-product","3":"status-publish","4":"has-post-thumbnail","6":"product_brand-dahua","7":"product_cat-accessoires-cctv","8":"pa_brand-dahua","10":"first","11":"instock","12":"shipping-taxable","13":"product-type-simple"},"_links":{"self":[{"href":"https:\/\/tcrk-dz.com\/eCatalog\/wp-json\/wp\/v2\/product\/16580","targetHints":{"allow":["GET"]}}],"collection":[{"href":"https:\/\/tcrk-dz.com\/eCatalog\/wp-json\/wp\/v2\/product"}],"about":[{"href":"https:\/\/tcrk-dz.com\/eCatalog\/wp-json\/wp\/v2\/types\/product"}],"replies":[{"embeddable":true,"href":"https:\/\/tcrk-dz.com\/eCatalog\/wp-json\/wp\/v2\/comments?post=16580"}],"version-history":[{"count":0,"href":"https:\/\/tcrk-dz.com\/eCatalog\/wp-json\/wp\/v2\/product\/16580\/revisions"}],"wp:featuredmedia":[{"embeddable":true,"href":"https:\/\/tcrk-dz.com\/eCatalog\/wp-json\/wp\/v2\/media\/16582"}],"wp:attachment":[{"href":"https:\/\/tcrk-dz.com\/eCatalog\/wp-json\/wp\/v2\/media?parent=16580"}],"wp:term":[{"taxonomy":"product_brand","embeddable":true,"href":"https:\/\/tcrk-dz.com\/eCatalog\/wp-json\/wp\/v2\/product_brand?post=16580"},{"taxonomy":"product_cat","embeddable":true,"href":"https:\/\/tcrk-dz.com\/eCatalog\/wp-json\/wp\/v2\/product_cat?post=16580"},{"taxonomy":"product_tag","embeddable":true,"href":"https:\/\/tcrk-dz.com\/eCatalog\/wp-json\/wp\/v2\/product_tag?post=16580"}],"curies":[{"name":"wp","href":"https:\/\/api.w.org\/{rel}","templated":true}]}}