{"id":16552,"date":"2025-10-03T20:36:27","date_gmt":"2025-10-03T20:36:27","guid":{"rendered":"https:\/\/tcrk-dz.com\/eCatalog\/?post_type=product&#038;p=16552"},"modified":"2025-10-03T20:36:27","modified_gmt":"2025-10-03T20:36:27","slug":"dahua-switch-poe-dahua-24-ports-gigabit-240w-algerie-dz-tcrk-hamiz","status":"publish","type":"product","link":"https:\/\/tcrk-dz.com\/eCatalog\/produit\/dahua-switch-poe-dahua-24-ports-gigabit-240w-algerie-dz-tcrk-hamiz\/","title":{"rendered":"Dahua Switch PoE Dahua 24 Ports Gigabit 240W"},"content":{"rendered":"<p><span data-sheets-root=\"1\">&#8211; Le Switch PoE r\u00e9seau bureau g\u00e9r\u00e9 S4228-24GT-240 est un commutateur de bureau g\u00e9r\u00e9 offrant 24 ports PoE et une capacit\u00e9 de gestion de r\u00e9seau de couche 2. <\/span><\/p>\n<p><span data-sheets-root=\"1\">&#8211; Il prend en charge diverses normes PoE, dispose de fonctionnalit\u00e9s de redondance r\u00e9seau, permet la gestion de la consommation d\u2019\u00e9nergie PoE et offre une transmission longue distance de 250 m\u00e8tres. <\/span><\/p>\n<p><span data-sheets-root=\"1\">&#8211; C\u2019est un choix id\u00e9al pour les environnements de bureau n\u00e9cessitant une connectivit\u00e9 Gigabit et une alimentation PoE pour les p\u00e9riph\u00e9riques r\u00e9seau.<\/span><\/p>\n","protected":false},"excerpt":{"rendered":"<p>&#8211; Le Switch PoE r\u00e9seau bureau g\u00e9r\u00e9 S4228-24GT-240 est un commutateur de bureau g\u00e9r\u00e9 offrant 24 ports PoE et une<\/p>\n","protected":false},"featured_media":16554,"comment_status":"open","ping_status":"closed","template":"","meta":{"inline_featured_image":false},"product_brand":[76],"product_cat":[223],"product_tag":[],"class_list":{"0":"post-16552","1":"product","2":"type-product","3":"status-publish","4":"has-post-thumbnail","6":"product_brand-dahua","7":"product_cat-switch","8":"pa_brand-dahua","9":"pa_model-switch-poe","11":"first","12":"instock","13":"shipping-taxable","14":"product-type-simple"},"_links":{"self":[{"href":"https:\/\/tcrk-dz.com\/eCatalog\/wp-json\/wp\/v2\/product\/16552","targetHints":{"allow":["GET"]}}],"collection":[{"href":"https:\/\/tcrk-dz.com\/eCatalog\/wp-json\/wp\/v2\/product"}],"about":[{"href":"https:\/\/tcrk-dz.com\/eCatalog\/wp-json\/wp\/v2\/types\/product"}],"replies":[{"embeddable":true,"href":"https:\/\/tcrk-dz.com\/eCatalog\/wp-json\/wp\/v2\/comments?post=16552"}],"version-history":[{"count":0,"href":"https:\/\/tcrk-dz.com\/eCatalog\/wp-json\/wp\/v2\/product\/16552\/revisions"}],"wp:featuredmedia":[{"embeddable":true,"href":"https:\/\/tcrk-dz.com\/eCatalog\/wp-json\/wp\/v2\/media\/16554"}],"wp:attachment":[{"href":"https:\/\/tcrk-dz.com\/eCatalog\/wp-json\/wp\/v2\/media?parent=16552"}],"wp:term":[{"taxonomy":"product_brand","embeddable":true,"href":"https:\/\/tcrk-dz.com\/eCatalog\/wp-json\/wp\/v2\/product_brand?post=16552"},{"taxonomy":"product_cat","embeddable":true,"href":"https:\/\/tcrk-dz.com\/eCatalog\/wp-json\/wp\/v2\/product_cat?post=16552"},{"taxonomy":"product_tag","embeddable":true,"href":"https:\/\/tcrk-dz.com\/eCatalog\/wp-json\/wp\/v2\/product_tag?post=16552"}],"curies":[{"name":"wp","href":"https:\/\/api.w.org\/{rel}","templated":true}]}}