{"id":16541,"date":"2025-10-03T20:28:30","date_gmt":"2025-10-03T20:28:30","guid":{"rendered":"https:\/\/tcrk-dz.com\/eCatalog\/?post_type=product&#038;p=16541"},"modified":"2025-10-03T20:28:31","modified_gmt":"2025-10-03T20:28:31","slug":"dahua-switch-gere-gigabit-poe-24-ports-algerie-dz-tcrk-hamiz","status":"publish","type":"product","link":"https:\/\/tcrk-dz.com\/eCatalog\/produit\/dahua-switch-gere-gigabit-poe-24-ports-algerie-dz-tcrk-hamiz\/","title":{"rendered":"Dahua Switch g\u00e9r\u00e9 Gigabit PoE 24 ports"},"content":{"rendered":"<p><span data-sheets-root=\"1\">&#8211; Commutateur PoE de gestion de r\u00e9seau de couche 2.<\/span><\/p>\n<p><span data-sheets-root=\"1\">&#8211; Prise en charge des normes IEEE802.3af et IEEE802.3at.<\/span><\/p>\n<p><span data-sheets-root=\"1\">&#8211; Redondance r\u00e9seau : STP\/RSTP\/MSTP.<\/span><\/p>\n<p><span data-sheets-root=\"1\">&#8211; Prise en charge IPv4\/IPv6 et DHCP.<\/span><\/p>\n<p><span data-sheets-root=\"1\">&#8211; Gestion de r\u00e9seau bas\u00e9e sur SNMP.<\/span><\/p>\n<p><span data-sheets-root=\"1\">&#8211; Configuration : Web, Telnet, commande CLI.<\/span><\/p>\n<p><span data-sheets-root=\"1\">&#8211; QoS (IEEE802.1p\/1Q), CoS\/ToS pour accro\u00eetre le d\u00e9terminisme.<\/span><\/p>\n<p><span data-sheets-root=\"1\">&#8211; S\u00e9curit\u00e9 r\u00e9seau am\u00e9lior\u00e9e avec IEEE802.1X, SNMP v1\/v2c\/v3, HTTPS et SSH\/SSL.<\/span><\/p>\n<p><span data-sheets-root=\"1\">&#8211; Cache de donn\u00e9es volumineux (4 Mo), transmission en temps r\u00e9el.<\/span><\/p>\n<p><span data-sheets-root=\"1\">&#8211; \u00c9tude et vieillissement automatiques des adresses MAC, capacit\u00e9 de la liste d&rsquo;adresses MAC : 8 Ko.<\/span><\/p>\n","protected":false},"excerpt":{"rendered":"<p>&#8211; Commutateur PoE de gestion de r\u00e9seau de couche 2. &#8211; Prise en charge des normes IEEE802.3af et IEEE802.3at. &#8211;<\/p>\n","protected":false},"featured_media":16543,"comment_status":"open","ping_status":"closed","template":"","meta":{"inline_featured_image":false},"product_brand":[76],"product_cat":[223],"product_tag":[],"class_list":{"0":"post-16541","1":"product","2":"type-product","3":"status-publish","4":"has-post-thumbnail","6":"product_brand-dahua","7":"product_cat-switch","8":"pa_brand-dahua","9":"pa_model-switch-poe","11":"first","12":"instock","13":"shipping-taxable","14":"product-type-simple"},"_links":{"self":[{"href":"https:\/\/tcrk-dz.com\/eCatalog\/wp-json\/wp\/v2\/product\/16541","targetHints":{"allow":["GET"]}}],"collection":[{"href":"https:\/\/tcrk-dz.com\/eCatalog\/wp-json\/wp\/v2\/product"}],"about":[{"href":"https:\/\/tcrk-dz.com\/eCatalog\/wp-json\/wp\/v2\/types\/product"}],"replies":[{"embeddable":true,"href":"https:\/\/tcrk-dz.com\/eCatalog\/wp-json\/wp\/v2\/comments?post=16541"}],"version-history":[{"count":0,"href":"https:\/\/tcrk-dz.com\/eCatalog\/wp-json\/wp\/v2\/product\/16541\/revisions"}],"wp:featuredmedia":[{"embeddable":true,"href":"https:\/\/tcrk-dz.com\/eCatalog\/wp-json\/wp\/v2\/media\/16543"}],"wp:attachment":[{"href":"https:\/\/tcrk-dz.com\/eCatalog\/wp-json\/wp\/v2\/media?parent=16541"}],"wp:term":[{"taxonomy":"product_brand","embeddable":true,"href":"https:\/\/tcrk-dz.com\/eCatalog\/wp-json\/wp\/v2\/product_brand?post=16541"},{"taxonomy":"product_cat","embeddable":true,"href":"https:\/\/tcrk-dz.com\/eCatalog\/wp-json\/wp\/v2\/product_cat?post=16541"},{"taxonomy":"product_tag","embeddable":true,"href":"https:\/\/tcrk-dz.com\/eCatalog\/wp-json\/wp\/v2\/product_tag?post=16541"}],"curies":[{"name":"wp","href":"https:\/\/api.w.org\/{rel}","templated":true}]}}