{"id":16535,"date":"2025-10-03T20:25:11","date_gmt":"2025-10-03T20:25:11","guid":{"rendered":"https:\/\/tcrk-dz.com\/eCatalog\/?post_type=product&#038;p=16535"},"modified":"2025-10-03T20:25:11","modified_gmt":"2025-10-03T20:25:11","slug":"dahua-switch-gigabit-gere-a-26-ports-avec-poe-a-24-ports-algerie-dz-tcrk-hamiz","status":"publish","type":"product","link":"https:\/\/tcrk-dz.com\/eCatalog\/produit\/dahua-switch-gigabit-gere-a-26-ports-avec-poe-a-24-ports-algerie-dz-tcrk-hamiz\/","title":{"rendered":"Dahua Switch Gigabit g\u00e9r\u00e9 \u00e0 26 ports avec PoE \u00e0 24 ports"},"content":{"rendered":"<p><span data-sheets-root=\"1\">&#8211; PoE intelligent. <\/span><\/p>\n<p><span data-sheets-root=\"1\">&#8211; Le port rouge prend en charge 90 W IEEE802.3bt. <\/span><\/p>\n<p><span data-sheets-root=\"1\">&#8211; Gestion Web avec interface conviviale et utilisation facile. <\/span><\/p>\n<p><span data-sheets-root=\"1\">&#8211; Transmission PoE longue distance de 250 m. <\/span><\/p>\n<p><span data-sheets-root=\"1\">&#8211; Chien de garde PoE. <\/span><\/p>\n<p><span data-sheets-root=\"1\">&#8211; Cache de donn\u00e9es de grande capacit\u00e9 (4 Mbit) pour une transmission en temps r\u00e9el et une vid\u00e9o fluide. <\/span><\/p>\n<p><span data-sheets-root=\"1\">&#8211; Conception de port enti\u00e8rement gigabit.<\/span><\/p>\n","protected":false},"excerpt":{"rendered":"<p>&#8211; PoE intelligent. &#8211; Le port rouge prend en charge 90 W IEEE802.3bt. &#8211; Gestion Web avec interface conviviale et<\/p>\n","protected":false},"featured_media":16537,"comment_status":"open","ping_status":"closed","template":"","meta":{"inline_featured_image":false},"product_brand":[76],"product_cat":[223],"product_tag":[],"class_list":{"0":"post-16535","1":"product","2":"type-product","3":"status-publish","4":"has-post-thumbnail","6":"product_brand-dahua","7":"product_cat-switch","8":"pa_brand-dahua","9":"pa_model-switch-poe","11":"first","12":"instock","13":"shipping-taxable","14":"product-type-simple"},"_links":{"self":[{"href":"https:\/\/tcrk-dz.com\/eCatalog\/wp-json\/wp\/v2\/product\/16535","targetHints":{"allow":["GET"]}}],"collection":[{"href":"https:\/\/tcrk-dz.com\/eCatalog\/wp-json\/wp\/v2\/product"}],"about":[{"href":"https:\/\/tcrk-dz.com\/eCatalog\/wp-json\/wp\/v2\/types\/product"}],"replies":[{"embeddable":true,"href":"https:\/\/tcrk-dz.com\/eCatalog\/wp-json\/wp\/v2\/comments?post=16535"}],"version-history":[{"count":0,"href":"https:\/\/tcrk-dz.com\/eCatalog\/wp-json\/wp\/v2\/product\/16535\/revisions"}],"wp:featuredmedia":[{"embeddable":true,"href":"https:\/\/tcrk-dz.com\/eCatalog\/wp-json\/wp\/v2\/media\/16537"}],"wp:attachment":[{"href":"https:\/\/tcrk-dz.com\/eCatalog\/wp-json\/wp\/v2\/media?parent=16535"}],"wp:term":[{"taxonomy":"product_brand","embeddable":true,"href":"https:\/\/tcrk-dz.com\/eCatalog\/wp-json\/wp\/v2\/product_brand?post=16535"},{"taxonomy":"product_cat","embeddable":true,"href":"https:\/\/tcrk-dz.com\/eCatalog\/wp-json\/wp\/v2\/product_cat?post=16535"},{"taxonomy":"product_tag","embeddable":true,"href":"https:\/\/tcrk-dz.com\/eCatalog\/wp-json\/wp\/v2\/product_tag?post=16535"}],"curies":[{"name":"wp","href":"https:\/\/api.w.org\/{rel}","templated":true}]}}