{"id":16520,"date":"2025-10-03T20:08:21","date_gmt":"2025-10-03T20:08:21","guid":{"rendered":"https:\/\/tcrk-dz.com\/eCatalog\/?post_type=product&#038;p=16520"},"modified":"2025-10-03T20:08:22","modified_gmt":"2025-10-03T20:08:22","slug":"dahua-switch-gigabit-non-gere-a-28-ports-avec-poe-a-24-ports-algerie-dz-tcrk-hamiz","status":"publish","type":"product","link":"https:\/\/tcrk-dz.com\/eCatalog\/produit\/dahua-switch-gigabit-non-gere-a-28-ports-avec-poe-a-24-ports-algerie-dz-tcrk-hamiz\/","title":{"rendered":"Dahua Switch Gigabit non g\u00e9r\u00e9 \u00e0 28 ports avec PoE \u00e0 24 ports"},"content":{"rendered":"<p><span data-sheets-root=\"1\">&#8211; PoE intelligent.<\/span><\/p>\n<p><span data-sheets-root=\"1\">&#8211; Le port rouge prend en charge BT 90 W.<\/span><\/p>\n<p><span data-sheets-root=\"1\">&#8211; Ports tout gigabit.<\/span><\/p>\n<p><span data-sheets-root=\"1\">&#8211; Transmission fluide.<\/span><\/p>\n<p><span data-sheets-root=\"1\">&#8211; Large plage de temp\u00e9ratures de fonctionnement : \u201310 \u00b0C \u00e0 55 \u00b0C (14 \u00b0F \u00e0 131 \u00b0F).<\/span><\/p>\n<p><span data-sheets-root=\"1\">&#8211; Plug and Play.<\/span><\/p>\n","protected":false},"excerpt":{"rendered":"<p>&#8211; PoE intelligent. &#8211; Le port rouge prend en charge BT 90 W. &#8211; Ports tout gigabit. &#8211; Transmission fluide.<\/p>\n","protected":false},"featured_media":16522,"comment_status":"open","ping_status":"closed","template":"","meta":{"inline_featured_image":false},"product_brand":[76],"product_cat":[223],"product_tag":[],"class_list":{"0":"post-16520","1":"product","2":"type-product","3":"status-publish","4":"has-post-thumbnail","6":"product_brand-dahua","7":"product_cat-switch","8":"pa_brand-dahua","9":"pa_model-switch-poe","11":"first","12":"instock","13":"shipping-taxable","14":"product-type-simple"},"_links":{"self":[{"href":"https:\/\/tcrk-dz.com\/eCatalog\/wp-json\/wp\/v2\/product\/16520","targetHints":{"allow":["GET"]}}],"collection":[{"href":"https:\/\/tcrk-dz.com\/eCatalog\/wp-json\/wp\/v2\/product"}],"about":[{"href":"https:\/\/tcrk-dz.com\/eCatalog\/wp-json\/wp\/v2\/types\/product"}],"replies":[{"embeddable":true,"href":"https:\/\/tcrk-dz.com\/eCatalog\/wp-json\/wp\/v2\/comments?post=16520"}],"version-history":[{"count":0,"href":"https:\/\/tcrk-dz.com\/eCatalog\/wp-json\/wp\/v2\/product\/16520\/revisions"}],"wp:featuredmedia":[{"embeddable":true,"href":"https:\/\/tcrk-dz.com\/eCatalog\/wp-json\/wp\/v2\/media\/16522"}],"wp:attachment":[{"href":"https:\/\/tcrk-dz.com\/eCatalog\/wp-json\/wp\/v2\/media?parent=16520"}],"wp:term":[{"taxonomy":"product_brand","embeddable":true,"href":"https:\/\/tcrk-dz.com\/eCatalog\/wp-json\/wp\/v2\/product_brand?post=16520"},{"taxonomy":"product_cat","embeddable":true,"href":"https:\/\/tcrk-dz.com\/eCatalog\/wp-json\/wp\/v2\/product_cat?post=16520"},{"taxonomy":"product_tag","embeddable":true,"href":"https:\/\/tcrk-dz.com\/eCatalog\/wp-json\/wp\/v2\/product_tag?post=16520"}],"curies":[{"name":"wp","href":"https:\/\/api.w.org\/{rel}","templated":true}]}}