{"id":16502,"date":"2025-10-03T19:51:34","date_gmt":"2025-10-03T19:51:34","guid":{"rendered":"https:\/\/tcrk-dz.com\/eCatalog\/?post_type=product&#038;p=16502"},"modified":"2025-10-03T19:51:34","modified_gmt":"2025-10-03T19:51:34","slug":"dahua-switch-gigabit-gere-a-28-ports-avec-24-ports-gsfp-et-4-ports-10g-sfp-algerie-dz-tcrk-hamiz","status":"publish","type":"product","link":"https:\/\/tcrk-dz.com\/eCatalog\/produit\/dahua-switch-gigabit-gere-a-28-ports-avec-24-ports-gsfp-et-4-ports-10g-sfp-algerie-dz-tcrk-hamiz\/","title":{"rendered":"Dahua Switch Gigabit g\u00e9r\u00e9 \u00e0 28 ports avec 24 ports GSFP et 4 ports 10G SFP+"},"content":{"rendered":"<p><span data-sheets-root=\"1\">&#8211; Hautes performances et fiabilit\u00e9 ; facile \u00e0 g\u00e9rer et \u00e0 entretenir.<\/span><\/p>\n<p><span data-sheets-root=\"1\">&#8211; Liaison montante 10 Gbit\/s et ports tout gigabit.<\/span><\/p>\n<p><span data-sheets-root=\"1\">&#8211; Diverses caract\u00e9ristiques de routage.<\/span><\/p>\n<p><span data-sheets-root=\"1\">&#8211; Architecture r\u00e9siliente intelligente IRF2.<\/span><\/p>\n<p><span data-sheets-root=\"1\">&#8211; G\u00e9rer via le client Web et la CLI.<\/span><\/p>\n<p><span data-sheets-root=\"1\">&#8211; Prend en charge des fonctions telles que l&rsquo;agr\u00e9gation de ports, le VLAN Lay-2, l&rsquo;ACL et la QoS.<\/span><\/p>\n","protected":false},"excerpt":{"rendered":"<p>&#8211; Hautes performances et fiabilit\u00e9 ; facile \u00e0 g\u00e9rer et \u00e0 entretenir. &#8211; Liaison montante 10 Gbit\/s et ports tout<\/p>\n","protected":false},"featured_media":16504,"comment_status":"open","ping_status":"closed","template":"","meta":{"inline_featured_image":false},"product_brand":[76],"product_cat":[223],"product_tag":[],"class_list":{"0":"post-16502","1":"product","2":"type-product","3":"status-publish","4":"has-post-thumbnail","6":"product_brand-dahua","7":"product_cat-switch","8":"pa_brand-dahua","9":"pa_model-switch-poe","11":"first","12":"instock","13":"shipping-taxable","14":"product-type-simple"},"_links":{"self":[{"href":"https:\/\/tcrk-dz.com\/eCatalog\/wp-json\/wp\/v2\/product\/16502","targetHints":{"allow":["GET"]}}],"collection":[{"href":"https:\/\/tcrk-dz.com\/eCatalog\/wp-json\/wp\/v2\/product"}],"about":[{"href":"https:\/\/tcrk-dz.com\/eCatalog\/wp-json\/wp\/v2\/types\/product"}],"replies":[{"embeddable":true,"href":"https:\/\/tcrk-dz.com\/eCatalog\/wp-json\/wp\/v2\/comments?post=16502"}],"version-history":[{"count":0,"href":"https:\/\/tcrk-dz.com\/eCatalog\/wp-json\/wp\/v2\/product\/16502\/revisions"}],"wp:featuredmedia":[{"embeddable":true,"href":"https:\/\/tcrk-dz.com\/eCatalog\/wp-json\/wp\/v2\/media\/16504"}],"wp:attachment":[{"href":"https:\/\/tcrk-dz.com\/eCatalog\/wp-json\/wp\/v2\/media?parent=16502"}],"wp:term":[{"taxonomy":"product_brand","embeddable":true,"href":"https:\/\/tcrk-dz.com\/eCatalog\/wp-json\/wp\/v2\/product_brand?post=16502"},{"taxonomy":"product_cat","embeddable":true,"href":"https:\/\/tcrk-dz.com\/eCatalog\/wp-json\/wp\/v2\/product_cat?post=16502"},{"taxonomy":"product_tag","embeddable":true,"href":"https:\/\/tcrk-dz.com\/eCatalog\/wp-json\/wp\/v2\/product_tag?post=16502"}],"curies":[{"name":"wp","href":"https:\/\/api.w.org\/{rel}","templated":true}]}}