{"id":16493,"date":"2025-10-03T19:41:53","date_gmt":"2025-10-03T19:41:53","guid":{"rendered":"https:\/\/tcrk-dz.com\/eCatalog\/?post_type=product&#038;p=16493"},"modified":"2025-10-03T19:44:46","modified_gmt":"2025-10-03T19:44:46","slug":"dahua-switch-gigabit-gere-a-28-ports-avec-24-ports-rj45-et-4-ports-10g-sfp-algerie-dz-tcrk-hamiz","status":"publish","type":"product","link":"https:\/\/tcrk-dz.com\/eCatalog\/produit\/dahua-switch-gigabit-gere-a-28-ports-avec-24-ports-rj45-et-4-ports-10g-sfp-algerie-dz-tcrk-hamiz\/","title":{"rendered":"Dahua Switch Gigabit g\u00e9r\u00e9 \u00e0 28 ports avec 24 ports RJ45 et 4 ports 10G SFP+"},"content":{"rendered":"<p><span data-sheets-root=\"1\">&#8211; Fonctionnalit\u00e9s L2 et L3 puissantes.<\/span><\/p>\n<p><span data-sheets-root=\"1\">&#8211; Connectivit\u00e9 au niveau de l&rsquo;entreprise.<\/span><\/p>\n<p><span data-sheets-root=\"1\">&#8211; Cadre de r\u00e9silience intelligent 2 (IRF2).<\/span><\/p>\n<p><span data-sheets-root=\"1\">&#8211; Convient pour une utilisation en toute s\u00e9curit\u00e9 dans les zones situ\u00e9es \u00e0 moins de 5 000 m d&rsquo;altitude.<\/span><\/p>\n","protected":false},"excerpt":{"rendered":"<p>&#8211; Fonctionnalit\u00e9s L2 et L3 puissantes. &#8211; Connectivit\u00e9 au niveau de l&rsquo;entreprise. &#8211; Cadre de r\u00e9silience intelligent 2 (IRF2). &#8211;<\/p>\n","protected":false},"featured_media":16497,"comment_status":"open","ping_status":"closed","template":"","meta":{"inline_featured_image":false},"product_brand":[76],"product_cat":[223],"product_tag":[],"class_list":{"0":"post-16493","1":"product","2":"type-product","3":"status-publish","4":"has-post-thumbnail","6":"product_brand-dahua","7":"product_cat-switch","8":"pa_brand-dahua","9":"pa_model-switch-poe","11":"first","12":"instock","13":"shipping-taxable","14":"product-type-simple"},"_links":{"self":[{"href":"https:\/\/tcrk-dz.com\/eCatalog\/wp-json\/wp\/v2\/product\/16493","targetHints":{"allow":["GET"]}}],"collection":[{"href":"https:\/\/tcrk-dz.com\/eCatalog\/wp-json\/wp\/v2\/product"}],"about":[{"href":"https:\/\/tcrk-dz.com\/eCatalog\/wp-json\/wp\/v2\/types\/product"}],"replies":[{"embeddable":true,"href":"https:\/\/tcrk-dz.com\/eCatalog\/wp-json\/wp\/v2\/comments?post=16493"}],"version-history":[{"count":0,"href":"https:\/\/tcrk-dz.com\/eCatalog\/wp-json\/wp\/v2\/product\/16493\/revisions"}],"wp:featuredmedia":[{"embeddable":true,"href":"https:\/\/tcrk-dz.com\/eCatalog\/wp-json\/wp\/v2\/media\/16497"}],"wp:attachment":[{"href":"https:\/\/tcrk-dz.com\/eCatalog\/wp-json\/wp\/v2\/media?parent=16493"}],"wp:term":[{"taxonomy":"product_brand","embeddable":true,"href":"https:\/\/tcrk-dz.com\/eCatalog\/wp-json\/wp\/v2\/product_brand?post=16493"},{"taxonomy":"product_cat","embeddable":true,"href":"https:\/\/tcrk-dz.com\/eCatalog\/wp-json\/wp\/v2\/product_cat?post=16493"},{"taxonomy":"product_tag","embeddable":true,"href":"https:\/\/tcrk-dz.com\/eCatalog\/wp-json\/wp\/v2\/product_tag?post=16493"}],"curies":[{"name":"wp","href":"https:\/\/api.w.org\/{rel}","templated":true}]}}