{"id":16488,"date":"2025-10-03T19:38:35","date_gmt":"2025-10-03T19:38:35","guid":{"rendered":"https:\/\/tcrk-dz.com\/eCatalog\/?post_type=product&#038;p=16488"},"modified":"2025-10-03T19:38:35","modified_gmt":"2025-10-03T19:38:35","slug":"dahua-switch-industriel-gigabit-20-ports-avec-poe-16-ports-algerie-dz-tcrk-hamiz","status":"publish","type":"product","link":"https:\/\/tcrk-dz.com\/eCatalog\/produit\/dahua-switch-industriel-gigabit-20-ports-avec-poe-16-ports-algerie-dz-tcrk-hamiz\/","title":{"rendered":"Dahua Switch industriel Gigabit 20 ports avec PoE 16 ports"},"content":{"rendered":"<p><span data-sheets-root=\"1\">&#8211; Les param\u00e8tres et fiches techniques ci-dessous ne peuvent \u00eatre appliqu\u00e9s qu&rsquo;\u00e0 la V2.0 (version 2.0) <\/span><\/p>\n<p><span data-sheets-root=\"1\">&#8211; Conception de port enti\u00e8rement gigabit. <\/span><\/p>\n<p><span data-sheets-root=\"1\">&#8211; Prend en charge les normes IEEE802.3af, IEEE802.3at, Hi-PoE et IEEE802.3bt (port rouge). <\/span><\/p>\n<p><span data-sheets-root=\"1\">&#8211; Transmission PoE longue distance &gt; 250 m (10 Mbps). <\/span><\/p>\n<p><span data-sheets-root=\"1\">&#8211; Chien de garde PoE. <\/span><\/p>\n<p><span data-sheets-root=\"1\">&#8211; Prend en charge STP, RSTP et MSTP. <\/span><\/p>\n<p><span data-sheets-root=\"1\">&#8211; Configuration VLAN bas\u00e9e sur IEEE802.1Q. <\/span><\/p>\n<p><span data-sheets-root=\"1\">&#8211; Agr\u00e9gation de liens manuelle et LACP statique. <\/span><\/p>\n<p><span data-sheets-root=\"1\">&#8211; Montage sur bureau et montage sur rail DIN.<\/span><\/p>\n","protected":false},"excerpt":{"rendered":"<p>&#8211; Les param\u00e8tres et fiches techniques ci-dessous ne peuvent \u00eatre appliqu\u00e9s qu&rsquo;\u00e0 la V2.0 (version 2.0) &#8211; Conception de port<\/p>\n","protected":false},"featured_media":16490,"comment_status":"open","ping_status":"closed","template":"","meta":{"inline_featured_image":false},"product_brand":[76],"product_cat":[223],"product_tag":[],"class_list":{"0":"post-16488","1":"product","2":"type-product","3":"status-publish","4":"has-post-thumbnail","6":"product_brand-dahua","7":"product_cat-switch","8":"pa_brand-dahua","9":"pa_model-switch-industriel","11":"first","12":"instock","13":"shipping-taxable","14":"product-type-simple"},"_links":{"self":[{"href":"https:\/\/tcrk-dz.com\/eCatalog\/wp-json\/wp\/v2\/product\/16488","targetHints":{"allow":["GET"]}}],"collection":[{"href":"https:\/\/tcrk-dz.com\/eCatalog\/wp-json\/wp\/v2\/product"}],"about":[{"href":"https:\/\/tcrk-dz.com\/eCatalog\/wp-json\/wp\/v2\/types\/product"}],"replies":[{"embeddable":true,"href":"https:\/\/tcrk-dz.com\/eCatalog\/wp-json\/wp\/v2\/comments?post=16488"}],"version-history":[{"count":0,"href":"https:\/\/tcrk-dz.com\/eCatalog\/wp-json\/wp\/v2\/product\/16488\/revisions"}],"wp:featuredmedia":[{"embeddable":true,"href":"https:\/\/tcrk-dz.com\/eCatalog\/wp-json\/wp\/v2\/media\/16490"}],"wp:attachment":[{"href":"https:\/\/tcrk-dz.com\/eCatalog\/wp-json\/wp\/v2\/media?parent=16488"}],"wp:term":[{"taxonomy":"product_brand","embeddable":true,"href":"https:\/\/tcrk-dz.com\/eCatalog\/wp-json\/wp\/v2\/product_brand?post=16488"},{"taxonomy":"product_cat","embeddable":true,"href":"https:\/\/tcrk-dz.com\/eCatalog\/wp-json\/wp\/v2\/product_cat?post=16488"},{"taxonomy":"product_tag","embeddable":true,"href":"https:\/\/tcrk-dz.com\/eCatalog\/wp-json\/wp\/v2\/product_tag?post=16488"}],"curies":[{"name":"wp","href":"https:\/\/api.w.org\/{rel}","templated":true}]}}