{"id":16477,"date":"2025-10-03T19:20:45","date_gmt":"2025-10-03T19:20:45","guid":{"rendered":"https:\/\/tcrk-dz.com\/eCatalog\/?post_type=product&#038;p=16477"},"modified":"2025-10-03T19:20:45","modified_gmt":"2025-10-03T19:20:45","slug":"16477-algerie-dz-tcrk-hamiz","status":"publish","type":"product","link":"https:\/\/tcrk-dz.com\/eCatalog\/produit\/16477-algerie-dz-tcrk-hamiz\/","title":{"rendered":"Dahua Switch Gigabit de bureau g\u00e9r\u00e9 dans le cloud \u00e0 20 ports avec PoE \u00e0 16 ports L2"},"content":{"rendered":"<p>&#8211; Switch Dahua Layer 2 manageable dans le cloud.<\/p>\n<p>&#8211; 16 ports PoE Gigabit.<\/p>\n<p>&#8211; 2 ports Gigabit RJ45 Uplink.<\/p>\n<p>&#8211; 2 ports Gigabit SFP Uplink.<\/p>\n<p>&#8211; 8 000 adresses MAC.<\/p>\n<p>&#8211; Gestion de la consommation PoE.<\/p>\n<p>&#8211; Prise en charge du PoE intelligent.<\/p>\n<p>&#8211; Puissance PoE totale de 190 W.<\/p>\n<p>&#8211; Gestion cloud via la plateforme Dolynk.<\/p>\n<p>&#8211; Gestion de la topologie r\u00e9seau.<\/p>\n<p>&#8211; PoE longue distance.<\/p>\n<p>&#8211; Protocole STP (Spanning Tree Protocol).<\/p>\n<p>&#8211; PoE Watchdog.<\/p>\n<p>&#8211; Protection contre les boucles.<\/p>\n<p>&#8211; Alimentation 220 V incluse.<\/p>\n<p>&#8211; Switch cloud administrable L2 18 ports avec 16 ports PoE.<\/p>\n","protected":false},"excerpt":{"rendered":"<p>&#8211; Switch Dahua Layer 2 manageable dans le cloud. &#8211; 16 ports PoE Gigabit. &#8211; 2 ports Gigabit RJ45 Uplink.<\/p>\n","protected":false},"featured_media":16479,"comment_status":"open","ping_status":"closed","template":"","meta":{"inline_featured_image":false},"product_brand":[76],"product_cat":[223],"product_tag":[],"class_list":{"0":"post-16477","1":"product","2":"type-product","3":"status-publish","4":"has-post-thumbnail","6":"product_brand-dahua","7":"product_cat-switch","8":"pa_brand-dahua","9":"pa_model-switch-poe","11":"first","12":"instock","13":"shipping-taxable","14":"product-type-simple"},"_links":{"self":[{"href":"https:\/\/tcrk-dz.com\/eCatalog\/wp-json\/wp\/v2\/product\/16477","targetHints":{"allow":["GET"]}}],"collection":[{"href":"https:\/\/tcrk-dz.com\/eCatalog\/wp-json\/wp\/v2\/product"}],"about":[{"href":"https:\/\/tcrk-dz.com\/eCatalog\/wp-json\/wp\/v2\/types\/product"}],"replies":[{"embeddable":true,"href":"https:\/\/tcrk-dz.com\/eCatalog\/wp-json\/wp\/v2\/comments?post=16477"}],"version-history":[{"count":0,"href":"https:\/\/tcrk-dz.com\/eCatalog\/wp-json\/wp\/v2\/product\/16477\/revisions"}],"wp:featuredmedia":[{"embeddable":true,"href":"https:\/\/tcrk-dz.com\/eCatalog\/wp-json\/wp\/v2\/media\/16479"}],"wp:attachment":[{"href":"https:\/\/tcrk-dz.com\/eCatalog\/wp-json\/wp\/v2\/media?parent=16477"}],"wp:term":[{"taxonomy":"product_brand","embeddable":true,"href":"https:\/\/tcrk-dz.com\/eCatalog\/wp-json\/wp\/v2\/product_brand?post=16477"},{"taxonomy":"product_cat","embeddable":true,"href":"https:\/\/tcrk-dz.com\/eCatalog\/wp-json\/wp\/v2\/product_cat?post=16477"},{"taxonomy":"product_tag","embeddable":true,"href":"https:\/\/tcrk-dz.com\/eCatalog\/wp-json\/wp\/v2\/product_tag?post=16477"}],"curies":[{"name":"wp","href":"https:\/\/api.w.org\/{rel}","templated":true}]}}