{"id":16471,"date":"2025-10-03T19:14:33","date_gmt":"2025-10-03T19:14:33","guid":{"rendered":"https:\/\/tcrk-dz.com\/eCatalog\/?post_type=product&#038;p=16471"},"modified":"2025-10-03T19:14:33","modified_gmt":"2025-10-03T19:14:33","slug":"dahua-switch-de-bureau-gere-dans-le-cloud-a-18-ports-avec-poe-a-16-ports-algerie-dz-tcrk-hamiz","status":"publish","type":"product","link":"https:\/\/tcrk-dz.com\/eCatalog\/produit\/dahua-switch-de-bureau-gere-dans-le-cloud-a-18-ports-avec-poe-a-16-ports-algerie-dz-tcrk-hamiz\/","title":{"rendered":"Dahua Switch de bureau g\u00e9r\u00e9 dans le cloud \u00e0 18 ports avec PoE \u00e0 16 ports"},"content":{"rendered":"<p><span data-sheets-root=\"1\">&#8211; Conforme aux exigences des normes IEEE802.3, IEEE802.3u, IEEE802.3x, IEEE802.3ab, IEEE802.3z. <\/span><\/p>\n<p><span data-sheets-root=\"1\">&#8211; Conforme aux exigences des normes d&rsquo;alimentation IEEE802.3af, IEEE802.3at, Hi-PoE et IEEE802.3bt. <\/span><\/p>\n<p><span data-sheets-root=\"1\">&#8211; G\u00e8re la consommation d&rsquo;\u00e9nergie PoE et l&rsquo;activation\/d\u00e9sactivation de l&rsquo;alimentation PoE. <\/span><\/p>\n<p><span data-sheets-root=\"1\">&#8211; Prend en charge le PoE intelligent. <\/span><\/p>\n<p><span data-sheets-root=\"1\">&#8211; Une large plage de temp\u00e9ratures de fonctionnement et un bo\u00eetier enti\u00e8rement m\u00e9tallique enti\u00e8rement ferm\u00e9 et \u00e9tanche \u00e0 la poussi\u00e8re.<\/span><\/p>\n","protected":false},"excerpt":{"rendered":"<p>&#8211; Conforme aux exigences des normes IEEE802.3, IEEE802.3u, IEEE802.3x, IEEE802.3ab, IEEE802.3z. &#8211; Conforme aux exigences des normes d&rsquo;alimentation IEEE802.3af, IEEE802.3at,<\/p>\n","protected":false},"featured_media":16473,"comment_status":"open","ping_status":"closed","template":"","meta":{"inline_featured_image":false},"product_brand":[76],"product_cat":[223],"product_tag":[],"class_list":{"0":"post-16471","1":"product","2":"type-product","3":"status-publish","4":"has-post-thumbnail","6":"product_brand-dahua","7":"product_cat-switch","8":"pa_brand-dahua","9":"pa_model-switch-poe","11":"first","12":"instock","13":"shipping-taxable","14":"product-type-simple"},"_links":{"self":[{"href":"https:\/\/tcrk-dz.com\/eCatalog\/wp-json\/wp\/v2\/product\/16471","targetHints":{"allow":["GET"]}}],"collection":[{"href":"https:\/\/tcrk-dz.com\/eCatalog\/wp-json\/wp\/v2\/product"}],"about":[{"href":"https:\/\/tcrk-dz.com\/eCatalog\/wp-json\/wp\/v2\/types\/product"}],"replies":[{"embeddable":true,"href":"https:\/\/tcrk-dz.com\/eCatalog\/wp-json\/wp\/v2\/comments?post=16471"}],"version-history":[{"count":0,"href":"https:\/\/tcrk-dz.com\/eCatalog\/wp-json\/wp\/v2\/product\/16471\/revisions"}],"wp:featuredmedia":[{"embeddable":true,"href":"https:\/\/tcrk-dz.com\/eCatalog\/wp-json\/wp\/v2\/media\/16473"}],"wp:attachment":[{"href":"https:\/\/tcrk-dz.com\/eCatalog\/wp-json\/wp\/v2\/media?parent=16471"}],"wp:term":[{"taxonomy":"product_brand","embeddable":true,"href":"https:\/\/tcrk-dz.com\/eCatalog\/wp-json\/wp\/v2\/product_brand?post=16471"},{"taxonomy":"product_cat","embeddable":true,"href":"https:\/\/tcrk-dz.com\/eCatalog\/wp-json\/wp\/v2\/product_cat?post=16471"},{"taxonomy":"product_tag","embeddable":true,"href":"https:\/\/tcrk-dz.com\/eCatalog\/wp-json\/wp\/v2\/product_tag?post=16471"}],"curies":[{"name":"wp","href":"https:\/\/api.w.org\/{rel}","templated":true}]}}