{"id":16458,"date":"2025-10-03T19:04:13","date_gmt":"2025-10-03T19:04:13","guid":{"rendered":"https:\/\/tcrk-dz.com\/eCatalog\/?post_type=product&#038;p=16458"},"modified":"2025-10-03T19:04:13","modified_gmt":"2025-10-03T19:04:13","slug":"dahua-commutateur-gigabit-a-11-ports-avec-8-ports-poe-algerie-dz-tcrk-hamiz","status":"publish","type":"product","link":"https:\/\/tcrk-dz.com\/eCatalog\/produit\/dahua-commutateur-gigabit-a-11-ports-avec-8-ports-poe-algerie-dz-tcrk-hamiz\/","title":{"rendered":"Dahua Commutateur Gigabit \u00e0 11 ports avec 8 ports PoE"},"content":{"rendered":"<p><span data-sheets-root=\"1\">&#8211; Les param\u00e8tres et fiches techniques ci-dessous ne peuvent \u00eatre appliqu\u00e9s qu&rsquo;\u00e0 la V2.0 (version 2.0) <\/span><\/p>\n<p><span data-sheets-root=\"1\">&#8211; PoE intelligent <\/span><\/p>\n<p><span data-sheets-root=\"1\">&#8211; Alimentation PoE \u00e0 8 broche <\/span><\/p>\n<p><span data-sheets-root=\"1\">&#8211; PoE longue distance <\/span><\/p>\n<p><span data-sheets-root=\"1\">&#8211; Chien de garde PoE <\/span><\/p>\n<p><span data-sheets-root=\"1\">&#8211; BT 90W <\/span><\/p>\n<p><span data-sheets-root=\"1\">&#8211; Tous les ports giga <\/span><\/p>\n<p><span data-sheets-root=\"1\">&#8211; Large plage de temp\u00e9ratures de fonctionnement<\/span><\/p>\n","protected":false},"excerpt":{"rendered":"<p>&#8211; Les param\u00e8tres et fiches techniques ci-dessous ne peuvent \u00eatre appliqu\u00e9s qu&rsquo;\u00e0 la V2.0 (version 2.0) &#8211; PoE intelligent &#8211;<\/p>\n","protected":false},"featured_media":16460,"comment_status":"open","ping_status":"closed","template":"","meta":{"inline_featured_image":false},"product_brand":[76],"product_cat":[223],"product_tag":[],"class_list":{"0":"post-16458","1":"product","2":"type-product","3":"status-publish","4":"has-post-thumbnail","6":"product_brand-dahua","7":"product_cat-switch","8":"pa_brand-dahua","9":"pa_model-switch-poe","11":"first","12":"instock","13":"shipping-taxable","14":"product-type-simple"},"_links":{"self":[{"href":"https:\/\/tcrk-dz.com\/eCatalog\/wp-json\/wp\/v2\/product\/16458","targetHints":{"allow":["GET"]}}],"collection":[{"href":"https:\/\/tcrk-dz.com\/eCatalog\/wp-json\/wp\/v2\/product"}],"about":[{"href":"https:\/\/tcrk-dz.com\/eCatalog\/wp-json\/wp\/v2\/types\/product"}],"replies":[{"embeddable":true,"href":"https:\/\/tcrk-dz.com\/eCatalog\/wp-json\/wp\/v2\/comments?post=16458"}],"version-history":[{"count":0,"href":"https:\/\/tcrk-dz.com\/eCatalog\/wp-json\/wp\/v2\/product\/16458\/revisions"}],"wp:featuredmedia":[{"embeddable":true,"href":"https:\/\/tcrk-dz.com\/eCatalog\/wp-json\/wp\/v2\/media\/16460"}],"wp:attachment":[{"href":"https:\/\/tcrk-dz.com\/eCatalog\/wp-json\/wp\/v2\/media?parent=16458"}],"wp:term":[{"taxonomy":"product_brand","embeddable":true,"href":"https:\/\/tcrk-dz.com\/eCatalog\/wp-json\/wp\/v2\/product_brand?post=16458"},{"taxonomy":"product_cat","embeddable":true,"href":"https:\/\/tcrk-dz.com\/eCatalog\/wp-json\/wp\/v2\/product_cat?post=16458"},{"taxonomy":"product_tag","embeddable":true,"href":"https:\/\/tcrk-dz.com\/eCatalog\/wp-json\/wp\/v2\/product_tag?post=16458"}],"curies":[{"name":"wp","href":"https:\/\/api.w.org\/{rel}","templated":true}]}}