{"id":16452,"date":"2025-10-03T18:59:23","date_gmt":"2025-10-03T18:59:23","guid":{"rendered":"https:\/\/tcrk-dz.com\/eCatalog\/?post_type=product&#038;p=16452"},"modified":"2025-10-03T18:59:23","modified_gmt":"2025-10-03T18:59:23","slug":"dahua-commutateur-de-bureau-non-gere-a-9-ports-avec-poe-a-8-ports-algerie-dz-tcrk-hamiz","status":"publish","type":"product","link":"https:\/\/tcrk-dz.com\/eCatalog\/produit\/dahua-commutateur-de-bureau-non-gere-a-9-ports-avec-poe-a-8-ports-algerie-dz-tcrk-hamiz\/","title":{"rendered":"Dahua Commutateur de bureau non g\u00e9r\u00e9 \u00e0 9 ports avec PoE \u00e0 8 ports"},"content":{"rendered":"<p><span data-sheets-root=\"1\">&#8211; Technologie Dahua PFS3009-8ET-96. Type de commutateur: Non g\u00e9r\u00e9, Couche de commutation: L2. <\/span><\/p>\n<p><span data-sheets-root=\"1\">&#8211; Type de ports de commutation de base Ethernet RJ-45: Fast Ethernet (10\/100), Nombre de ports de commutation de base Ethernet RJ-45: 8. <\/span><\/p>\n<p><span data-sheets-root=\"1\">&#8211; Table d&rsquo;adresses MAC: 2000 entr\u00e9es, Capacit\u00e9 de commutation: 1,8 Gbit\/s. <\/span><\/p>\n<p><span data-sheets-root=\"1\">&#8211; Normes r\u00e9seau : IEEE 802.3af, IEEE 802.3at. <\/span><\/p>\n<p><span data-sheets-root=\"1\">&#8211; Tension d&rsquo;entr\u00e9e CC : 48 &#8211; 57 V. <\/span><\/p>\n<p><span data-sheets-root=\"1\">&#8211; Alimentation par Ethernet (PoE)<\/span><\/p>\n","protected":false},"excerpt":{"rendered":"<p>&#8211; Technologie Dahua PFS3009-8ET-96. Type de commutateur: Non g\u00e9r\u00e9, Couche de commutation: L2. &#8211; Type de ports de commutation de<\/p>\n","protected":false},"featured_media":16454,"comment_status":"open","ping_status":"closed","template":"","meta":{"inline_featured_image":false},"product_brand":[76],"product_cat":[223],"product_tag":[],"class_list":{"0":"post-16452","1":"product","2":"type-product","3":"status-publish","4":"has-post-thumbnail","6":"product_brand-dahua","7":"product_cat-switch","8":"pa_brand-dahua","9":"pa_model-switch-poe","11":"first","12":"instock","13":"shipping-taxable","14":"product-type-simple"},"_links":{"self":[{"href":"https:\/\/tcrk-dz.com\/eCatalog\/wp-json\/wp\/v2\/product\/16452","targetHints":{"allow":["GET"]}}],"collection":[{"href":"https:\/\/tcrk-dz.com\/eCatalog\/wp-json\/wp\/v2\/product"}],"about":[{"href":"https:\/\/tcrk-dz.com\/eCatalog\/wp-json\/wp\/v2\/types\/product"}],"replies":[{"embeddable":true,"href":"https:\/\/tcrk-dz.com\/eCatalog\/wp-json\/wp\/v2\/comments?post=16452"}],"version-history":[{"count":0,"href":"https:\/\/tcrk-dz.com\/eCatalog\/wp-json\/wp\/v2\/product\/16452\/revisions"}],"wp:featuredmedia":[{"embeddable":true,"href":"https:\/\/tcrk-dz.com\/eCatalog\/wp-json\/wp\/v2\/media\/16454"}],"wp:attachment":[{"href":"https:\/\/tcrk-dz.com\/eCatalog\/wp-json\/wp\/v2\/media?parent=16452"}],"wp:term":[{"taxonomy":"product_brand","embeddable":true,"href":"https:\/\/tcrk-dz.com\/eCatalog\/wp-json\/wp\/v2\/product_brand?post=16452"},{"taxonomy":"product_cat","embeddable":true,"href":"https:\/\/tcrk-dz.com\/eCatalog\/wp-json\/wp\/v2\/product_cat?post=16452"},{"taxonomy":"product_tag","embeddable":true,"href":"https:\/\/tcrk-dz.com\/eCatalog\/wp-json\/wp\/v2\/product_tag?post=16452"}],"curies":[{"name":"wp","href":"https:\/\/api.w.org\/{rel}","templated":true}]}}