{"id":16446,"date":"2025-10-03T18:53:33","date_gmt":"2025-10-03T18:53:33","guid":{"rendered":"https:\/\/tcrk-dz.com\/eCatalog\/?post_type=product&#038;p=16446"},"modified":"2025-10-03T18:53:33","modified_gmt":"2025-10-03T18:53:33","slug":"dahua-switch-gigabit-industriel-gere-a-10-ports-avec-poe-a-08-ports-algerie-dz-tcrk-hamiz","status":"publish","type":"product","link":"https:\/\/tcrk-dz.com\/eCatalog\/produit\/dahua-switch-gigabit-industriel-gere-a-10-ports-avec-poe-a-08-ports-algerie-dz-tcrk-hamiz\/","title":{"rendered":"Dahua Switch Gigabit industriel g\u00e9r\u00e9 \u00e0 10 ports avec PoE \u00e0 08 Ports"},"content":{"rendered":"<p><span data-sheets-root=\"1\">&#8211; Switch industriel g\u00e9rable Dahua (L2). <\/span><\/p>\n<p><span data-sheets-root=\"1\">&#8211; 8 ports Gigabit PoE. <\/span><\/p>\n<p><span data-sheets-root=\"1\">&#8211; 2 ports Gigabit SFP. <\/span><\/p>\n<p><span data-sheets-root=\"1\">&#8211; 1 port console. <\/span><\/p>\n<p><span data-sheets-root=\"1\">&#8211; Les ports PoE 1 et 2 supportent 90W. <\/span><\/p>\n<p><span data-sheets-root=\"1\">&#8211; 120 W au total. <\/span><\/p>\n<p><span data-sheets-root=\"1\">&#8211; Transmission PoE longue distance de 250 m (10 Mbps).<\/span><\/p>\n","protected":false},"excerpt":{"rendered":"<p>&#8211; Switch industriel g\u00e9rable Dahua (L2). &#8211; 8 ports Gigabit PoE. &#8211; 2 ports Gigabit SFP. &#8211; 1 port console.<\/p>\n","protected":false},"featured_media":16448,"comment_status":"open","ping_status":"closed","template":"","meta":{"inline_featured_image":false},"product_brand":[76],"product_cat":[223],"product_tag":[],"class_list":{"0":"post-16446","1":"product","2":"type-product","3":"status-publish","4":"has-post-thumbnail","6":"product_brand-dahua","7":"product_cat-switch","8":"pa_model-switch-industriel","10":"first","11":"instock","12":"shipping-taxable","13":"product-type-simple"},"_links":{"self":[{"href":"https:\/\/tcrk-dz.com\/eCatalog\/wp-json\/wp\/v2\/product\/16446","targetHints":{"allow":["GET"]}}],"collection":[{"href":"https:\/\/tcrk-dz.com\/eCatalog\/wp-json\/wp\/v2\/product"}],"about":[{"href":"https:\/\/tcrk-dz.com\/eCatalog\/wp-json\/wp\/v2\/types\/product"}],"replies":[{"embeddable":true,"href":"https:\/\/tcrk-dz.com\/eCatalog\/wp-json\/wp\/v2\/comments?post=16446"}],"version-history":[{"count":0,"href":"https:\/\/tcrk-dz.com\/eCatalog\/wp-json\/wp\/v2\/product\/16446\/revisions"}],"wp:featuredmedia":[{"embeddable":true,"href":"https:\/\/tcrk-dz.com\/eCatalog\/wp-json\/wp\/v2\/media\/16448"}],"wp:attachment":[{"href":"https:\/\/tcrk-dz.com\/eCatalog\/wp-json\/wp\/v2\/media?parent=16446"}],"wp:term":[{"taxonomy":"product_brand","embeddable":true,"href":"https:\/\/tcrk-dz.com\/eCatalog\/wp-json\/wp\/v2\/product_brand?post=16446"},{"taxonomy":"product_cat","embeddable":true,"href":"https:\/\/tcrk-dz.com\/eCatalog\/wp-json\/wp\/v2\/product_cat?post=16446"},{"taxonomy":"product_tag","embeddable":true,"href":"https:\/\/tcrk-dz.com\/eCatalog\/wp-json\/wp\/v2\/product_tag?post=16446"}],"curies":[{"name":"wp","href":"https:\/\/api.w.org\/{rel}","templated":true}]}}