{"id":16436,"date":"2025-10-02T15:29:06","date_gmt":"2025-10-02T15:29:06","guid":{"rendered":"https:\/\/tcrk-dz.com\/eCatalog\/?post_type=product&#038;p=16436"},"modified":"2025-10-02T15:29:06","modified_gmt":"2025-10-02T15:29:06","slug":"seagate-disque-dur-10tb","status":"publish","type":"product","link":"https:\/\/tcrk-dz.com\/eCatalog\/produit\/seagate-disque-dur-10tb\/","title":{"rendered":"Seagate Disque Dur 10TB"},"content":{"rendered":"<p>&#8211; Disque dur interne 3,5&Prime; avec d&rsquo;excellentes performances.<\/p>\n<p>&#8211; Le disque est con\u00e7u pour un fonctionnement fiable 24 heures sur 24 dans les syst\u00e8mes de vid\u00e9osurveillance.<\/p>\n<p>&#8211; Connexion par interface Serial ATA.<\/p>\n","protected":false},"excerpt":{"rendered":"<p>&#8211; Disque dur interne 3,5&Prime; avec d&rsquo;excellentes performances. &#8211; Le disque est con\u00e7u pour un fonctionnement fiable 24 heures sur<\/p>\n","protected":false},"featured_media":16437,"comment_status":"open","ping_status":"closed","template":"","meta":{"inline_featured_image":false},"product_brand":[229],"product_cat":[225],"product_tag":[],"class_list":{"0":"post-16436","1":"product","2":"type-product","3":"status-publish","4":"has-post-thumbnail","6":"product_brand-seagate","7":"product_cat-stockage","8":"pa_brand-seagate","9":"pa_model-hdd","10":"pa_series-skyhawk","12":"first","13":"instock","14":"shipping-taxable","15":"product-type-simple"},"_links":{"self":[{"href":"https:\/\/tcrk-dz.com\/eCatalog\/wp-json\/wp\/v2\/product\/16436","targetHints":{"allow":["GET"]}}],"collection":[{"href":"https:\/\/tcrk-dz.com\/eCatalog\/wp-json\/wp\/v2\/product"}],"about":[{"href":"https:\/\/tcrk-dz.com\/eCatalog\/wp-json\/wp\/v2\/types\/product"}],"replies":[{"embeddable":true,"href":"https:\/\/tcrk-dz.com\/eCatalog\/wp-json\/wp\/v2\/comments?post=16436"}],"version-history":[{"count":0,"href":"https:\/\/tcrk-dz.com\/eCatalog\/wp-json\/wp\/v2\/product\/16436\/revisions"}],"wp:featuredmedia":[{"embeddable":true,"href":"https:\/\/tcrk-dz.com\/eCatalog\/wp-json\/wp\/v2\/media\/16437"}],"wp:attachment":[{"href":"https:\/\/tcrk-dz.com\/eCatalog\/wp-json\/wp\/v2\/media?parent=16436"}],"wp:term":[{"taxonomy":"product_brand","embeddable":true,"href":"https:\/\/tcrk-dz.com\/eCatalog\/wp-json\/wp\/v2\/product_brand?post=16436"},{"taxonomy":"product_cat","embeddable":true,"href":"https:\/\/tcrk-dz.com\/eCatalog\/wp-json\/wp\/v2\/product_cat?post=16436"},{"taxonomy":"product_tag","embeddable":true,"href":"https:\/\/tcrk-dz.com\/eCatalog\/wp-json\/wp\/v2\/product_tag?post=16436"}],"curies":[{"name":"wp","href":"https:\/\/api.w.org\/{rel}","templated":true}]}}