{"id":16428,"date":"2025-10-02T15:19:04","date_gmt":"2025-10-02T15:19:04","guid":{"rendered":"https:\/\/tcrk-dz.com\/eCatalog\/?post_type=product&#038;p=16428"},"modified":"2025-10-02T16:01:49","modified_gmt":"2025-10-02T16:01:49","slug":"dahua-switch-de-bureau-non-gere-a-10-ports-avec-08-ports-poe-algerie-dz-tcrk-hamiz","status":"publish","type":"product","link":"https:\/\/tcrk-dz.com\/eCatalog\/produit\/dahua-switch-de-bureau-non-gere-a-10-ports-avec-08-ports-poe-algerie-dz-tcrk-hamiz\/","title":{"rendered":"Dahua Switch de Bureau Non g\u00e9r\u00e9 \u00e0 10 Ports avec 08 Ports PoE"},"content":{"rendered":"<p><span data-sheets-root=\"1\">&#8211; Le switch PFS3110-8ET-96 08 Ports est un dispositif industriel assurant une transmission de r\u00e9seau fluide avec un vitesse 10 \/ 100 Mb\/s. <\/span><\/p>\n<p><span data-sheets-root=\"1\">&#8211; Des dispositifs de ce type peuvent \u00eatre utilis\u00e9s dans des installations mises en \u0153uvre dans des \u00e9difices industrielles dans des conditions d\u00e9favorables telles que la temp\u00e9rature \u00e9lev\u00e9e ou basse.<\/span><\/p>\n","protected":false},"excerpt":{"rendered":"<p>&#8211; Le switch PFS3110-8ET-96 08 Ports est un dispositif industriel assurant une transmission de r\u00e9seau fluide avec un vitesse 10<\/p>\n","protected":false},"featured_media":16431,"comment_status":"open","ping_status":"closed","template":"","meta":{"inline_featured_image":false},"product_brand":[76],"product_cat":[223],"product_tag":[],"class_list":{"0":"post-16428","1":"product","2":"type-product","3":"status-publish","4":"has-post-thumbnail","6":"product_brand-dahua","7":"product_cat-switch","8":"pa_brand-dahua","9":"pa_model-switch-poe","11":"first","12":"instock","13":"shipping-taxable","14":"product-type-simple"},"_links":{"self":[{"href":"https:\/\/tcrk-dz.com\/eCatalog\/wp-json\/wp\/v2\/product\/16428","targetHints":{"allow":["GET"]}}],"collection":[{"href":"https:\/\/tcrk-dz.com\/eCatalog\/wp-json\/wp\/v2\/product"}],"about":[{"href":"https:\/\/tcrk-dz.com\/eCatalog\/wp-json\/wp\/v2\/types\/product"}],"replies":[{"embeddable":true,"href":"https:\/\/tcrk-dz.com\/eCatalog\/wp-json\/wp\/v2\/comments?post=16428"}],"version-history":[{"count":0,"href":"https:\/\/tcrk-dz.com\/eCatalog\/wp-json\/wp\/v2\/product\/16428\/revisions"}],"wp:featuredmedia":[{"embeddable":true,"href":"https:\/\/tcrk-dz.com\/eCatalog\/wp-json\/wp\/v2\/media\/16431"}],"wp:attachment":[{"href":"https:\/\/tcrk-dz.com\/eCatalog\/wp-json\/wp\/v2\/media?parent=16428"}],"wp:term":[{"taxonomy":"product_brand","embeddable":true,"href":"https:\/\/tcrk-dz.com\/eCatalog\/wp-json\/wp\/v2\/product_brand?post=16428"},{"taxonomy":"product_cat","embeddable":true,"href":"https:\/\/tcrk-dz.com\/eCatalog\/wp-json\/wp\/v2\/product_cat?post=16428"},{"taxonomy":"product_tag","embeddable":true,"href":"https:\/\/tcrk-dz.com\/eCatalog\/wp-json\/wp\/v2\/product_tag?post=16428"}],"curies":[{"name":"wp","href":"https:\/\/api.w.org\/{rel}","templated":true}]}}