{"id":16414,"date":"2025-10-02T13:01:20","date_gmt":"2025-10-02T13:01:20","guid":{"rendered":"https:\/\/tcrk-dz.com\/eCatalog\/?post_type=product&#038;p=16414"},"modified":"2025-10-02T15:23:07","modified_gmt":"2025-10-02T15:23:07","slug":"dahua-switch-poe-04-ports-algerie-dz-tcrk-hamiz","status":"publish","type":"product","link":"https:\/\/tcrk-dz.com\/eCatalog\/produit\/dahua-switch-poe-04-ports-algerie-dz-tcrk-hamiz\/","title":{"rendered":"Dahua Switch PoE 04 Ports"},"content":{"rendered":"<p><span data-sheets-root=\"1\">&#8211; Grace \u00e0 la fiabilit\u00e9 et la transmission de haute qualit\u00e9, le combinateur de 4-ports PoE CS4006-4ET-60 10\/100 Mb\/s type desktop est une solution id\u00e9ale pour d\u00e9velopper le r\u00e9seau de bureau ou le r\u00e9seau domestique. <\/span><\/p>\n<p><span data-sheets-root=\"1\">&#8211; Les quatre ports prennent en charge la fonction Power over Ethernet (PoE).<\/span><\/p>\n","protected":false},"excerpt":{"rendered":"<p>&#8211; Grace \u00e0 la fiabilit\u00e9 et la transmission de haute qualit\u00e9, le combinateur de 4-ports PoE CS4006-4ET-60 10\/100 Mb\/s type<\/p>\n","protected":false},"featured_media":16416,"comment_status":"open","ping_status":"closed","template":"","meta":{"inline_featured_image":false},"product_brand":[76],"product_cat":[223],"product_tag":[],"class_list":{"0":"post-16414","1":"product","2":"type-product","3":"status-publish","4":"has-post-thumbnail","6":"product_brand-dahua","7":"product_cat-switch","8":"pa_brand-dahua","9":"pa_model-switch-poe","11":"first","12":"instock","13":"shipping-taxable","14":"product-type-simple"},"_links":{"self":[{"href":"https:\/\/tcrk-dz.com\/eCatalog\/wp-json\/wp\/v2\/product\/16414","targetHints":{"allow":["GET"]}}],"collection":[{"href":"https:\/\/tcrk-dz.com\/eCatalog\/wp-json\/wp\/v2\/product"}],"about":[{"href":"https:\/\/tcrk-dz.com\/eCatalog\/wp-json\/wp\/v2\/types\/product"}],"replies":[{"embeddable":true,"href":"https:\/\/tcrk-dz.com\/eCatalog\/wp-json\/wp\/v2\/comments?post=16414"}],"version-history":[{"count":0,"href":"https:\/\/tcrk-dz.com\/eCatalog\/wp-json\/wp\/v2\/product\/16414\/revisions"}],"wp:featuredmedia":[{"embeddable":true,"href":"https:\/\/tcrk-dz.com\/eCatalog\/wp-json\/wp\/v2\/media\/16416"}],"wp:attachment":[{"href":"https:\/\/tcrk-dz.com\/eCatalog\/wp-json\/wp\/v2\/media?parent=16414"}],"wp:term":[{"taxonomy":"product_brand","embeddable":true,"href":"https:\/\/tcrk-dz.com\/eCatalog\/wp-json\/wp\/v2\/product_brand?post=16414"},{"taxonomy":"product_cat","embeddable":true,"href":"https:\/\/tcrk-dz.com\/eCatalog\/wp-json\/wp\/v2\/product_cat?post=16414"},{"taxonomy":"product_tag","embeddable":true,"href":"https:\/\/tcrk-dz.com\/eCatalog\/wp-json\/wp\/v2\/product_tag?post=16414"}],"curies":[{"name":"wp","href":"https:\/\/api.w.org\/{rel}","templated":true}]}}