{"id":16404,"date":"2025-09-30T23:39:40","date_gmt":"2025-09-30T23:39:40","guid":{"rendered":"https:\/\/tcrk-dz.com\/eCatalog\/?post_type=product&#038;p=16404"},"modified":"2025-10-02T13:09:57","modified_gmt":"2025-10-02T13:09:57","slug":"hikvision-disque-dur-8tb","status":"publish","type":"product","link":"https:\/\/tcrk-dz.com\/eCatalog\/produit\/hikvision-disque-dur-8tb\/","title":{"rendered":"HIKVISION Disque Dur 8TB"},"content":{"rendered":"<p><span data-sheets-root=\"1\">Disque dur Hikvision DS80HKVS-VX1 8 To, s\u00e9rie sp\u00e9cialis\u00e9e, con\u00e7u pour fonctionner dans des syst\u00e8mes de vid\u00e9osurveillance 24h\/24 et 7j\/7. <\/span><\/p>\n<p><span data-sheets-root=\"1\">&#8211; Capacit\u00e9 du disque dur : 8 To, format 3,5&Prime;. M\u00e9moire cache : 256 Mo. <\/span><\/p>\n<p><span data-sheets-root=\"1\">&#8211; Interface : SATA 6 Gb\/s. <\/span><\/p>\n<p><span data-sheets-root=\"1\">&#8211; Vitesse de rotation : 7 200 tr\/min. <\/span><\/p>\n<p><span data-sheets-root=\"1\">&#8211; Consommation : 5,61 W (max.). <\/span><\/p>\n<p><span data-sheets-root=\"1\">&#8211; Dimensions : 101,85 x 26,1 x 147 mm, poids : 720 g.<\/span><\/p>\n","protected":false},"excerpt":{"rendered":"<p>Disque dur Hikvision DS80HKVS-VX1 8 To, s\u00e9rie sp\u00e9cialis\u00e9e, con\u00e7u pour fonctionner dans des syst\u00e8mes de vid\u00e9osurveillance 24h\/24 et 7j\/7. &#8211;<\/p>\n","protected":false},"featured_media":16405,"comment_status":"open","ping_status":"closed","template":"","meta":{"inline_featured_image":false},"product_brand":[215],"product_cat":[225],"product_tag":[],"class_list":{"0":"post-16404","1":"product","2":"type-product","3":"status-publish","4":"has-post-thumbnail","6":"product_brand-hikvision","7":"product_cat-stockage","8":"pa_brand-hikvision","9":"pa_model-hdd","11":"first","12":"instock","13":"shipping-taxable","14":"product-type-simple"},"_links":{"self":[{"href":"https:\/\/tcrk-dz.com\/eCatalog\/wp-json\/wp\/v2\/product\/16404","targetHints":{"allow":["GET"]}}],"collection":[{"href":"https:\/\/tcrk-dz.com\/eCatalog\/wp-json\/wp\/v2\/product"}],"about":[{"href":"https:\/\/tcrk-dz.com\/eCatalog\/wp-json\/wp\/v2\/types\/product"}],"replies":[{"embeddable":true,"href":"https:\/\/tcrk-dz.com\/eCatalog\/wp-json\/wp\/v2\/comments?post=16404"}],"version-history":[{"count":0,"href":"https:\/\/tcrk-dz.com\/eCatalog\/wp-json\/wp\/v2\/product\/16404\/revisions"}],"wp:featuredmedia":[{"embeddable":true,"href":"https:\/\/tcrk-dz.com\/eCatalog\/wp-json\/wp\/v2\/media\/16405"}],"wp:attachment":[{"href":"https:\/\/tcrk-dz.com\/eCatalog\/wp-json\/wp\/v2\/media?parent=16404"}],"wp:term":[{"taxonomy":"product_brand","embeddable":true,"href":"https:\/\/tcrk-dz.com\/eCatalog\/wp-json\/wp\/v2\/product_brand?post=16404"},{"taxonomy":"product_cat","embeddable":true,"href":"https:\/\/tcrk-dz.com\/eCatalog\/wp-json\/wp\/v2\/product_cat?post=16404"},{"taxonomy":"product_tag","embeddable":true,"href":"https:\/\/tcrk-dz.com\/eCatalog\/wp-json\/wp\/v2\/product_tag?post=16404"}],"curies":[{"name":"wp","href":"https:\/\/api.w.org\/{rel}","templated":true}]}}