{"id":16400,"date":"2025-09-30T23:31:55","date_gmt":"2025-09-30T23:31:55","guid":{"rendered":"https:\/\/tcrk-dz.com\/eCatalog\/?post_type=product&#038;p=16400"},"modified":"2025-10-02T13:09:00","modified_gmt":"2025-10-02T13:09:00","slug":"hikvision-disque-dur-6tb","status":"publish","type":"product","link":"https:\/\/tcrk-dz.com\/eCatalog\/produit\/hikvision-disque-dur-6tb\/","title":{"rendered":"HIKVISION Disque Dur 6TB"},"content":{"rendered":"<p><span data-sheets-root=\"1\">&#8211; Capacit\u00e9 jusqu&rsquo;\u00e0 6 To* Prend en charge jusqu&rsquo;\u00e0 64 cam\u00e9ras en flux haute d\u00e9finition La m\u00e9moire tampon de 256 Mo contribue \u00e0 fluidifier l&rsquo;enregistrement vid\u00e9o et \u00e0 prot\u00e9ger contre les pertes d&rsquo;images Con\u00e7u pour un fonctionnement 24h\/24 et 7j\/7 Charge de travail annuelle de 180 To\/an* MTTF de 1 million d&rsquo;heures* Format standard de 3,5 pouces* et interface SATA 6,0 Gb\/s* Technologie de secteur Advanced Format 512e<\/span><\/p>\n","protected":false},"excerpt":{"rendered":"<p>&#8211; Capacit\u00e9 jusqu&rsquo;\u00e0 6 To* Prend en charge jusqu&rsquo;\u00e0 64 cam\u00e9ras en flux haute d\u00e9finition La m\u00e9moire tampon de 256<\/p>\n","protected":false},"featured_media":16401,"comment_status":"open","ping_status":"closed","template":"","meta":{"inline_featured_image":false},"product_brand":[215],"product_cat":[225],"product_tag":[],"class_list":{"0":"post-16400","1":"product","2":"type-product","3":"status-publish","4":"has-post-thumbnail","6":"product_brand-hikvision","7":"product_cat-stockage","8":"pa_brand-hikvision","9":"pa_model-hdd","11":"first","12":"instock","13":"shipping-taxable","14":"product-type-simple"},"_links":{"self":[{"href":"https:\/\/tcrk-dz.com\/eCatalog\/wp-json\/wp\/v2\/product\/16400","targetHints":{"allow":["GET"]}}],"collection":[{"href":"https:\/\/tcrk-dz.com\/eCatalog\/wp-json\/wp\/v2\/product"}],"about":[{"href":"https:\/\/tcrk-dz.com\/eCatalog\/wp-json\/wp\/v2\/types\/product"}],"replies":[{"embeddable":true,"href":"https:\/\/tcrk-dz.com\/eCatalog\/wp-json\/wp\/v2\/comments?post=16400"}],"version-history":[{"count":0,"href":"https:\/\/tcrk-dz.com\/eCatalog\/wp-json\/wp\/v2\/product\/16400\/revisions"}],"wp:featuredmedia":[{"embeddable":true,"href":"https:\/\/tcrk-dz.com\/eCatalog\/wp-json\/wp\/v2\/media\/16401"}],"wp:attachment":[{"href":"https:\/\/tcrk-dz.com\/eCatalog\/wp-json\/wp\/v2\/media?parent=16400"}],"wp:term":[{"taxonomy":"product_brand","embeddable":true,"href":"https:\/\/tcrk-dz.com\/eCatalog\/wp-json\/wp\/v2\/product_brand?post=16400"},{"taxonomy":"product_cat","embeddable":true,"href":"https:\/\/tcrk-dz.com\/eCatalog\/wp-json\/wp\/v2\/product_cat?post=16400"},{"taxonomy":"product_tag","embeddable":true,"href":"https:\/\/tcrk-dz.com\/eCatalog\/wp-json\/wp\/v2\/product_tag?post=16400"}],"curies":[{"name":"wp","href":"https:\/\/api.w.org\/{rel}","templated":true}]}}