{"id":16397,"date":"2025-09-30T23:27:52","date_gmt":"2025-09-30T23:27:52","guid":{"rendered":"https:\/\/tcrk-dz.com\/eCatalog\/?post_type=product&#038;p=16397"},"modified":"2025-10-02T13:06:40","modified_gmt":"2025-10-02T13:06:40","slug":"hikvision-disque-dur-4tb","status":"publish","type":"product","link":"https:\/\/tcrk-dz.com\/eCatalog\/produit\/hikvision-disque-dur-4tb\/","title":{"rendered":"HIKVISION Disque Dur 4TB"},"content":{"rendered":"<p><span data-sheets-root=\"1\">&#8211; Le Disque Dur HIKVISION DS40HKVS-VX1 4 To 3.5\u2033 est con\u00e7u sp\u00e9cifiquement pour les syst\u00e8mes de vid\u00e9osurveillance haute performance. <\/span><\/p>\n<p><span data-sheets-root=\"1\">&#8211; Ce disque dur de 4 To offre un stockage fiable pour les vid\u00e9osurveillance 24\/7 et supporte des enregistrements haute d\u00e9finition de plusieurs cam\u00e9ras. <\/span><\/p>\n<p><span data-sheets-root=\"1\">&#8211; Avec une capacit\u00e9 de 4 To, il est id\u00e9al pour les syst\u00e8mes de vid\u00e9osurveillance n\u00e9cessitant un stockage constant et une r\u00e9cup\u00e9ration rapide des donn\u00e9es. <\/span><\/p>\n<p><span data-sheets-root=\"1\">&#8211; Profitez d\u2019une utilisation sans interruption gr\u00e2ce \u00e0 sa robustesse et sa performance optimis\u00e9e pour des enregistrements continus.<\/span><\/p>\n","protected":false},"excerpt":{"rendered":"<p>&#8211; Le Disque Dur HIKVISION DS40HKVS-VX1 4 To 3.5\u2033 est con\u00e7u sp\u00e9cifiquement pour les syst\u00e8mes de vid\u00e9osurveillance haute performance. &#8211;<\/p>\n","protected":false},"featured_media":16398,"comment_status":"open","ping_status":"closed","template":"","meta":{"inline_featured_image":false},"product_brand":[215],"product_cat":[225],"product_tag":[],"class_list":{"0":"post-16397","1":"product","2":"type-product","3":"status-publish","4":"has-post-thumbnail","6":"product_brand-hikvision","7":"product_cat-stockage","8":"pa_brand-hikvision","9":"pa_model-hdd","11":"first","12":"instock","13":"shipping-taxable","14":"product-type-simple"},"_links":{"self":[{"href":"https:\/\/tcrk-dz.com\/eCatalog\/wp-json\/wp\/v2\/product\/16397","targetHints":{"allow":["GET"]}}],"collection":[{"href":"https:\/\/tcrk-dz.com\/eCatalog\/wp-json\/wp\/v2\/product"}],"about":[{"href":"https:\/\/tcrk-dz.com\/eCatalog\/wp-json\/wp\/v2\/types\/product"}],"replies":[{"embeddable":true,"href":"https:\/\/tcrk-dz.com\/eCatalog\/wp-json\/wp\/v2\/comments?post=16397"}],"version-history":[{"count":0,"href":"https:\/\/tcrk-dz.com\/eCatalog\/wp-json\/wp\/v2\/product\/16397\/revisions"}],"wp:featuredmedia":[{"embeddable":true,"href":"https:\/\/tcrk-dz.com\/eCatalog\/wp-json\/wp\/v2\/media\/16398"}],"wp:attachment":[{"href":"https:\/\/tcrk-dz.com\/eCatalog\/wp-json\/wp\/v2\/media?parent=16397"}],"wp:term":[{"taxonomy":"product_brand","embeddable":true,"href":"https:\/\/tcrk-dz.com\/eCatalog\/wp-json\/wp\/v2\/product_brand?post=16397"},{"taxonomy":"product_cat","embeddable":true,"href":"https:\/\/tcrk-dz.com\/eCatalog\/wp-json\/wp\/v2\/product_cat?post=16397"},{"taxonomy":"product_tag","embeddable":true,"href":"https:\/\/tcrk-dz.com\/eCatalog\/wp-json\/wp\/v2\/product_tag?post=16397"}],"curies":[{"name":"wp","href":"https:\/\/api.w.org\/{rel}","templated":true}]}}