{"id":16392,"date":"2025-09-30T23:23:14","date_gmt":"2025-09-30T23:23:14","guid":{"rendered":"https:\/\/tcrk-dz.com\/eCatalog\/?post_type=product&#038;p=16392"},"modified":"2025-09-30T23:23:14","modified_gmt":"2025-09-30T23:23:14","slug":"hikvision-alarm-kit-sans-fil","status":"publish","type":"product","link":"https:\/\/tcrk-dz.com\/eCatalog\/produit\/hikvision-alarm-kit-sans-fil\/","title":{"rendered":"HIKVISION Alarm KIT Sans Fil"},"content":{"rendered":"<p><span data-sheets-root=\"1\">&#8211; La centrale d&rsquo;alarme connect\u00e9e Hikvision AX PRO vous prot\u00e8ge contre les risques de cambriolage, d&rsquo;incendie et d&rsquo;inondation. <\/span><\/p>\n<p><span data-sheets-root=\"1\">&#8211; Cette alarme sans fil est un syst\u00e8me de s\u00e9curit\u00e9 complet : Intrusion, v\u00e9rification vid\u00e9o, d\u00e9tection de feu, d\u00e9tection d&rsquo;inondation et automatisation qui embarque les toutes derni\u00e8res technologies Hikvision (longue distance jusqu&rsquo;\u00e0 2000m, protocole sans fil nouvelle g\u00e9n\u00e9ration, d\u00e9tecteur avec cam\u00e9ra int\u00e9gr\u00e9e, etc.).<\/span><\/p>\n","protected":false},"excerpt":{"rendered":"<p>&#8211; La centrale d&rsquo;alarme connect\u00e9e Hikvision AX PRO vous prot\u00e8ge contre les risques de cambriolage, d&rsquo;incendie et d&rsquo;inondation. &#8211; Cette<\/p>\n","protected":false},"featured_media":16394,"comment_status":"open","ping_status":"closed","template":"","meta":{"inline_featured_image":false},"product_brand":[215],"product_cat":[212],"product_tag":[],"class_list":{"0":"post-16392","1":"product","2":"type-product","3":"status-publish","4":"has-post-thumbnail","6":"product_brand-hikvision","7":"product_cat-alarm","8":"pa_brand-hikvision","9":"pa_model-wireless-alarm","11":"first","12":"instock","13":"shipping-taxable","14":"product-type-simple"},"_links":{"self":[{"href":"https:\/\/tcrk-dz.com\/eCatalog\/wp-json\/wp\/v2\/product\/16392","targetHints":{"allow":["GET"]}}],"collection":[{"href":"https:\/\/tcrk-dz.com\/eCatalog\/wp-json\/wp\/v2\/product"}],"about":[{"href":"https:\/\/tcrk-dz.com\/eCatalog\/wp-json\/wp\/v2\/types\/product"}],"replies":[{"embeddable":true,"href":"https:\/\/tcrk-dz.com\/eCatalog\/wp-json\/wp\/v2\/comments?post=16392"}],"version-history":[{"count":0,"href":"https:\/\/tcrk-dz.com\/eCatalog\/wp-json\/wp\/v2\/product\/16392\/revisions"}],"wp:featuredmedia":[{"embeddable":true,"href":"https:\/\/tcrk-dz.com\/eCatalog\/wp-json\/wp\/v2\/media\/16394"}],"wp:attachment":[{"href":"https:\/\/tcrk-dz.com\/eCatalog\/wp-json\/wp\/v2\/media?parent=16392"}],"wp:term":[{"taxonomy":"product_brand","embeddable":true,"href":"https:\/\/tcrk-dz.com\/eCatalog\/wp-json\/wp\/v2\/product_brand?post=16392"},{"taxonomy":"product_cat","embeddable":true,"href":"https:\/\/tcrk-dz.com\/eCatalog\/wp-json\/wp\/v2\/product_cat?post=16392"},{"taxonomy":"product_tag","embeddable":true,"href":"https:\/\/tcrk-dz.com\/eCatalog\/wp-json\/wp\/v2\/product_tag?post=16392"}],"curies":[{"name":"wp","href":"https:\/\/api.w.org\/{rel}","templated":true}]}}