{"id":16386,"date":"2025-09-30T23:16:10","date_gmt":"2025-09-30T23:16:10","guid":{"rendered":"https:\/\/tcrk-dz.com\/eCatalog\/?post_type=product&#038;p=16386"},"modified":"2025-09-30T23:16:10","modified_gmt":"2025-09-30T23:16:10","slug":"dahua-alarm-clavier-sans-fil","status":"publish","type":"product","link":"https:\/\/tcrk-dz.com\/eCatalog\/produit\/dahua-alarm-clavier-sans-fil\/","title":{"rendered":"Dahua Alarm Clavier sans Fil"},"content":{"rendered":"<p><span data-sheets-root=\"1\">&#8211; Le clavier sans fil est utilis\u00e9 avec la centrale d\u2019alarme et prend en charge plusieurs utilisateurs, permettant \u00e0 chacun d\u2019acc\u00e9der au syst\u00e8me d\u2019alarme et de s\u00e9curit\u00e9 avec son propre code priv\u00e9. <\/span><\/p>\n<p><span data-sheets-root=\"1\">&#8211; Le syst\u00e8me conserve \u00e9galement de mani\u00e8re pratique un journal des op\u00e9rations effectu\u00e9es par chaque utilisateur, ce qui facilite l\u2019examen et l\u2019analyse de l\u2019historique d\u2019utilisation.<\/span><\/p>\n","protected":false},"excerpt":{"rendered":"<p>&#8211; Le clavier sans fil est utilis\u00e9 avec la centrale d\u2019alarme et prend en charge plusieurs utilisateurs, permettant \u00e0 chacun<\/p>\n","protected":false},"featured_media":16388,"comment_status":"open","ping_status":"closed","template":"","meta":{"inline_featured_image":false},"product_brand":[76],"product_cat":[212],"product_tag":[],"class_list":{"0":"post-16386","1":"product","2":"type-product","3":"status-publish","4":"has-post-thumbnail","6":"product_brand-dahua","7":"product_cat-alarm","8":"pa_brand-dahua","9":"pa_model-wireless-alarm","11":"first","12":"instock","13":"shipping-taxable","14":"product-type-simple"},"_links":{"self":[{"href":"https:\/\/tcrk-dz.com\/eCatalog\/wp-json\/wp\/v2\/product\/16386","targetHints":{"allow":["GET"]}}],"collection":[{"href":"https:\/\/tcrk-dz.com\/eCatalog\/wp-json\/wp\/v2\/product"}],"about":[{"href":"https:\/\/tcrk-dz.com\/eCatalog\/wp-json\/wp\/v2\/types\/product"}],"replies":[{"embeddable":true,"href":"https:\/\/tcrk-dz.com\/eCatalog\/wp-json\/wp\/v2\/comments?post=16386"}],"version-history":[{"count":0,"href":"https:\/\/tcrk-dz.com\/eCatalog\/wp-json\/wp\/v2\/product\/16386\/revisions"}],"wp:featuredmedia":[{"embeddable":true,"href":"https:\/\/tcrk-dz.com\/eCatalog\/wp-json\/wp\/v2\/media\/16388"}],"wp:attachment":[{"href":"https:\/\/tcrk-dz.com\/eCatalog\/wp-json\/wp\/v2\/media?parent=16386"}],"wp:term":[{"taxonomy":"product_brand","embeddable":true,"href":"https:\/\/tcrk-dz.com\/eCatalog\/wp-json\/wp\/v2\/product_brand?post=16386"},{"taxonomy":"product_cat","embeddable":true,"href":"https:\/\/tcrk-dz.com\/eCatalog\/wp-json\/wp\/v2\/product_cat?post=16386"},{"taxonomy":"product_tag","embeddable":true,"href":"https:\/\/tcrk-dz.com\/eCatalog\/wp-json\/wp\/v2\/product_tag?post=16386"}],"curies":[{"name":"wp","href":"https:\/\/api.w.org\/{rel}","templated":true}]}}