{"id":16375,"date":"2025-09-30T23:05:26","date_gmt":"2025-09-30T23:05:26","guid":{"rendered":"https:\/\/tcrk-dz.com\/eCatalog\/?post_type=product&#038;p=16375"},"modified":"2025-09-30T23:05:26","modified_gmt":"2025-09-30T23:05:26","slug":"dahua-alarm-detecteur-dinondation-sans-fil","status":"publish","type":"product","link":"https:\/\/tcrk-dz.com\/eCatalog\/produit\/dahua-alarm-detecteur-dinondation-sans-fil\/","title":{"rendered":"Dahua Alarm Detecteur d&rsquo;Inondation Sans Fil"},"content":{"rendered":"<p><span data-sheets-root=\"1\">&#8211; Le d\u00e9tecteur de fuite d\u2019eau sans fil permet de d\u00e9tecter les fuites d\u2019eau dans les tuyaux int\u00e9rieurs, les baignoires, les \u00e9viers, les lave-linges et les lave-vaisselle. <\/span><\/p>\n<p><span data-sheets-root=\"1\">&#8211; Il d\u00e9clenche des alarmes et envoie des notifications opportunes pour vous informer des \u00e9v\u00e9nements en cours. <\/span><\/p>\n<p><span data-sheets-root=\"1\">&#8211; Facile \u00e0 installer, il ne n\u00e9cessite pas de c\u00e2blage. <\/span><\/p>\n<p><span data-sheets-root=\"1\">&#8211; Il assure \u00e9galement la s\u00e9curit\u00e9 des communications, en prenant en charge la communication sans fil avec une technologie de chiffrement.<\/span><\/p>\n","protected":false},"excerpt":{"rendered":"<p>&#8211; Le d\u00e9tecteur de fuite d\u2019eau sans fil permet de d\u00e9tecter les fuites d\u2019eau dans les tuyaux int\u00e9rieurs, les baignoires,<\/p>\n","protected":false},"featured_media":16377,"comment_status":"open","ping_status":"closed","template":"","meta":{"inline_featured_image":false},"product_brand":[76],"product_cat":[212],"product_tag":[],"class_list":{"0":"post-16375","1":"product","2":"type-product","3":"status-publish","4":"has-post-thumbnail","6":"product_brand-dahua","7":"product_cat-alarm","8":"pa_brand-dahua","9":"pa_model-smok-alarm","11":"first","12":"instock","13":"shipping-taxable","14":"product-type-simple"},"_links":{"self":[{"href":"https:\/\/tcrk-dz.com\/eCatalog\/wp-json\/wp\/v2\/product\/16375","targetHints":{"allow":["GET"]}}],"collection":[{"href":"https:\/\/tcrk-dz.com\/eCatalog\/wp-json\/wp\/v2\/product"}],"about":[{"href":"https:\/\/tcrk-dz.com\/eCatalog\/wp-json\/wp\/v2\/types\/product"}],"replies":[{"embeddable":true,"href":"https:\/\/tcrk-dz.com\/eCatalog\/wp-json\/wp\/v2\/comments?post=16375"}],"version-history":[{"count":0,"href":"https:\/\/tcrk-dz.com\/eCatalog\/wp-json\/wp\/v2\/product\/16375\/revisions"}],"wp:featuredmedia":[{"embeddable":true,"href":"https:\/\/tcrk-dz.com\/eCatalog\/wp-json\/wp\/v2\/media\/16377"}],"wp:attachment":[{"href":"https:\/\/tcrk-dz.com\/eCatalog\/wp-json\/wp\/v2\/media?parent=16375"}],"wp:term":[{"taxonomy":"product_brand","embeddable":true,"href":"https:\/\/tcrk-dz.com\/eCatalog\/wp-json\/wp\/v2\/product_brand?post=16375"},{"taxonomy":"product_cat","embeddable":true,"href":"https:\/\/tcrk-dz.com\/eCatalog\/wp-json\/wp\/v2\/product_cat?post=16375"},{"taxonomy":"product_tag","embeddable":true,"href":"https:\/\/tcrk-dz.com\/eCatalog\/wp-json\/wp\/v2\/product_tag?post=16375"}],"curies":[{"name":"wp","href":"https:\/\/api.w.org\/{rel}","templated":true}]}}