{"id":16369,"date":"2025-09-30T23:00:28","date_gmt":"2025-09-30T23:00:28","guid":{"rendered":"https:\/\/tcrk-dz.com\/eCatalog\/?post_type=product&#038;p=16369"},"modified":"2025-09-30T23:00:28","modified_gmt":"2025-09-30T23:00:28","slug":"dahua-alarm-detecteur-de-monoxyde-de-carbone-interconnecte-sans-fil","status":"publish","type":"product","link":"https:\/\/tcrk-dz.com\/eCatalog\/produit\/dahua-alarm-detecteur-de-monoxyde-de-carbone-interconnecte-sans-fil\/","title":{"rendered":"Dahua Alarm D\u00e9tecteur de monoxyde de carbone interconnect\u00e9 sans fil"},"content":{"rendered":"<p>&#8211; Le d\u00e9tecteur de monoxyde de carbone interconnect\u00e9 sans fil est con\u00e7u pour surveiller en continu la concentration de monoxyde de carbone.<\/p>\n<p>&#8211; Gr\u00e2ce \u00e0 une technologie \u00e9lectrique avanc\u00e9e et \u00e0 un buzzer puissant int\u00e9gr\u00e9, il r\u00e9agit rapidement et offre une grande sensibilit\u00e9, des performances stables et un faible taux de fausses alarmes.<\/p>\n<p>&#8211; D\u00e8s que la concentration de CO environnante atteint le seuil d&rsquo;alarme, il \u00e9met imm\u00e9diatement un signal sonore et visuel pour rappeler \u00e0 l&rsquo;utilisateur d&rsquo;agir imm\u00e9diatement.<\/p>\n<p>&#8211; De plus, le signal est transmis \u00e0 tous les d\u00e9tecteurs du r\u00e9seau interconnect\u00e9, qui d\u00e9clenchent l&rsquo;alarme simultan\u00e9ment.<\/p>\n","protected":false},"excerpt":{"rendered":"<p>&#8211; Le d\u00e9tecteur de monoxyde de carbone interconnect\u00e9 sans fil est con\u00e7u pour surveiller en continu la concentration de monoxyde<\/p>\n","protected":false},"featured_media":16371,"comment_status":"open","ping_status":"closed","template":"","meta":{"inline_featured_image":false},"product_brand":[76],"product_cat":[212],"product_tag":[],"class_list":{"0":"post-16369","1":"product","2":"type-product","3":"status-publish","4":"has-post-thumbnail","6":"product_brand-dahua","7":"product_cat-alarm","8":"pa_brand-dahua","9":"pa_model-smok-alarm","11":"first","12":"instock","13":"shipping-taxable","14":"product-type-simple"},"_links":{"self":[{"href":"https:\/\/tcrk-dz.com\/eCatalog\/wp-json\/wp\/v2\/product\/16369","targetHints":{"allow":["GET"]}}],"collection":[{"href":"https:\/\/tcrk-dz.com\/eCatalog\/wp-json\/wp\/v2\/product"}],"about":[{"href":"https:\/\/tcrk-dz.com\/eCatalog\/wp-json\/wp\/v2\/types\/product"}],"replies":[{"embeddable":true,"href":"https:\/\/tcrk-dz.com\/eCatalog\/wp-json\/wp\/v2\/comments?post=16369"}],"version-history":[{"count":0,"href":"https:\/\/tcrk-dz.com\/eCatalog\/wp-json\/wp\/v2\/product\/16369\/revisions"}],"wp:featuredmedia":[{"embeddable":true,"href":"https:\/\/tcrk-dz.com\/eCatalog\/wp-json\/wp\/v2\/media\/16371"}],"wp:attachment":[{"href":"https:\/\/tcrk-dz.com\/eCatalog\/wp-json\/wp\/v2\/media?parent=16369"}],"wp:term":[{"taxonomy":"product_brand","embeddable":true,"href":"https:\/\/tcrk-dz.com\/eCatalog\/wp-json\/wp\/v2\/product_brand?post=16369"},{"taxonomy":"product_cat","embeddable":true,"href":"https:\/\/tcrk-dz.com\/eCatalog\/wp-json\/wp\/v2\/product_cat?post=16369"},{"taxonomy":"product_tag","embeddable":true,"href":"https:\/\/tcrk-dz.com\/eCatalog\/wp-json\/wp\/v2\/product_tag?post=16369"}],"curies":[{"name":"wp","href":"https:\/\/api.w.org\/{rel}","templated":true}]}}