{"id":16366,"date":"2025-09-30T22:47:48","date_gmt":"2025-09-30T22:47:48","guid":{"rendered":"https:\/\/tcrk-dz.com\/eCatalog\/?post_type=product&#038;p=16366"},"modified":"2025-09-30T22:47:48","modified_gmt":"2025-09-30T22:47:48","slug":"dahua-alarm-detecteur-de-fumee-autonome-sans-fil","status":"publish","type":"product","link":"https:\/\/tcrk-dz.com\/eCatalog\/produit\/dahua-alarm-detecteur-de-fumee-autonome-sans-fil\/","title":{"rendered":"Dahua Alarm D\u00e9tecteur de fum\u00e9e autonome sans-fil"},"content":{"rendered":"<p><span data-sheets-root=\"1\">Le d\u00e9tecteur de fum\u00e9e autonome sans-fil Dahua HY-SA30A-R8 est un dispositif de s\u00e9curit\u00e9 avanc\u00e9 dot\u00e9 d\u2019une technologie de capteur \u00e0 spectre divis\u00e9. <\/span><\/p>\n<p><span data-sheets-root=\"1\">&#8211; Il offre une d\u00e9tection rapide et pr\u00e9cise de la fum\u00e9e, \u00e9mettant une alarme puissante de plus de 85 dB(A) \u00e0 3 m\u00e8tres. <\/span><\/p>\n<p><span data-sheets-root=\"1\">&#8211; Avec des fonctionnalit\u00e9s telles que le test et le silence en un seul bouton, une faible consommation de courant et une installation facile gr\u00e2ce \u00e0 sa batterie int\u00e9gr\u00e9e, il constitue un choix fiable pour la protection contre les incendies. <\/span><\/p>\n<p><span data-sheets-root=\"1\">&#8211; De plus, il peut \u00eatre interconnect\u00e9 sans fil avec jusqu\u2019\u00e0 24 autres appareils, renfor\u00e7ant ainsi la s\u00e9curit\u00e9 globale.<\/span><\/p>\n","protected":false},"excerpt":{"rendered":"<p>Le d\u00e9tecteur de fum\u00e9e autonome sans-fil Dahua HY-SA30A-R8 est un dispositif de s\u00e9curit\u00e9 avanc\u00e9 dot\u00e9 d\u2019une technologie de capteur \u00e0<\/p>\n","protected":false},"featured_media":16362,"comment_status":"open","ping_status":"closed","template":"","meta":{"inline_featured_image":false},"product_brand":[76],"product_cat":[212],"product_tag":[],"class_list":{"0":"post-16366","1":"product","2":"type-product","3":"status-publish","4":"has-post-thumbnail","6":"product_brand-dahua","7":"product_cat-alarm","8":"pa_brand-dahua","9":"pa_model-smok-alarm","11":"first","12":"instock","13":"shipping-taxable","14":"product-type-simple"},"_links":{"self":[{"href":"https:\/\/tcrk-dz.com\/eCatalog\/wp-json\/wp\/v2\/product\/16366","targetHints":{"allow":["GET"]}}],"collection":[{"href":"https:\/\/tcrk-dz.com\/eCatalog\/wp-json\/wp\/v2\/product"}],"about":[{"href":"https:\/\/tcrk-dz.com\/eCatalog\/wp-json\/wp\/v2\/types\/product"}],"replies":[{"embeddable":true,"href":"https:\/\/tcrk-dz.com\/eCatalog\/wp-json\/wp\/v2\/comments?post=16366"}],"version-history":[{"count":0,"href":"https:\/\/tcrk-dz.com\/eCatalog\/wp-json\/wp\/v2\/product\/16366\/revisions"}],"wp:featuredmedia":[{"embeddable":true,"href":"https:\/\/tcrk-dz.com\/eCatalog\/wp-json\/wp\/v2\/media\/16362"}],"wp:attachment":[{"href":"https:\/\/tcrk-dz.com\/eCatalog\/wp-json\/wp\/v2\/media?parent=16366"}],"wp:term":[{"taxonomy":"product_brand","embeddable":true,"href":"https:\/\/tcrk-dz.com\/eCatalog\/wp-json\/wp\/v2\/product_brand?post=16366"},{"taxonomy":"product_cat","embeddable":true,"href":"https:\/\/tcrk-dz.com\/eCatalog\/wp-json\/wp\/v2\/product_cat?post=16366"},{"taxonomy":"product_tag","embeddable":true,"href":"https:\/\/tcrk-dz.com\/eCatalog\/wp-json\/wp\/v2\/product_tag?post=16366"}],"curies":[{"name":"wp","href":"https:\/\/api.w.org\/{rel}","templated":true}]}}