{"id":16346,"date":"2025-09-30T20:05:07","date_gmt":"2025-09-30T20:05:07","guid":{"rendered":"https:\/\/tcrk-dz.com\/eCatalog\/?post_type=product&#038;p=16346"},"modified":"2025-09-30T20:05:07","modified_gmt":"2025-09-30T20:05:07","slug":"dahua-alarm-camera-pir-externe-sans-fil-algerie-dz-tcrk-hamiz","status":"publish","type":"product","link":"https:\/\/tcrk-dz.com\/eCatalog\/produit\/dahua-alarm-camera-pir-externe-sans-fil-algerie-dz-tcrk-hamiz\/","title":{"rendered":"Dahua Alarm Cam\u00e9ra PIR externe sans fil"},"content":{"rendered":"<p><span data-sheets-root=\"1\">\u00b7 Fonction de d\u00e9tection de masquage. <\/span><\/p>\n<p><span data-sheets-root=\"1\">\u00b7 La d\u00e9tection de mouvement emp\u00eache le d\u00e9placement ou le d\u00e9tachement de l\u2019appareil par un individu. <\/span><\/p>\n<p><span data-sheets-root=\"1\">\u00b7 Fonction de v\u00e9rification vid\u00e9o. \u00b7 Plage de 15 m de l\u2019illuminateur infrarouge, la nuit. <\/span><\/p>\n<p><span data-sheets-root=\"1\">\u00b7 Immunit\u00e9 aux animaux domestiques : 80 cm, 40 kg max. <\/span><\/p>\n<p><span data-sheets-root=\"1\">\u00b7 Fonction de surveillance de la temp\u00e9rature ambiante. <\/span><\/p>\n<p><span data-sheets-root=\"1\">\u00b7 La communication bidirectionnelle et le saut de fr\u00e9quence garantissent une communication stable et fiable avec la centrale d\u2019alarme. <\/span><\/p>\n<p><span data-sheets-root=\"1\">\u00b7 Fonction de mise \u00e0 jour par cloud. Il est \u00e9galement possible de mettre \u00e0 jour l\u2019appareil \u00e0 distance \u00e0 partir de l\u2019application mobile. <\/span><\/p>\n<p><span data-sheets-root=\"1\">\u00b7 Ce produit offre un double syst\u00e8me de sauvegarde et utilise la r\u00e9cup\u00e9ration automatique en cas d\u2019\u00e9chec d\u2019une mise \u00e0 jour.<\/span><\/p>\n","protected":false},"excerpt":{"rendered":"<p>\u00b7 Fonction de d\u00e9tection de masquage. \u00b7 La d\u00e9tection de mouvement emp\u00eache le d\u00e9placement ou le d\u00e9tachement de l\u2019appareil par<\/p>\n","protected":false},"featured_media":16348,"comment_status":"open","ping_status":"closed","template":"","meta":{"inline_featured_image":false},"product_brand":[76],"product_cat":[212],"product_tag":[],"class_list":{"0":"post-16346","1":"product","2":"type-product","3":"status-publish","4":"has-post-thumbnail","6":"product_brand-dahua","7":"product_cat-alarm","8":"pa_brand-dahua","9":"pa_model-wireless-alarm","11":"first","12":"instock","13":"shipping-taxable","14":"product-type-simple"},"_links":{"self":[{"href":"https:\/\/tcrk-dz.com\/eCatalog\/wp-json\/wp\/v2\/product\/16346","targetHints":{"allow":["GET"]}}],"collection":[{"href":"https:\/\/tcrk-dz.com\/eCatalog\/wp-json\/wp\/v2\/product"}],"about":[{"href":"https:\/\/tcrk-dz.com\/eCatalog\/wp-json\/wp\/v2\/types\/product"}],"replies":[{"embeddable":true,"href":"https:\/\/tcrk-dz.com\/eCatalog\/wp-json\/wp\/v2\/comments?post=16346"}],"version-history":[{"count":0,"href":"https:\/\/tcrk-dz.com\/eCatalog\/wp-json\/wp\/v2\/product\/16346\/revisions"}],"wp:featuredmedia":[{"embeddable":true,"href":"https:\/\/tcrk-dz.com\/eCatalog\/wp-json\/wp\/v2\/media\/16348"}],"wp:attachment":[{"href":"https:\/\/tcrk-dz.com\/eCatalog\/wp-json\/wp\/v2\/media?parent=16346"}],"wp:term":[{"taxonomy":"product_brand","embeddable":true,"href":"https:\/\/tcrk-dz.com\/eCatalog\/wp-json\/wp\/v2\/product_brand?post=16346"},{"taxonomy":"product_cat","embeddable":true,"href":"https:\/\/tcrk-dz.com\/eCatalog\/wp-json\/wp\/v2\/product_cat?post=16346"},{"taxonomy":"product_tag","embeddable":true,"href":"https:\/\/tcrk-dz.com\/eCatalog\/wp-json\/wp\/v2\/product_tag?post=16346"}],"curies":[{"name":"wp","href":"https:\/\/api.w.org\/{rel}","templated":true}]}}