{"id":16331,"date":"2025-09-30T19:52:54","date_gmt":"2025-09-30T19:52:54","guid":{"rendered":"https:\/\/tcrk-dz.com\/eCatalog\/?post_type=product&#038;p=16331"},"modified":"2025-09-30T19:52:54","modified_gmt":"2025-09-30T19:52:54","slug":"dahua-alarm-detecteur-externe-sans-fil-triple-technologie-algerie-dz-tcrk-hamiz","status":"publish","type":"product","link":"https:\/\/tcrk-dz.com\/eCatalog\/produit\/dahua-alarm-detecteur-externe-sans-fil-triple-technologie-algerie-dz-tcrk-hamiz\/","title":{"rendered":"Dahua Alarm D\u00e9tecteur externe sans fil triple technologie"},"content":{"rendered":"<p><span data-sheets-root=\"1\">\u00c9quip\u00e9 d&rsquo;une technologie avanc\u00e9e et d&rsquo;un buzzer puissant int\u00e9gr\u00e9, il r\u00e9agit rapidement et est tr\u00e8s sensible, avec des performances stables et un faible taux de fausses alarmes. D\u00e8s que la concentration de CO environnante atteint le seuil, il envoie imm\u00e9diatement une alarme sonore et visuelle pour rappeler \u00e0 l&rsquo;utilisateur d&rsquo;agir imm\u00e9diatement. De plus, le signal d&rsquo;alarme est transmis \u00e0 tous les appareils du r\u00e9seau interconnect\u00e9, qui d\u00e9clenchent l&rsquo;alarme \u00e0 l&rsquo;unisson.<\/span><\/p>\n","protected":false},"excerpt":{"rendered":"<p>\u00c9quip\u00e9 d&rsquo;une technologie avanc\u00e9e et d&rsquo;un buzzer puissant int\u00e9gr\u00e9, il r\u00e9agit rapidement et est tr\u00e8s sensible, avec des performances stables<\/p>\n","protected":false},"featured_media":16334,"comment_status":"open","ping_status":"closed","template":"","meta":{"inline_featured_image":false},"product_brand":[76],"product_cat":[212],"product_tag":[],"class_list":{"0":"post-16331","1":"product","2":"type-product","3":"status-publish","4":"has-post-thumbnail","6":"product_brand-dahua","7":"product_cat-alarm","8":"pa_brand-dahua","9":"pa_model-wireless-alarm","11":"first","12":"instock","13":"shipping-taxable","14":"product-type-simple"},"_links":{"self":[{"href":"https:\/\/tcrk-dz.com\/eCatalog\/wp-json\/wp\/v2\/product\/16331","targetHints":{"allow":["GET"]}}],"collection":[{"href":"https:\/\/tcrk-dz.com\/eCatalog\/wp-json\/wp\/v2\/product"}],"about":[{"href":"https:\/\/tcrk-dz.com\/eCatalog\/wp-json\/wp\/v2\/types\/product"}],"replies":[{"embeddable":true,"href":"https:\/\/tcrk-dz.com\/eCatalog\/wp-json\/wp\/v2\/comments?post=16331"}],"version-history":[{"count":0,"href":"https:\/\/tcrk-dz.com\/eCatalog\/wp-json\/wp\/v2\/product\/16331\/revisions"}],"wp:featuredmedia":[{"embeddable":true,"href":"https:\/\/tcrk-dz.com\/eCatalog\/wp-json\/wp\/v2\/media\/16334"}],"wp:attachment":[{"href":"https:\/\/tcrk-dz.com\/eCatalog\/wp-json\/wp\/v2\/media?parent=16331"}],"wp:term":[{"taxonomy":"product_brand","embeddable":true,"href":"https:\/\/tcrk-dz.com\/eCatalog\/wp-json\/wp\/v2\/product_brand?post=16331"},{"taxonomy":"product_cat","embeddable":true,"href":"https:\/\/tcrk-dz.com\/eCatalog\/wp-json\/wp\/v2\/product_cat?post=16331"},{"taxonomy":"product_tag","embeddable":true,"href":"https:\/\/tcrk-dz.com\/eCatalog\/wp-json\/wp\/v2\/product_tag?post=16331"}],"curies":[{"name":"wp","href":"https:\/\/api.w.org\/{rel}","templated":true}]}}