{"id":16311,"date":"2025-09-30T19:35:41","date_gmt":"2025-09-30T19:35:41","guid":{"rendered":"https:\/\/tcrk-dz.com\/eCatalog\/?post_type=product&#038;p=16311"},"modified":"2025-09-30T19:35:41","modified_gmt":"2025-09-30T19:35:41","slug":"dahua-alarm-extenseur-dentree-sans-fil-algerie-dz-tcrk-hamiz","status":"publish","type":"product","link":"https:\/\/tcrk-dz.com\/eCatalog\/produit\/dahua-alarm-extenseur-dentree-sans-fil-algerie-dz-tcrk-hamiz\/","title":{"rendered":"Dahua Alarm Extenseur d\u2019entr\u00e9e sans fil"},"content":{"rendered":"<p><span data-sheets-root=\"1\">\u00b7 Six types d\u2019alarmes : intrusion, m\u00e9dicale, incendie, urgence, gaz et anti-sabotage. <\/span><\/p>\n<p><span data-sheets-root=\"1\">\u00b7 NC et NO sont disponibles pour les entr\u00e9es d\u2019alarme (NO par d\u00e9faut). <\/span><\/p>\n<p><span data-sheets-root=\"1\">\u00b7 D\u00e9tection de la force du signal. <\/span><\/p>\n<p><span data-sheets-root=\"1\">\u00b7 Alarme de batterie faible. <\/span><\/p>\n<p><span data-sheets-root=\"1\">\u00b7 Surveillance de la temp\u00e9rature. <\/span><\/p>\n<p><span data-sheets-root=\"1\">\u00b7 La fonction de saut de fr\u00e9quence et la technologie de communication bidirectionnelle assurent la stabilit\u00e9 de la communication. <\/span><\/p>\n<p><span data-sheets-root=\"1\">\u00b7 Mise \u00e0 jour \u00e0 partir du cloud et r\u00e9cup\u00e9ration automatique apr\u00e8s \u00e9chec de mise \u00e0 jour.<\/span><\/p>\n","protected":false},"excerpt":{"rendered":"<p>\u00b7 Six types d\u2019alarmes : intrusion, m\u00e9dicale, incendie, urgence, gaz et anti-sabotage. \u00b7 NC et NO sont disponibles pour les<\/p>\n","protected":false},"featured_media":16314,"comment_status":"open","ping_status":"closed","template":"","meta":{"inline_featured_image":false},"product_brand":[76],"product_cat":[212],"product_tag":[],"class_list":{"0":"post-16311","1":"product","2":"type-product","3":"status-publish","4":"has-post-thumbnail","6":"product_brand-dahua","7":"product_cat-alarm","8":"pa_brand-dahua","9":"pa_model-wireless-alarm","11":"first","12":"instock","13":"shipping-taxable","14":"product-type-simple"},"_links":{"self":[{"href":"https:\/\/tcrk-dz.com\/eCatalog\/wp-json\/wp\/v2\/product\/16311","targetHints":{"allow":["GET"]}}],"collection":[{"href":"https:\/\/tcrk-dz.com\/eCatalog\/wp-json\/wp\/v2\/product"}],"about":[{"href":"https:\/\/tcrk-dz.com\/eCatalog\/wp-json\/wp\/v2\/types\/product"}],"replies":[{"embeddable":true,"href":"https:\/\/tcrk-dz.com\/eCatalog\/wp-json\/wp\/v2\/comments?post=16311"}],"version-history":[{"count":0,"href":"https:\/\/tcrk-dz.com\/eCatalog\/wp-json\/wp\/v2\/product\/16311\/revisions"}],"wp:featuredmedia":[{"embeddable":true,"href":"https:\/\/tcrk-dz.com\/eCatalog\/wp-json\/wp\/v2\/media\/16314"}],"wp:attachment":[{"href":"https:\/\/tcrk-dz.com\/eCatalog\/wp-json\/wp\/v2\/media?parent=16311"}],"wp:term":[{"taxonomy":"product_brand","embeddable":true,"href":"https:\/\/tcrk-dz.com\/eCatalog\/wp-json\/wp\/v2\/product_brand?post=16311"},{"taxonomy":"product_cat","embeddable":true,"href":"https:\/\/tcrk-dz.com\/eCatalog\/wp-json\/wp\/v2\/product_cat?post=16311"},{"taxonomy":"product_tag","embeddable":true,"href":"https:\/\/tcrk-dz.com\/eCatalog\/wp-json\/wp\/v2\/product_tag?post=16311"}],"curies":[{"name":"wp","href":"https:\/\/api.w.org\/{rel}","templated":true}]}}