{"id":16281,"date":"2025-09-30T19:07:49","date_gmt":"2025-09-30T19:07:49","guid":{"rendered":"https:\/\/tcrk-dz.com\/eCatalog\/?post_type=product&#038;p=16281"},"modified":"2025-09-30T19:24:29","modified_gmt":"2025-09-30T19:24:29","slug":"dahua-alarme-detecteur-pir-sans-fil-algerie-dz-tcrk-hamiz","status":"publish","type":"product","link":"https:\/\/tcrk-dz.com\/eCatalog\/produit\/dahua-alarme-detecteur-pir-sans-fil-algerie-dz-tcrk-hamiz\/","title":{"rendered":"Dahua Alarm D\u00e9tecteur PIR sans fil"},"content":{"rendered":"<p><span data-sheets-root=\"1\">Fonction d\u2019immunit\u00e9 aux animaux domestiques. <\/span><\/p>\n<p><span data-sheets-root=\"1\">\u2022 Compensation automatique de temp\u00e9rature. <\/span><\/p>\n<p><span data-sheets-root=\"1\">\u2022 3 niveaux de sensibilit\u00e9. <\/span><\/p>\n<p><span data-sheets-root=\"1\">\u2022 D\u00e9tection de la force du signal. <\/span><\/p>\n<p><span data-sheets-root=\"1\">\u2022 Alarme de batterie faible. <\/span><\/p>\n<p><span data-sheets-root=\"1\">\u2022 Mesure de temp\u00e9rature. <\/span><\/p>\n<p><span data-sheets-root=\"1\">\u2022 La fonction de saut de fr\u00e9quence et la technologie de communication bidirectionnelle assurent la stabilit\u00e9 de la communication. <\/span><\/p>\n<p><span data-sheets-root=\"1\">\u2022 Mise \u00e0 jour \u00e0 partir du cloud et r\u00e9cup\u00e9ration automatique apr\u00e8s \u00e9chec de mise \u00e0 jour.<\/span><\/p>\n","protected":false},"excerpt":{"rendered":"<p>Fonction d\u2019immunit\u00e9 aux animaux domestiques. \u2022 Compensation automatique de temp\u00e9rature. \u2022 3 niveaux de sensibilit\u00e9. \u2022 D\u00e9tection de la force<\/p>\n","protected":false},"featured_media":16283,"comment_status":"open","ping_status":"closed","template":"","meta":{"inline_featured_image":false},"product_brand":[76],"product_cat":[212],"product_tag":[],"class_list":{"0":"post-16281","1":"product","2":"type-product","3":"status-publish","4":"has-post-thumbnail","6":"product_brand-dahua","7":"product_cat-alarm","8":"pa_brand-dahua","9":"pa_model-wireless-alarm","11":"first","12":"instock","13":"shipping-taxable","14":"product-type-simple"},"_links":{"self":[{"href":"https:\/\/tcrk-dz.com\/eCatalog\/wp-json\/wp\/v2\/product\/16281","targetHints":{"allow":["GET"]}}],"collection":[{"href":"https:\/\/tcrk-dz.com\/eCatalog\/wp-json\/wp\/v2\/product"}],"about":[{"href":"https:\/\/tcrk-dz.com\/eCatalog\/wp-json\/wp\/v2\/types\/product"}],"replies":[{"embeddable":true,"href":"https:\/\/tcrk-dz.com\/eCatalog\/wp-json\/wp\/v2\/comments?post=16281"}],"version-history":[{"count":0,"href":"https:\/\/tcrk-dz.com\/eCatalog\/wp-json\/wp\/v2\/product\/16281\/revisions"}],"wp:featuredmedia":[{"embeddable":true,"href":"https:\/\/tcrk-dz.com\/eCatalog\/wp-json\/wp\/v2\/media\/16283"}],"wp:attachment":[{"href":"https:\/\/tcrk-dz.com\/eCatalog\/wp-json\/wp\/v2\/media?parent=16281"}],"wp:term":[{"taxonomy":"product_brand","embeddable":true,"href":"https:\/\/tcrk-dz.com\/eCatalog\/wp-json\/wp\/v2\/product_brand?post=16281"},{"taxonomy":"product_cat","embeddable":true,"href":"https:\/\/tcrk-dz.com\/eCatalog\/wp-json\/wp\/v2\/product_cat?post=16281"},{"taxonomy":"product_tag","embeddable":true,"href":"https:\/\/tcrk-dz.com\/eCatalog\/wp-json\/wp\/v2\/product_tag?post=16281"}],"curies":[{"name":"wp","href":"https:\/\/api.w.org\/{rel}","templated":true}]}}